{"id":2181,"date":"2022-02-01T15:32:07","date_gmt":"2022-02-01T14:32:07","guid":{"rendered":"https:\/\/vectormm.nl\/allgemeine-geschaeftsbedingungen\/"},"modified":"2026-02-24T13:08:58","modified_gmt":"2026-02-24T12:08:58","slug":"allgemeine-geschaeftsbedingungen","status":"publish","type":"page","link":"https:\/\/vectormm.nl\/de\/allgemeine-geschaeftsbedingungen\/","title":{"rendered":"Allgemeine Gesch\u00e4ftsbedingungen"},"content":{"rendered":"<div id='av_section_1'  class='avia-section av-vr6u6-b63db0a82765695edd45f3fb44c451cf main_color avia-section-default avia-no-border-styling  avia-builder-el-0  el_before_av_section  avia-builder-el-first  inner-page-header avia-bg-style-scroll container_wrap fullsize'  ><div class='container av-section-cont-open' ><main  role=\"main\" itemprop=\"mainContentOfPage\"  class='template-page content  av-content-full alpha units'><div class='post-entry post-entry-type-page post-entry-2181'><div class='entry-content-wrapper clearfix'>\n\n<style type=\"text\/css\" data-created_by=\"avia_inline_auto\" id=\"style-css-av-sut4e-d814d7da5ad1ae945748a67fca194f7e\">\n.flex_column.av-sut4e-d814d7da5ad1ae945748a67fca194f7e{\n-webkit-border-radius:0px 0px 0px 0px;\n-moz-border-radius:0px 0px 0px 0px;\nborder-radius:0px 0px 0px 0px;\npadding:0px 0px 0px 0px;\n}\n<\/style>\n<div class='flex_column av-sut4e-d814d7da5ad1ae945748a67fca194f7e av_one_full  avia-builder-el-1  avia-builder-el-no-sibling  first flex_column_div av-zero-column-padding '     ><style type=\"text\/css\" data-created_by=\"avia_inline_auto\" id=\"style-css-av-ivk92-766ec217604819543162a04d6021a98b\">\n#top .av-special-heading.av-ivk92-766ec217604819543162a04d6021a98b{\npadding-bottom:10px;\n}\nbody .av-special-heading.av-ivk92-766ec217604819543162a04d6021a98b .av-special-heading-tag .heading-char{\nfont-size:25px;\n}\n.av-special-heading.av-ivk92-766ec217604819543162a04d6021a98b .av-subheading{\nfont-size:15px;\n}\n<\/style>\n<div  class='av-special-heading av-ivk92-766ec217604819543162a04d6021a98b av-special-heading-h1 blockquote modern-quote modern-centered  avia-builder-el-2  avia-builder-el-no-sibling '><h1 class='av-special-heading-tag'  itemprop=\"headline\"  >Allgemeine Gesch\u00e4ftsbedingungen (AGB)<\/h1><div class=\"special-heading-border\"><div class=\"special-heading-inner-border\"><\/div><\/div><\/div><\/div>\n\n<\/div><\/div><\/main><!-- close content main element --><\/div><\/div><div id='av_section_2'  class='avia-section av-cop3q-775fb0b87742f781948d7796460a9242 main_color avia-section-default avia-no-border-styling  avia-builder-el-3  el_after_av_section  avia-builder-el-last  page-section pt-0 avia-bg-style-scroll container_wrap fullsize'  ><div class='container av-section-cont-open' ><div class='template-page content  av-content-full alpha units'><div class='post-entry post-entry-type-page post-entry-2181'><div class='entry-content-wrapper clearfix'>\n\n<style type=\"text\/css\" data-created_by=\"avia_inline_auto\" id=\"style-css-av-kz4a4yb6-dd9d8843f2c2554d00a4f081dc63d9f2\">\n#top .hr.hr-invisible.av-kz4a4yb6-dd9d8843f2c2554d00a4f081dc63d9f2{\nheight:50px;\n}\n<\/style>\n<div  class='hr av-kz4a4yb6-dd9d8843f2c2554d00a4f081dc63d9f2 hr-invisible  avia-builder-el-4  el_before_av_one_full  avia-builder-el-first '><span class='hr-inner '><span class=\"hr-inner-style\"><\/span><\/span><\/div>\n\n<style type=\"text\/css\" data-created_by=\"avia_inline_auto\" id=\"style-css-av-81yse-53428ef8d3286578205f7a414550cd25\">\n.flex_column.av-81yse-53428ef8d3286578205f7a414550cd25{\n-webkit-border-radius:0px 0px 0px 0px;\n-moz-border-radius:0px 0px 0px 0px;\nborder-radius:0px 0px 0px 0px;\npadding:0px 0px 0px 0px;\n}\n<\/style>\n<div class='flex_column av-81yse-53428ef8d3286578205f7a414550cd25 av_one_full  avia-builder-el-5  el_after_av_hr  avia-builder-el-last  first flex_column_div av-zero-column-padding '     ><section  class='av_textblock_section av-kz4a4any-944e7dd6c1c48512a8426086c3306c9e'  itemscope=\"itemscope\" itemtype=\"https:\/\/schema.org\/CreativeWork\" ><div class='avia_textblock'  itemprop=\"text\" ><p class=\"x_xmsonormal\"><b>Allgemeine Gesch\u00e4ftsbedingungen (AGB)<\/b><\/p>\n<p class=\"x_xmsonormal\">f\u00fcr industrielle Instandhaltungs- und Engineering-Leistungen<br \/>\nder Vector Maintenance Management B.V.<\/p>\n<p class=\"x_xmsonormal\">Stand: Februar 2026<\/p>\n<p class=\"x_xmsonormal\">Diese Allgemeinen Gesch\u00e4ftsbedingungen gelten ausschlie\u00dflich gegen\u00fcber Unternehmern im Sinne des \u00a7 14 BGB.<\/p>\n<div>\n<div class=\"x_MsoNormal\" align=\"center\">\n<hr align=\"center\" size=\"2\" width=\"100%\" data-ogsc=\"\" \/>\n<\/div>\n<\/div>\n<p class=\"x_xmsonormal\"><b>\u00a71 Geltungsbereich<\/b><\/p>\n<p class=\"x_xmsonormal\">1.\u00a0\u00a0\u00a0\u00a0\u00a0\u00a0\u00a0\u00a0Diese AGB gelten f\u00fcr s\u00e4mtliche Instandhaltungs-, Engineering-, Beratungs-, Projektmanagement-, Software- und technischen Dienstleistungen von Vector Maintenance Management B.V. (nachfolgend \u201eVectorMM\u201c).<\/p>\n<p class=\"x_xmsonormal\">2.\u00a0\u00a0\u00a0\u00a0\u00a0\u00a0\u00a0\u00a0Entgegenstehende Bedingungen des Auftraggebers finden keine Anwendung.<\/p>\n<p class=\"x_xmsonormal\">3.\u00a0\u00a0\u00a0\u00a0\u00a0\u00a0\u00a0\u00a0Diese AGB gelten auch f\u00fcr zuk\u00fcnftige Projekte.<\/p>\n<div>\n<div class=\"x_MsoNormal\" align=\"center\">\n<hr align=\"center\" size=\"2\" width=\"100%\" data-ogsc=\"\" \/>\n<\/div>\n<\/div>\n<p class=\"x_xmsonormal\"><b>\u00a72 Vertragsart<\/b><\/p>\n<p class=\"x_xmsonormal\">Je nach Projekt handelt es sich um:<\/p>\n<p class=\"x_xmsonormal\">\u00b7\u00a0\u00a0\u00a0\u00a0\u00a0\u00a0\u00a0\u00a0Dienstvertrag (\u00a7 611 BGB),<\/p>\n<p class=\"x_xmsonormal\">\u00b7\u00a0\u00a0\u00a0\u00a0\u00a0\u00a0\u00a0\u00a0Werkvertrag (\u00a7 631 BGB),<\/p>\n<p class=\"x_xmsonormal\">\u00b7\u00a0\u00a0\u00a0\u00a0\u00a0\u00a0\u00a0\u00a0oder eine kombinierte Vertragsform.<\/p>\n<p class=\"x_xmsonormal\">Die Einordnung ergibt sich aus dem jeweiligen Vertrag.<\/p>\n<div>\n<div class=\"x_MsoNormal\" align=\"center\">\n<hr align=\"center\" size=\"2\" width=\"100%\" data-ogsc=\"\" \/>\n<\/div>\n<\/div>\n<p class=\"x_xmsonormal\"><b>\u00a73 Leistungsumfang<\/b><\/p>\n<p class=\"x_xmsonormal\">1.\u00a0\u00a0\u00a0\u00a0\u00a0\u00a0\u00a0\u00a0Art und Umfang der Leistungen ergeben sich ausschlie\u00dflich aus dem schriftlichen Vertrag bzw. Lasten-\/Pflichtenheft.<\/p>\n<p class=\"x_xmsonormal\">2.\u00a0\u00a0\u00a0\u00a0\u00a0\u00a0\u00a0\u00a0\u00c4nderungen (Change Requests) bed\u00fcrfen der schriftlichen Vereinbarung.<\/p>\n<p class=\"x_xmsonormal\">3.\u00a0\u00a0\u00a0\u00a0\u00a0\u00a0\u00a0\u00a0Mehrleistungen werden nach Aufwand verg\u00fctet, sofern keine Pauschale vereinbart wurde.<\/p>\n<div>\n<div class=\"x_MsoNormal\" align=\"center\">\n<hr align=\"center\" size=\"2\" width=\"100%\" data-ogsc=\"\" \/>\n<\/div>\n<\/div>\n<p class=\"x_xmsonormal\"><b>\u00a74 Mitwirkungspflichten des Auftraggebers<\/b><\/p>\n<p class=\"x_xmsonormal\">1.\u00a0\u00a0\u00a0\u00a0\u00a0\u00a0\u00a0\u00a0Der Auftraggeber stellt sicher:<\/p>\n<p class=\"x_xmsonormal\">o\u00a0\u00a0\u00a0Zugang zu Anlagen und Betriebsst\u00e4tten<\/p>\n<p class=\"x_xmsonormal\">o\u00a0\u00a0\u00a0Einhaltung aller Arbeitsschutz- und Sicherheitsvorschriften<\/p>\n<p class=\"x_xmsonormal\">o\u00a0\u00a0\u00a0Bereitstellung technischer Unterlagen<\/p>\n<p class=\"x_xmsonormal\">o\u00a0\u00a0\u00a0Betreiberverantwortung gem\u00e4\u00df geltendem Recht<\/p>\n<p class=\"x_xmsonormal\">2.\u00a0\u00a0\u00a0\u00a0\u00a0\u00a0\u00a0\u00a0Verz\u00f6gerungen aufgrund fehlender Mitwirkung verl\u00e4ngern Fristen angemessen.<\/p>\n<p class=\"x_xmsonormal\">3.\u00a0\u00a0\u00a0\u00a0\u00a0\u00a0\u00a0\u00a0Mehrkosten durch unzureichende Mitwirkung tr\u00e4gt der Auftraggeber.<\/p>\n<div>\n<div class=\"x_MsoNormal\" align=\"center\">\n<hr align=\"center\" size=\"2\" width=\"100%\" data-ogsc=\"\" \/>\n<\/div>\n<\/div>\n<p class=\"x_xmsonormal\"><b>\u00a75 Preise und Zahlungsbedingungen<\/b><\/p>\n<p class=\"x_xmsonormal\">1.\u00a0\u00a0\u00a0\u00a0\u00a0\u00a0\u00a0\u00a0Preise verstehen sich netto zzgl. gesetzlicher Umsatzsteuer.<\/p>\n<p class=\"x_xmsonormal\">2.\u00a0\u00a0\u00a0\u00a0\u00a0\u00a0\u00a0\u00a0Rechnungen sind innerhalb von 30 Tagen zahlbar.<\/p>\n<p class=\"x_xmsonormal\">3.\u00a0\u00a0\u00a0\u00a0\u00a0\u00a0\u00a0\u00a0Bei Zahlungsverzug gelten \u00a7 288 Abs. 2 BGB (9 Prozentpunkte \u00fcber Basiszinssatz).<\/p>\n<p class=\"x_xmsonormal\">4.\u00a0\u00a0\u00a0\u00a0\u00a0\u00a0\u00a0\u00a0VectorMM ist berechtigt, bei Zahlungsverzug Leistungen auszusetzen.<\/p>\n<div>\n<div class=\"x_MsoNormal\" align=\"center\">\n<hr align=\"center\" size=\"2\" width=\"100%\" data-ogsc=\"\" \/>\n<\/div>\n<\/div>\n<p class=\"x_xmsonormal\"><b>\u00a76 Leistungsfristen<\/b><\/p>\n<p class=\"x_xmsonormal\">1.\u00a0\u00a0\u00a0\u00a0\u00a0\u00a0\u00a0\u00a0Fristen gelten nur als verbindlich, wenn ausdr\u00fccklich schriftlich vereinbart.<\/p>\n<p class=\"x_xmsonormal\">2.\u00a0\u00a0\u00a0\u00a0\u00a0\u00a0\u00a0\u00a0H\u00f6here Gewalt, Streiks, beh\u00f6rdliche Ma\u00dfnahmen oder Lieferengp\u00e4sse verl\u00e4ngern Fristen angemessen.<\/p>\n<div>\n<div class=\"x_MsoNormal\" align=\"center\">\n<hr align=\"center\" size=\"2\" width=\"100%\" data-ogsc=\"\" \/>\n<\/div>\n<\/div>\n<p class=\"x_xmsonormal\"><b>\u00a77 Abnahme bei Werkleistungen<\/b><\/p>\n<p class=\"x_xmsonormal\">1.\u00a0\u00a0\u00a0\u00a0\u00a0\u00a0\u00a0\u00a0Werkleistungen sind nach Fertigstellung abzunehmen.<\/p>\n<p class=\"x_xmsonormal\">2.\u00a0\u00a0\u00a0\u00a0\u00a0\u00a0\u00a0\u00a0Erfolgt innerhalb von 14 Tagen keine schriftliche M\u00e4ngelr\u00fcge, gilt das Werk als abgenommen.<\/p>\n<p class=\"x_xmsonormal\">3.\u00a0\u00a0\u00a0\u00a0\u00a0\u00a0\u00a0\u00a0Die produktive Nutzung gilt als Abnahme.<\/p>\n<p class=\"x_xmsonormal\">4.\u00a0\u00a0\u00a0\u00a0\u00a0\u00a0\u00a0\u00a0Unwesentliche M\u00e4ngel berechtigen nicht zur Abnahmeverweigerung.<\/p>\n<div>\n<div class=\"x_MsoNormal\" align=\"center\">\n<hr align=\"center\" size=\"2\" width=\"100%\" data-ogsc=\"\" \/>\n<\/div>\n<\/div>\n<p class=\"x_xmsonormal\"><b>\u00a78 Gefahr\u00fcbergang<\/b><\/p>\n<p class=\"x_xmsonormal\">Die Gefahr geht bei Lieferung oder betrieblicher Inbetriebnahme auf den Auftraggeber \u00fcber.<\/p>\n<div>\n<div class=\"x_MsoNormal\" align=\"center\">\n<hr align=\"center\" size=\"2\" width=\"100%\" data-ogsc=\"\" \/>\n<\/div>\n<\/div>\n<p class=\"x_xmsonormal\"><b>\u00a79 Gew\u00e4hrleistung<\/b><\/p>\n<p class=\"x_xmsonormal\">1.\u00a0\u00a0\u00a0\u00a0\u00a0\u00a0\u00a0\u00a0Gew\u00e4hrleistungsfrist bei Werkleistungen: 12 Monate ab Abnahme.<\/p>\n<p class=\"x_xmsonormal\">2.\u00a0\u00a0\u00a0\u00a0\u00a0\u00a0\u00a0\u00a0VectorMM ist zun\u00e4chst zur Nacherf\u00fcllung berechtigt.<\/p>\n<p class=\"x_xmsonormal\">3.\u00a0\u00a0\u00a0\u00a0\u00a0\u00a0\u00a0\u00a0Schl\u00e4gt die Nacherf\u00fcllung fehl, stehen dem Auftraggeber die gesetzlichen Rechte zu.<\/p>\n<p class=\"x_xmsonormal\">4.\u00a0\u00a0\u00a0\u00a0\u00a0\u00a0\u00a0\u00a0F\u00fcr normale Abnutzung, unsachgem\u00e4\u00dfe Nutzung oder Eingriffe Dritter wird keine Gew\u00e4hr \u00fcbernommen.<\/p>\n<div>\n<div class=\"x_MsoNormal\" align=\"center\">\n<hr align=\"center\" size=\"2\" width=\"100%\" data-ogsc=\"\" \/>\n<\/div>\n<\/div>\n<p class=\"x_xmsonormal\"><b>\u00a710 Betreiberverantwortung und Sicherheit<\/b><\/p>\n<p class=\"x_xmsonormal\">1.\u00a0\u00a0\u00a0\u00a0\u00a0\u00a0\u00a0\u00a0Der Auftraggeber bleibt Betreiber im Sinne der gesetzlichen Vorschriften.<\/p>\n<p class=\"x_xmsonormal\">2.\u00a0\u00a0\u00a0\u00a0\u00a0\u00a0\u00a0\u00a0VectorMM \u00fcbernimmt keine Betreiberpflichten, sofern nicht ausdr\u00fccklich schriftlich vereinbart.<\/p>\n<p class=\"x_xmsonormal\">3.\u00a0\u00a0\u00a0\u00a0\u00a0\u00a0\u00a0\u00a0Sicherheitsfreigaben, Stillst\u00e4nde oder Produktionsunterbrechungen liegen in der Verantwortung des Auftraggebers.<\/p>\n<div>\n<div class=\"x_MsoNormal\" align=\"center\">\n<hr align=\"center\" size=\"2\" width=\"100%\" data-ogsc=\"\" \/>\n<\/div>\n<\/div>\n<p class=\"x_xmsonormal\"><b>\u00a711 Dokumentation und geistiges Eigentum<\/b><\/p>\n<p class=\"x_xmsonormal\">1.\u00a0\u00a0\u00a0\u00a0\u00a0\u00a0\u00a0\u00a0Projektdokumentationen verbleiben im Eigentum von VectorMM, sofern nicht anders vereinbart.<\/p>\n<p class=\"x_xmsonormal\">2.\u00a0\u00a0\u00a0\u00a0\u00a0\u00a0\u00a0\u00a0Der Auftraggeber erh\u00e4lt ein einfaches Nutzungsrecht f\u00fcr eigene betriebliche Zwecke.<\/p>\n<p class=\"x_xmsonormal\">3.\u00a0\u00a0\u00a0\u00a0\u00a0\u00a0\u00a0\u00a0Methoden, Tools und OCTAM-bezogene Systematik bleiben geistiges Eigentum von VectorMM.<\/p>\n<div>\n<div class=\"x_MsoNormal\" align=\"center\">\n<hr align=\"center\" size=\"2\" width=\"100%\" data-ogsc=\"\" \/>\n<\/div>\n<\/div>\n<p class=\"x_xmsonormal\"><b>\u00a712 Haftung<\/b><\/p>\n<p class=\"x_xmsonormal\">1.\u00a0\u00a0\u00a0\u00a0\u00a0\u00a0\u00a0\u00a0VectorMM haftet unbeschr\u00e4nkt bei Vorsatz und grober Fahrl\u00e4ssigkeit.<\/p>\n<p class=\"x_xmsonormal\">2.\u00a0\u00a0\u00a0\u00a0\u00a0\u00a0\u00a0\u00a0Bei einfacher Fahrl\u00e4ssigkeit nur bei Verletzung wesentlicher Vertragspflichten, begrenzt auf den vertragstypischen, vorhersehbaren Schaden.<\/p>\n<p class=\"x_xmsonormal\">3.\u00a0\u00a0\u00a0\u00a0\u00a0\u00a0\u00a0\u00a0Die Gesamthaftung ist begrenzt auf:<\/p>\n<p class=\"x_xmsonormal\">o\u00a0\u00a0\u00a0die H\u00f6he der Versicherungssumme oder<\/p>\n<p class=\"x_xmsonormal\">o\u00a0\u00a0\u00a0maximal den jeweiligen Projektwert.<\/p>\n<p class=\"x_xmsonormal\">4.\u00a0\u00a0\u00a0\u00a0\u00a0\u00a0\u00a0\u00a0Haftung f\u00fcr Produktionsausfall, entgangenen Gewinn, Folgesch\u00e4den ist ausgeschlossen, soweit gesetzlich zul\u00e4ssig.<\/p>\n<p class=\"x_xmsonormal\">5.\u00a0\u00a0\u00a0\u00a0\u00a0\u00a0\u00a0\u00a0Keine Haftung f\u00fcr mittelbare Sch\u00e4den.<\/p>\n<div>\n<div class=\"x_MsoNormal\" align=\"center\">\n<hr align=\"center\" size=\"2\" width=\"100%\" data-ogsc=\"\" \/>\n<\/div>\n<\/div>\n<p class=\"x_xmsonormal\"><b>\u00a713 Personaleinsatz \/ Abwerbeverbot<\/b><\/p>\n<p class=\"x_xmsonormal\">1.\u00a0\u00a0\u00a0\u00a0\u00a0\u00a0\u00a0\u00a0W\u00e4hrend der Vertragslaufzeit und 12 Monate danach darf der Auftraggeber kein eingesetztes Personal abwerben.<\/p>\n<p class=\"x_xmsonormal\">2.\u00a0\u00a0\u00a0\u00a0\u00a0\u00a0\u00a0\u00a0Vertragsstrafe: EUR 25.000 je Versto\u00df.<\/p>\n<div>\n<div class=\"x_MsoNormal\" align=\"center\">\n<hr align=\"center\" size=\"2\" width=\"100%\" data-ogsc=\"\" \/>\n<\/div>\n<\/div>\n<p class=\"x_xmsonormal\"><b>\u00a714 H\u00f6here Gewalt<\/b><\/p>\n<p class=\"x_xmsonormal\">1.\u00a0\u00a0\u00a0\u00a0\u00a0\u00a0\u00a0\u00a0H\u00f6here Gewalt befreit f\u00fcr die Dauer der St\u00f6rung von der Leistungspflicht.<\/p>\n<p class=\"x_xmsonormal\">2.\u00a0\u00a0\u00a0\u00a0\u00a0\u00a0\u00a0\u00a0Dauert diese l\u00e4nger als 3 Monate, k\u00f6nnen beide Parteien k\u00fcndigen.<\/p>\n<div>\n<div class=\"x_MsoNormal\" align=\"center\">\n<hr align=\"center\" size=\"2\" width=\"100%\" data-ogsc=\"\" \/>\n<\/div>\n<\/div>\n<p class=\"x_xmsonormal\"><b>\u00a715 K\u00fcndigung<\/b><\/p>\n<p class=\"x_xmsonormal\">1.\u00a0\u00a0\u00a0\u00a0\u00a0\u00a0\u00a0\u00a0Ordentliche K\u00fcndigung bei Werkvertr\u00e4gen gem\u00e4\u00df \u00a7 648 BGB.<\/p>\n<p class=\"x_xmsonormal\">2.\u00a0\u00a0\u00a0\u00a0\u00a0\u00a0\u00a0\u00a0Au\u00dferordentliche K\u00fcndigung bei schwerwiegender Pflichtverletzung oder Insolvenz.<\/p>\n<div>\n<div class=\"x_MsoNormal\" align=\"center\">\n<hr align=\"center\" size=\"2\" width=\"100%\" data-ogsc=\"\" \/>\n<\/div>\n<\/div>\n<p class=\"x_xmsonormal\"><b>\u00a716 Anwendbares Recht und Gerichtsstand<\/b><\/p>\n<p class=\"x_xmsonormal\">1.\u00a0\u00a0\u00a0\u00a0\u00a0\u00a0\u00a0\u00a0Es gilt niederl\u00e4ndisches Recht unter Ausschluss des CISG.<\/p>\n<p class=\"x_xmsonormal\">2.\u00a0\u00a0\u00a0\u00a0\u00a0\u00a0\u00a0\u00a0Gerichtsstand ist Alkmaar, Niederlande, sofern der Auftraggeber Kaufmann ist.<\/p>\n<\/div><\/section><\/div>\n","protected":false},"excerpt":{"rendered":"","protected":false},"author":1,"featured_media":0,"parent":0,"menu_order":0,"comment_status":"closed","ping_status":"closed","template":"","meta":{"inline_featured_image":false,"footnotes":""},"class_list":["post-2181","page","type-page","status-publish","hentry"],"_links":{"self":[{"href":"https:\/\/vectormm.nl\/de\/wp-json\/wp\/v2\/pages\/2181","targetHints":{"allow":["GET"]}}],"collection":[{"href":"https:\/\/vectormm.nl\/de\/wp-json\/wp\/v2\/pages"}],"about":[{"href":"https:\/\/vectormm.nl\/de\/wp-json\/wp\/v2\/types\/page"}],"author":[{"embeddable":true,"href":"https:\/\/vectormm.nl\/de\/wp-json\/wp\/v2\/users\/1"}],"replies":[{"embeddable":true,"href":"https:\/\/vectormm.nl\/de\/wp-json\/wp\/v2\/comments?post=2181"}],"version-history":[{"count":0,"href":"https:\/\/vectormm.nl\/de\/wp-json\/wp\/v2\/pages\/2181\/revisions"}],"wp:attachment":[{"href":"https:\/\/vectormm.nl\/de\/wp-json\/wp\/v2\/media?parent=2181"}],"curies":[{"name":"wp","href":"https:\/\/api.w.org\/{rel}","templated":true}]}}