{"id":2176,"date":"2022-02-01T14:02:22","date_gmt":"2022-02-01T13:02:22","guid":{"rendered":"https:\/\/vectormm.nl\/datenschutz\/"},"modified":"2026-02-24T13:05:33","modified_gmt":"2026-02-24T12:05:33","slug":"datenschutz","status":"publish","type":"page","link":"https:\/\/vectormm.nl\/de\/datenschutz\/","title":{"rendered":"Datenschutz"},"content":{"rendered":"<div id='av_section_1'  class='avia-section av-qbvyy-81fbe14f48da39c08f93b318405ac94c main_color avia-section-default avia-no-border-styling  avia-builder-el-0  el_before_av_section  avia-builder-el-first  inner-page-header avia-bg-style-scroll container_wrap fullsize'  ><div class='container av-section-cont-open' ><main  role=\"main\" itemprop=\"mainContentOfPage\"  class='template-page content  av-content-full alpha units'><div class='post-entry post-entry-type-page post-entry-2176'><div class='entry-content-wrapper clearfix'>\n\n<style type=\"text\/css\" data-created_by=\"avia_inline_auto\" id=\"style-css-av-lalqi-ed50f5808e70bff479ce471d343d6fc4\">\n.flex_column.av-lalqi-ed50f5808e70bff479ce471d343d6fc4{\n-webkit-border-radius:0px 0px 0px 0px;\n-moz-border-radius:0px 0px 0px 0px;\nborder-radius:0px 0px 0px 0px;\npadding:0px 0px 0px 0px;\n}\n<\/style>\n<div class='flex_column av-lalqi-ed50f5808e70bff479ce471d343d6fc4 av_one_full  avia-builder-el-1  avia-builder-el-no-sibling  first flex_column_div av-zero-column-padding '     ><style type=\"text\/css\" data-created_by=\"avia_inline_auto\" id=\"style-css-av-kz46swwy-1913221a4653a4e1da8b806bf76263ee\">\n#top .av-special-heading.av-kz46swwy-1913221a4653a4e1da8b806bf76263ee{\npadding-bottom:10px;\n}\nbody .av-special-heading.av-kz46swwy-1913221a4653a4e1da8b806bf76263ee .av-special-heading-tag .heading-char{\nfont-size:25px;\n}\n.av-special-heading.av-kz46swwy-1913221a4653a4e1da8b806bf76263ee .av-subheading{\nfont-size:15px;\n}\n<\/style>\n<div  class='av-special-heading av-kz46swwy-1913221a4653a4e1da8b806bf76263ee av-special-heading-h1 blockquote modern-quote modern-centered  avia-builder-el-2  avia-builder-el-no-sibling '><h1 class='av-special-heading-tag'  itemprop=\"headline\"  > Datenschutz<\/h1><div class=\"special-heading-border\"><div class=\"special-heading-inner-border\"><\/div><\/div><\/div><\/div>\n\n<\/div><\/div><\/main><!-- close content main element --><\/div><\/div><div id='av_section_2'  class='avia-section av-ei2hu-ed452a867da2f4a67ecd22b2366586a1 main_color avia-section-default avia-no-border-styling  avia-builder-el-3  el_after_av_section  avia-builder-el-last  page-section pt-0 avia-bg-style-scroll container_wrap fullsize'  ><div class='container av-section-cont-open' ><div class='template-page content  av-content-full alpha units'><div class='post-entry post-entry-type-page post-entry-2176'><div class='entry-content-wrapper clearfix'>\n\n<style type=\"text\/css\" data-created_by=\"avia_inline_auto\" id=\"style-css-av-kz46vazl-3cd1f59d73a53315612adee13230f64d\">\n#top .hr.hr-invisible.av-kz46vazl-3cd1f59d73a53315612adee13230f64d{\nheight:50px;\n}\n<\/style>\n<div  class='hr av-kz46vazl-3cd1f59d73a53315612adee13230f64d hr-invisible  avia-builder-el-4  el_before_av_one_full  avia-builder-el-first '><span class='hr-inner '><span class=\"hr-inner-style\"><\/span><\/span><\/div>\n\n<style type=\"text\/css\" data-created_by=\"avia_inline_auto\" id=\"style-css-av-ac7fm-1cd2a9292283f1989841abc1f2accf09\">\n.flex_column.av-ac7fm-1cd2a9292283f1989841abc1f2accf09{\n-webkit-border-radius:0px 0px 0px 0px;\n-moz-border-radius:0px 0px 0px 0px;\nborder-radius:0px 0px 0px 0px;\npadding:0px 0px 0px 0px;\n}\n<\/style>\n<div class='flex_column av-ac7fm-1cd2a9292283f1989841abc1f2accf09 av_one_full  avia-builder-el-5  el_after_av_hr  avia-builder-el-last  first flex_column_div av-zero-column-padding '     ><section  class='av_textblock_section av-kz46wt71-41f79b88d1646c54ae7ff6111e42d005'  itemscope=\"itemscope\" itemtype=\"https:\/\/schema.org\/CreativeWork\" ><div class='avia_textblock'  itemprop=\"text\" ><p class=\"x_xmsonormal\"><b>Datenschutzerkl\u00e4rung<\/b><\/p>\n<p class=\"x_xmsonormal\"><b>1. Verantwortlicher<\/b><\/p>\n<p class=\"x_xmsonormal\">Verantwortlicher im Sinne der Datenschutz-Grundverordnung (DSGVO) ist:<\/p>\n<p class=\"x_xmsonormal\"><b><span lang=\"EN-GB\">Vector Maintenance Management B.V.<\/span><\/b><span lang=\"EN-GB\"><br \/>\nE-Mail:\u00a0<a title=\"mailto:info@vectormm.nl\" href=\"mailto:info@vectormm.nl\" data-linkindex=\"6\" data-ogsc=\"\">info@vectormm.nl<\/a><br \/>\nTelefon: 0223 \u2013 660660<\/span><\/p>\n<p class=\"x_xmsonormal\">Diese Datenschutzerkl\u00e4rung gilt f\u00fcr s\u00e4mtliche Dienstleistungen von VectorMM sowie f\u00fcr die Nutzung dieser Website.<\/p>\n<p class=\"x_xmsonormal\">Stand dieser Datenschutzerkl\u00e4rung: 01.01.2022<br \/>\nMit Ver\u00f6ffentlichung einer aktualisierten Version verlieren alle vorherigen Versionen ihre G\u00fcltigkeit.<\/p>\n<div>\n<div class=\"x_MsoNormal\" align=\"center\">\n<hr align=\"center\" size=\"2\" width=\"100%\" data-ogsc=\"\" \/>\n<\/div>\n<\/div>\n<p class=\"x_xmsonormal\"><b>2. Allgemeine Hinweise zur Datenverarbeitung<\/b><\/p>\n<p class=\"x_xmsonormal\">Der Schutz Ihrer personenbezogenen Daten hat f\u00fcr uns h\u00f6chste Priorit\u00e4t. Wir verarbeiten personenbezogene Daten ausschlie\u00dflich im Einklang mit den geltenden datenschutzrechtlichen Bestimmungen, insbesondere der Datenschutz-Grundverordnung (DSGVO) sowie den anwendbaren nationalen Datenschutzgesetzen.<\/p>\n<p class=\"x_xmsonormal\">Personenbezogene Daten werden von uns nur insoweit verarbeitet, wie dies zur Bereitstellung unserer Dienstleistungen, zur Vertragsdurchf\u00fchrung, zur Verbesserung unserer Services oder aufgrund gesetzlicher Verpflichtungen erforderlich ist.<\/p>\n<p class=\"x_xmsonormal\">Eine Weitergabe Ihrer personenbezogenen Daten zu kommerziellen Zwecken an Dritte erfolgt nicht.<\/p>\n<div>\n<div class=\"x_MsoNormal\" align=\"center\">\n<hr align=\"center\" size=\"2\" width=\"100%\" data-ogsc=\"\" \/>\n<\/div>\n<\/div>\n<p class=\"x_xmsonormal\"><b>3. Art und Zweck der Verarbeitung personenbezogener Daten<\/b><\/p>\n<p class=\"x_xmsonormal\">Wir verarbeiten personenbezogene Daten insbesondere zu folgenden Zwecken:<\/p>\n<p class=\"x_xmsonormal\">\u00b7\u00a0\u00a0\u00a0\u00a0\u00a0\u00a0\u00a0\u00a0Information \u00fcber unsere Dienstleistungen<\/p>\n<p class=\"x_xmsonormal\">\u00b7\u00a0\u00a0\u00a0\u00a0\u00a0\u00a0\u00a0\u00a0Erstellung von Angeboten und Kalkulationen<\/p>\n<p class=\"x_xmsonormal\">\u00b7\u00a0\u00a0\u00a0\u00a0\u00a0\u00a0\u00a0\u00a0Durchf\u00fchrung und Abwicklung von Auftr\u00e4gen<\/p>\n<p class=\"x_xmsonormal\">\u00b7\u00a0\u00a0\u00a0\u00a0\u00a0\u00a0\u00a0\u00a0Kommunikation \u00fcber Fortschritt und Ergebnisse eines Projekts<\/p>\n<p class=\"x_xmsonormal\">\u00b7\u00a0\u00a0\u00a0\u00a0\u00a0\u00a0\u00a0\u00a0Erf\u00fcllung gesetzlicher Verpflichtungen (z. B. steuer- und handelsrechtliche Aufbewahrungspflichten)<\/p>\n<p class=\"x_xmsonormal\">Die Verarbeitung erfolgt auf Grundlage von Art. 6 Abs. 1 lit. b DSGVO (Vertragserf\u00fcllung), Art. 6 Abs. 1 lit. c DSGVO (rechtliche Verpflichtung) oder Art. 6 Abs. 1 lit. a DSGVO (Einwilligung), sofern eine Einwilligung erforderlich ist.<\/p>\n<p class=\"x_xmsonormal\">Sollten wir Ihre Daten f\u00fcr einen anderen als den urspr\u00fcnglich vorgesehenen Zweck verwenden wollen, holen wir zuvor Ihre ausdr\u00fcckliche Einwilligung ein.<\/p>\n<div>\n<div class=\"x_MsoNormal\" align=\"center\">\n<hr align=\"center\" size=\"2\" width=\"100%\" data-ogsc=\"\" \/>\n<\/div>\n<\/div>\n<p class=\"x_xmsonormal\"><b>4. Hosting und technische Infrastruktur<\/b><\/p>\n<p class=\"x_xmsonormal\">F\u00fcr das Hosting unserer Website sowie f\u00fcr E-Mail-Dienstleistungen nutzen wir einen externen Hosting-Dienstleister. Dieser verarbeitet personenbezogene Daten in unserem Auftrag auf Grundlage eines Auftragsverarbeitungsvertrags gem\u00e4\u00df Art. 28 DSGVO.<\/p>\n<p class=\"x_xmsonormal\">Der Hosting-Anbieter hat angemessene technische und organisatorische Ma\u00dfnahmen getroffen, um Ihre Daten vor Verlust, Missbrauch oder unbefugtem Zugriff zu sch\u00fctzen.<\/p>\n<p class=\"x_xmsonormal\">Eine Nutzung der Daten zu eigenen Zwecken oder eine Weitergabe an Dritte erfolgt nicht.<\/p>\n<div>\n<div class=\"x_MsoNormal\" align=\"center\">\n<hr align=\"center\" size=\"2\" width=\"100%\" data-ogsc=\"\" \/>\n<\/div>\n<\/div>\n<p class=\"x_xmsonormal\"><b>5. Website und SSL-Verschl\u00fcsselung<\/b><\/p>\n<p class=\"x_xmsonormal\">Unsere Website verwendet eine SSL-Verschl\u00fcsselung (Secure Socket Layer). Dadurch werden \u00fcbermittelte Daten \u2013 beispielsweise bei Nutzung eines Kontaktformulars \u2013 verschl\u00fcsselt \u00fcbertragen und vor dem Zugriff unbefugter Dritter gesch\u00fctzt.<\/p>\n<div>\n<div class=\"x_MsoNormal\" align=\"center\">\n<hr align=\"center\" size=\"2\" width=\"100%\" data-ogsc=\"\" \/>\n<\/div>\n<\/div>\n<p class=\"x_xmsonormal\"><b>6. Externe Links<\/b><\/p>\n<p class=\"x_xmsonormal\">Unsere Website kann Links zu externen Websites Dritter enthalten. Diese Datenschutzerkl\u00e4rung gilt ausschlie\u00dflich f\u00fcr unsere Website. F\u00fcr Inhalte und Datenschutzpraktiken externer Anbieter \u00fcbernehmen wir keine Verantwortung.<\/p>\n<p class=\"x_xmsonormal\">Wir empfehlen, die jeweiligen Datenschutzerkl\u00e4rungen der verlinkten Websites zu pr\u00fcfen.<\/p>\n<div>\n<div class=\"x_MsoNormal\" align=\"center\">\n<hr align=\"center\" size=\"2\" width=\"100%\" data-ogsc=\"\" \/>\n<\/div>\n<\/div>\n<p class=\"x_xmsonormal\"><b>7. Newsletter und E-Mail-Kommunikation<\/b><\/p>\n<p class=\"x_xmsonormal\">F\u00fcr den Versand unseres Newsletters verarbeiten wir folgende personenbezogene Daten:<\/p>\n<p class=\"x_xmsonormal\">\u00b7\u00a0\u00a0\u00a0\u00a0\u00a0\u00a0\u00a0\u00a0Name<\/p>\n<p class=\"x_xmsonormal\">\u00b7\u00a0\u00a0\u00a0\u00a0\u00a0\u00a0\u00a0\u00a0E-Mail-Adresse<\/p>\n<p class=\"x_xmsonormal\">Die Verarbeitung erfolgt ausschlie\u00dflich zum Zweck des Versands personalisierter Newsletter auf Grundlage Ihrer Einwilligung gem\u00e4\u00df Art. 6 Abs. 1 lit. a DSGVO.<\/p>\n<p class=\"x_xmsonormal\">Die Speicherung erfolgt bis auf Widerruf Ihrer Einwilligung. Sie k\u00f6nnen sich jederzeit \u00fcber den \u201eUnsubscribe\u201c-Link im Newsletter oder per E-Mail an\u00a0<a title=\"mailto:info@vectormm.nl\" href=\"mailto:info@vectormm.nl\" data-linkindex=\"7\" data-ogsc=\"\">info@vectormm.nl<\/a>\u00a0abmelden.<\/p>\n<p class=\"x_xmsonormal\">Im Rahmen des Newsletter-Versands werden Tracking-Technologien (z. B. Cookies oder Z\u00e4hlpixel) eingesetzt, um festzustellen, ob E-Mails ge\u00f6ffnet oder gelesen werden.<\/p>\n<div>\n<div class=\"x_MsoNormal\" align=\"center\">\n<hr align=\"center\" size=\"2\" width=\"100%\" data-ogsc=\"\" \/>\n<\/div>\n<\/div>\n<p class=\"x_xmsonormal\"><b>8. Kontaktformulare<\/b><\/p>\n<p class=\"x_xmsonormal\">Wenn Sie \u00fcber ein Kontaktformular mit uns in Verbindung treten, verarbeiten wir die von Ihnen eingegebenen Daten ausschlie\u00dflich zur Bearbeitung Ihrer Anfrage.<\/p>\n<p class=\"x_xmsonormal\">Die Verarbeitung erfolgt gem\u00e4\u00df Art. 6 Abs. 1 lit. b DSGVO (vorvertragliche Ma\u00dfnahmen) oder Art. 6 Abs. 1 lit. f DSGVO (berechtigtes Interesse an effizienter Kommunikation).<\/p>\n<div>\n<div class=\"x_MsoNormal\" align=\"center\">\n<hr align=\"center\" size=\"2\" width=\"100%\" data-ogsc=\"\" \/>\n<\/div>\n<\/div>\n<p class=\"x_xmsonormal\"><b>9. Automatisch erhobene Daten<\/b><\/p>\n<p class=\"x_xmsonormal\">Beim Besuch unserer Website werden automatisch bestimmte technische Daten erfasst (z. B. IP-Adresse, Browsertyp, Betriebssystem).<\/p>\n<p class=\"x_xmsonormal\">Diese Daten dienen ausschlie\u00dflich der technischen Bereitstellung der Website sowie der Optimierung unserer Dienstleistungen. Soweit m\u00f6glich, werden diese Daten anonymisiert verarbeitet.<\/p>\n<div>\n<div class=\"x_MsoNormal\" align=\"center\">\n<hr align=\"center\" size=\"2\" width=\"100%\" data-ogsc=\"\" \/>\n<\/div>\n<\/div>\n<p class=\"x_xmsonormal\"><b>10. Weitergabe an Dritte<\/b><\/p>\n<p class=\"x_xmsonormal\">Eine Weitergabe personenbezogener Daten erfolgt ausschlie\u00dflich:<\/p>\n<p class=\"x_xmsonormal\">\u00b7\u00a0\u00a0\u00a0\u00a0\u00a0\u00a0\u00a0\u00a0zur Erf\u00fcllung gesetzlicher Verpflichtungen<\/p>\n<p class=\"x_xmsonormal\">\u00b7\u00a0\u00a0\u00a0\u00a0\u00a0\u00a0\u00a0\u00a0im Rahmen der Vertragsabwicklung<\/p>\n<p class=\"x_xmsonormal\">\u00b7\u00a0\u00a0\u00a0\u00a0\u00a0\u00a0\u00a0\u00a0an Auftragsverarbeiter gem\u00e4\u00df Art. 28 DSGVO<\/p>\n<p class=\"x_xmsonormal\">Alle Empf\u00e4nger sind vertraglich oder gesetzlich zur Vertraulichkeit verpflichtet.<\/p>\n<div>\n<div class=\"x_MsoNormal\" align=\"center\">\n<hr align=\"center\" size=\"2\" width=\"100%\" data-ogsc=\"\" \/>\n<\/div>\n<\/div>\n<p class=\"x_xmsonormal\"><b>11. Speicherdauer<\/b><\/p>\n<p class=\"x_xmsonormal\">Wir speichern personenbezogene Daten nur so lange, wie dies f\u00fcr die jeweiligen Verarbeitungszwecke erforderlich ist.<\/p>\n<p class=\"x_xmsonormal\">Kundendaten speichern wir grunds\u00e4tzlich f\u00fcr die Dauer der Gesch\u00e4ftsbeziehung. Nach Beendigung der Gesch\u00e4ftsbeziehung erfolgt die L\u00f6schung, sofern keine gesetzlichen Aufbewahrungspflichten entgegenstehen.<\/p>\n<p class=\"x_xmsonormal\">Rechnungs- und steuerrelevante Daten werden entsprechend den gesetzlichen Aufbewahrungsfristen gespeichert.<\/p>\n<div>\n<div class=\"x_MsoNormal\" align=\"center\">\n<hr align=\"center\" size=\"2\" width=\"100%\" data-ogsc=\"\" \/>\n<\/div>\n<\/div>\n<p class=\"x_xmsonormal\"><b>12. Rechte der betroffenen Personen<\/b><\/p>\n<p class=\"x_xmsonormal\">Ihnen stehen nach der DSGVO folgende Rechte zu:<\/p>\n<p class=\"x_xmsonormal\"><span lang=\"EN-GB\">\u00b7<\/span><span lang=\"EN-GB\">\u00a0\u00a0\u00a0\u00a0\u00a0\u00a0\u00a0\u00a0<\/span><b><span lang=\"EN-GB\">Recht auf Auskunft<\/span><\/b><span lang=\"EN-GB\">\u00a0(Art. 15 DSGVO)<\/span><\/p>\n<p class=\"x_xmsonormal\">\u00b7\u00a0\u00a0\u00a0\u00a0\u00a0\u00a0\u00a0\u00a0<b>Recht auf Berichtigung<\/b>\u00a0(Art. 16 DSGVO)<\/p>\n<p class=\"x_xmsonormal\"><span lang=\"EN-GB\">\u00b7<\/span><span lang=\"EN-GB\">\u00a0\u00a0\u00a0\u00a0\u00a0\u00a0\u00a0\u00a0<\/span><b><span lang=\"EN-GB\">Recht auf L\u00f6schung<\/span><\/b><span lang=\"EN-GB\">\u00a0(Art. 17 DSGVO)<\/span><\/p>\n<p class=\"x_xmsonormal\">\u00b7\u00a0\u00a0\u00a0\u00a0\u00a0\u00a0\u00a0\u00a0<b>Recht auf Einschr\u00e4nkung der Verarbeitung<\/b>\u00a0(Art. 18 DSGVO)<\/p>\n<p class=\"x_xmsonormal\">\u00b7\u00a0\u00a0\u00a0\u00a0\u00a0\u00a0\u00a0\u00a0<b>Recht auf Daten\u00fcbertragbarkeit<\/b>\u00a0(Art. 20 DSGVO)<\/p>\n<p class=\"x_xmsonormal\">\u00b7\u00a0\u00a0\u00a0\u00a0\u00a0\u00a0\u00a0\u00a0<b>Widerspruchsrecht<\/b>\u00a0(Art. 21 DSGVO)<\/p>\n<p class=\"x_xmsonormal\">Zur Aus\u00fcbung Ihrer Rechte k\u00f6nnen Sie sich jederzeit an uns wenden.<\/p>\n<p class=\"x_xmsonormal\">Zur Vermeidung von Missbrauch behalten wir uns vor, geeignete Ma\u00dfnahmen zur Identit\u00e4tspr\u00fcfung zu ergreifen.<\/p>\n<div>\n<div class=\"x_MsoNormal\" align=\"center\">\n<hr align=\"center\" size=\"2\" width=\"100%\" data-ogsc=\"\" \/>\n<\/div>\n<\/div>\n<p class=\"x_xmsonormal\"><b>13. Widerruf einer Einwilligung<\/b><\/p>\n<p class=\"x_xmsonormal\">Eine erteilte Einwilligung k\u00f6nnen Sie jederzeit mit Wirkung f\u00fcr die Zukunft widerrufen. Die Rechtm\u00e4\u00dfigkeit der bis zum Widerruf erfolgten Verarbeitung bleibt hiervon unber\u00fchrt.<\/p>\n<div>\n<div class=\"x_MsoNormal\" align=\"center\">\n<hr align=\"center\" size=\"2\" width=\"100%\" data-ogsc=\"\" \/>\n<\/div>\n<\/div>\n<p class=\"x_xmsonormal\"><b>14. Beschwerderecht bei einer Aufsichtsbeh\u00f6rde<\/b><\/p>\n<p class=\"x_xmsonormal\">Sie haben das Recht, sich bei einer zust\u00e4ndigen Datenschutzaufsichtsbeh\u00f6rde \u00fcber die Verarbeitung Ihrer personenbezogenen Daten zu beschweren.<\/p>\n<div>\n<div class=\"x_MsoNormal\" align=\"center\">\n<hr align=\"center\" size=\"2\" width=\"100%\" data-ogsc=\"\" \/>\n<\/div>\n<\/div>\n<p class=\"x_xmsonormal\"><b>15. \u00c4nderungen dieser Datenschutzerkl\u00e4rung<\/b><\/p>\n<p class=\"x_xmsonormal\">Wir behalten uns vor, diese Datenschutzerkl\u00e4rung jederzeit anzupassen. Die jeweils aktuelle Version ist auf unserer Website verf\u00fcgbar.<\/p>\n<p class=\"x_xmsonormal\">Sofern \u00c4nderungen wesentliche Auswirkungen auf die Verarbeitung Ihrer personenbezogenen Daten haben, werden wir Sie hier\u00fcber gesondert informieren.<\/p>\n<\/div><\/section><\/div>\n","protected":false},"excerpt":{"rendered":"","protected":false},"author":1,"featured_media":0,"parent":0,"menu_order":0,"comment_status":"closed","ping_status":"closed","template":"","meta":{"inline_featured_image":false,"footnotes":""},"class_list":["post-2176","page","type-page","status-publish","hentry"],"_links":{"self":[{"href":"https:\/\/vectormm.nl\/de\/wp-json\/wp\/v2\/pages\/2176","targetHints":{"allow":["GET"]}}],"collection":[{"href":"https:\/\/vectormm.nl\/de\/wp-json\/wp\/v2\/pages"}],"about":[{"href":"https:\/\/vectormm.nl\/de\/wp-json\/wp\/v2\/types\/page"}],"author":[{"embeddable":true,"href":"https:\/\/vectormm.nl\/de\/wp-json\/wp\/v2\/users\/1"}],"replies":[{"embeddable":true,"href":"https:\/\/vectormm.nl\/de\/wp-json\/wp\/v2\/comments?post=2176"}],"version-history":[{"count":0,"href":"https:\/\/vectormm.nl\/de\/wp-json\/wp\/v2\/pages\/2176\/revisions"}],"wp:attachment":[{"href":"https:\/\/vectormm.nl\/de\/wp-json\/wp\/v2\/media?parent=2176"}],"curies":[{"name":"wp","href":"https:\/\/api.w.org\/{rel}","templated":true}]}}