{"id":2173,"date":"2022-02-01T13:53:29","date_gmt":"2022-02-01T12:53:29","guid":{"rendered":"https:\/\/vectormm.nl\/haftungsausschluss\/"},"modified":"2026-03-02T14:29:04","modified_gmt":"2026-03-02T13:29:04","slug":"haftungsausschluss","status":"publish","type":"page","link":"https:\/\/vectormm.nl\/de\/haftungsausschluss\/","title":{"rendered":"Haftungsausschluss"},"content":{"rendered":"<div id='av_section_1'  class='avia-section av-13pk8s-a1dd40988ad563ab1a820edd0594dafc main_color avia-section-default avia-no-border-styling  avia-builder-el-0  el_before_av_section  avia-builder-el-first  inner-page-header avia-bg-style-scroll container_wrap fullsize'  ><div class='container av-section-cont-open' ><main  role=\"main\" itemprop=\"mainContentOfPage\"  class='template-page content  av-content-full alpha units'><div class='post-entry post-entry-type-page post-entry-2173'><div class='entry-content-wrapper clearfix'>\n\n<style type=\"text\/css\" data-created_by=\"avia_inline_auto\" id=\"style-css-av-wimhg-9948367196ab31b9e54e028ebd901692\">\n.flex_column.av-wimhg-9948367196ab31b9e54e028ebd901692{\n-webkit-border-radius:0px 0px 0px 0px;\n-moz-border-radius:0px 0px 0px 0px;\nborder-radius:0px 0px 0px 0px;\npadding:0px 0px 0px 0px;\n}\n<\/style>\n<div class='flex_column av-wimhg-9948367196ab31b9e54e028ebd901692 av_one_full  avia-builder-el-1  avia-builder-el-no-sibling  first flex_column_div av-zero-column-padding '     ><style type=\"text\/css\" data-created_by=\"avia_inline_auto\" id=\"style-css-av-kz46kgxl-da06c36d8f095ff7765fee8f9fd2347f\">\n#top .av-special-heading.av-kz46kgxl-da06c36d8f095ff7765fee8f9fd2347f{\npadding-bottom:10px;\n}\nbody .av-special-heading.av-kz46kgxl-da06c36d8f095ff7765fee8f9fd2347f .av-special-heading-tag .heading-char{\nfont-size:25px;\n}\n.av-special-heading.av-kz46kgxl-da06c36d8f095ff7765fee8f9fd2347f .av-subheading{\nfont-size:15px;\n}\n<\/style>\n<div  class='av-special-heading av-kz46kgxl-da06c36d8f095ff7765fee8f9fd2347f av-special-heading-h1 blockquote modern-quote modern-centered  avia-builder-el-2  avia-builder-el-no-sibling '><h1 class='av-special-heading-tag'  itemprop=\"headline\"  >Haftungsausschluss<\/h1><div class=\"special-heading-border\"><div class=\"special-heading-inner-border\"><\/div><\/div><\/div><\/div>\n\n<\/div><\/div><\/main><!-- close content main element --><\/div><\/div><div id='av_section_2'  class='avia-section av-cjw98-f269e0ed2d7f12ce87647b2945ae1993 main_color avia-section-default avia-no-border-styling  avia-builder-el-3  el_after_av_section  avia-builder-el-last  page-section pt-0 avia-bg-style-scroll container_wrap fullsize'  ><div class='container av-section-cont-open' ><div class='template-page content  av-content-full alpha units'><div class='post-entry post-entry-type-page post-entry-2173'><div class='entry-content-wrapper clearfix'>\n\n<style type=\"text\/css\" data-created_by=\"avia_inline_auto\" id=\"style-css-av-kz46lun7-2732533068d415b1ab04f816410ea3eb\">\n#top .hr.hr-invisible.av-kz46lun7-2732533068d415b1ab04f816410ea3eb{\nheight:50px;\n}\n<\/style>\n<div  class='hr av-kz46lun7-2732533068d415b1ab04f816410ea3eb hr-invisible  avia-builder-el-4  el_before_av_one_full  avia-builder-el-first '><span class='hr-inner '><span class=\"hr-inner-style\"><\/span><\/span><\/div>\n\n<style type=\"text\/css\" data-created_by=\"avia_inline_auto\" id=\"style-css-av-8x5gs-a6715e1ab4569c28750069ad6602f1a4\">\n.flex_column.av-8x5gs-a6715e1ab4569c28750069ad6602f1a4{\n-webkit-border-radius:0px 0px 0px 0px;\n-moz-border-radius:0px 0px 0px 0px;\nborder-radius:0px 0px 0px 0px;\npadding:0px 0px 0px 0px;\n}\n<\/style>\n<div class='flex_column av-8x5gs-a6715e1ab4569c28750069ad6602f1a4 av_one_full  avia-builder-el-5  el_after_av_hr  avia-builder-el-last  first flex_column_div av-zero-column-padding '     ><section  class='av_textblock_section av-kz46lfuc-b85e59284eb4e5eac7711f4fd6b2e550'  itemscope=\"itemscope\" itemtype=\"https:\/\/schema.org\/CreativeWork\" ><div class='avia_textblock'  itemprop=\"text\" ><p><strong>Die folgenden Bestimmungen gelten f\u00fcr die Nutzung dieser Website. Haftung f\u00fcr Inhalte<br \/>Als Diensteanbieter sind wir gem\u00e4\u00df \u00a7 7 Abs. 1 TMG f\u00fcr eigene Inhalte auf diesen Seiten nach den allgemeinen Gesetzen verantwortlich. <\/strong><\/p>\n<p>Gem\u00e4\u00df \u00a7\u00a7 8 bis 10 TMG sind wir jedoch nicht verpflichtet, \u00fcbermittelte oder gespeicherte fremde Informationen zu \u00fcberwachen oder nach Umst\u00e4nden zu forschen, die auf eine rechtswidrige T\u00e4tigkeit hinweisen. Eine Haftung ist erst ab dem Zeitpunkt der Kenntnis einer konkreten Rechtsverletzung m\u00f6glich. Bei Bekanntwerden entsprechender Rechtsverletzungen werden wir die betreffenden Inhalte umgehend entfernen.  <\/p>\n<p>Haftung f\u00fcr Links<br \/>Unsere Website enth\u00e4lt Links zu externen Websites Dritter, auf deren Inhalte wir keinen Einfluss haben. Deshalb k\u00f6nnen wir f\u00fcr diese fremden Inhalte keine Gew\u00e4hr \u00fcbernehmen. F\u00fcr die Inhalte der verlinkten Seiten ist stets der jeweilige Anbieter oder Betreiber verantwortlich. <\/p>\n<p>Zum Zeitpunkt der Verlinkung wurden die Seiten auf m\u00f6gliche Rechtsverst\u00f6\u00dfe \u00fcberpr\u00fcft. Rechtswidrige Inhalte waren nicht erkennbar. Bei Bekanntwerden von Rechtsverletzungen werden derartige Links umgehend entfernt. Urheberrecht<br \/>Die durch den Betreiber dieser Website erstellten Inhalte und Werke unterliegen dem Urheberrecht.<br \/>Beitr\u00e4ge Dritter sind als solche gekennzeichnet. Die Vervielf\u00e4ltigung, Bearbeitung, Verbreitung oder jede Art der Verwertung au\u00dferhalb der Grenzen des Urheberrechts bedarf der vorherigen schriftlichen Zustimmung des jeweiligen Rechteinhabers.<br \/>Downloads und Kopien dieser Seite sind nur f\u00fcr den privaten, nicht kommerziellen Gebrauch gestattet.  <\/p>\n<p>Technische Hinweise<br \/>Sollten Sie auf dieser Website technische Probleme oder Fehler feststellen, bitten wir um entsprechende Mitteilung. Soweit dies m\u00f6glich und erforderlich ist, werden wir versuchen, die St\u00f6rung zu beheben. Datenschutz<br \/>Informationen zur Verarbeitung personenbezogener Daten finden Sie in unserer separaten Datenschutzerkl\u00e4rung gem\u00e4\u00df DSGVO und TTDSG. <\/p>\n<p>Hinweis zur Erstellung<br \/>\nDieser Haftungsausschluss basiert auf einem Muster von:<br \/><a href=\"http:\/\/www.cordemeyerslager.nl\/\">Cordemeyer &amp; Slager<\/a> \/ Advocaten: LawyersforIT<br \/>Haarlem (Niederlande)<br \/>Kontakt: <a href=\"mailto:cs@cordemeyerslager.nl\">cs@cordemeyerslager.nl<\/a><br \/>Website: <a href=\"http:\/\/www.cordemeyerslager.nl\/\">www.cordemeyerslager.nl<\/a><\/p>\n<\/div><\/section><\/div>\n","protected":false},"excerpt":{"rendered":"","protected":false},"author":1,"featured_media":0,"parent":0,"menu_order":0,"comment_status":"closed","ping_status":"closed","template":"","meta":{"inline_featured_image":false,"footnotes":""},"class_list":["post-2173","page","type-page","status-publish","hentry"],"_links":{"self":[{"href":"https:\/\/vectormm.nl\/de\/wp-json\/wp\/v2\/pages\/2173","targetHints":{"allow":["GET"]}}],"collection":[{"href":"https:\/\/vectormm.nl\/de\/wp-json\/wp\/v2\/pages"}],"about":[{"href":"https:\/\/vectormm.nl\/de\/wp-json\/wp\/v2\/types\/page"}],"author":[{"embeddable":true,"href":"https:\/\/vectormm.nl\/de\/wp-json\/wp\/v2\/users\/1"}],"replies":[{"embeddable":true,"href":"https:\/\/vectormm.nl\/de\/wp-json\/wp\/v2\/comments?post=2173"}],"version-history":[{"count":0,"href":"https:\/\/vectormm.nl\/de\/wp-json\/wp\/v2\/pages\/2173\/revisions"}],"wp:attachment":[{"href":"https:\/\/vectormm.nl\/de\/wp-json\/wp\/v2\/media?parent=2173"}],"curies":[{"name":"wp","href":"https:\/\/api.w.org\/{rel}","templated":true}]}}