{"id":2168,"date":"2021-08-02T07:03:02","date_gmt":"2021-08-02T05:03:02","guid":{"rendered":"https:\/\/vectormm.nl\/vorgehensweise\/"},"modified":"2026-03-24T15:19:27","modified_gmt":"2026-03-24T14:19:27","slug":"vorgehensweise","status":"publish","type":"page","link":"https:\/\/vectormm.nl\/de\/vorgehensweise\/","title":{"rendered":"Vorgehensweise"},"content":{"rendered":"<div id='av_section_1'  class='avia-section av-27zreu-a75214b59eb1c841b41f0a0d808e83a3 main_color avia-section-default avia-no-border-styling  avia-builder-el-0  el_before_av_section  avia-builder-el-first  inner-page-header with-image avia-bg-style-scroll container_wrap fullsize'  ><div class='container av-section-cont-open' ><main  role=\"main\" itemprop=\"mainContentOfPage\"  class='template-page content  av-content-full alpha units'><div class='post-entry post-entry-type-page post-entry-2168'><div class='entry-content-wrapper clearfix'>\n\n<style type=\"text\/css\" data-created_by=\"avia_inline_auto\" id=\"style-css-av-203x1q-9ee977b43236ca4c17c46c9c8e8036a0\">\n.flex_column.av-203x1q-9ee977b43236ca4c17c46c9c8e8036a0{\n-webkit-border-radius:0px 0px 0px 0px;\n-moz-border-radius:0px 0px 0px 0px;\nborder-radius:0px 0px 0px 0px;\npadding:0px 0px 0px 0px;\n}\n<\/style>\n<div class='flex_column av-203x1q-9ee977b43236ca4c17c46c9c8e8036a0 av_one_half  avia-builder-el-1  el_before_av_one_half  avia-builder-el-first  first flex_column_div av-zero-column-padding '     ><style type=\"text\/css\" data-created_by=\"avia_inline_auto\" id=\"style-css-av-1wwv2m-f041fb092a188e546811fad24dead319\">\n#top .av-special-heading.av-1wwv2m-f041fb092a188e546811fad24dead319{\npadding-bottom:10px;\n}\nbody .av-special-heading.av-1wwv2m-f041fb092a188e546811fad24dead319 .av-special-heading-tag .heading-char{\nfont-size:25px;\n}\n.av-special-heading.av-1wwv2m-f041fb092a188e546811fad24dead319 .av-subheading{\nfont-size:15px;\n}\n<\/style>\n<div  class='av-special-heading av-1wwv2m-f041fb092a188e546811fad24dead319 av-special-heading-h1 blockquote modern-quote  avia-builder-el-2  avia-builder-el-no-sibling '><h1 class='av-special-heading-tag'  itemprop=\"headline\"  >Vorgehensweise<\/h1><div class=\"special-heading-border\"><div class=\"special-heading-inner-border\"><\/div><\/div><\/div><\/div>\n<style type=\"text\/css\" data-created_by=\"avia_inline_auto\" id=\"style-css-av-1paxym-4c2982565a38316907586c8e266cc194\">\n.flex_column.av-1paxym-4c2982565a38316907586c8e266cc194{\n-webkit-border-radius:0px 0px 0px 0px;\n-moz-border-radius:0px 0px 0px 0px;\nborder-radius:0px 0px 0px 0px;\npadding:0px 0px 0px 0px;\n}\n<\/style>\n<div class='flex_column av-1paxym-4c2982565a38316907586c8e266cc194 av_one_half  avia-builder-el-3  el_after_av_one_half  avia-builder-el-last  flex_column_div av-zero-column-padding '     ><style type=\"text\/css\" data-created_by=\"avia_inline_auto\" id=\"style-css-av-1mum6e-a131b72924efee3d4028a15742668ab0\">\n.avia-image-container.av-1mum6e-a131b72924efee3d4028a15742668ab0 img.avia_image{\nbox-shadow:none;\n}\n.avia-image-container.av-1mum6e-a131b72924efee3d4028a15742668ab0 .av-image-caption-overlay-center{\ncolor:#ffffff;\n}\n<\/style>\n<div  class='avia-image-container av-1mum6e-a131b72924efee3d4028a15742668ab0 av-styling- avia-align-center  avia-builder-el-4  avia-builder-el-no-sibling  image-right-bottom-shadow'   itemprop=\"image\" itemscope=\"itemscope\" itemtype=\"https:\/\/schema.org\/ImageObject\" ><div class=\"avia-image-container-inner\"><div class=\"avia-image-overlay-wrap\"><img decoding=\"async\" class='wp-image-427 avia-img-lazy-loading-not-427 avia_image ' src=\"https:\/\/vectormm.nl\/wp-content\/uploads\/2022\/01\/werkwijze.jpg\" alt='' title=''  height=\"292\" width=\"562\"  itemprop=\"thumbnailUrl\" srcset=\"https:\/\/vectormm.nl\/wp-content\/uploads\/2022\/01\/werkwijze.jpg 562w, https:\/\/vectormm.nl\/wp-content\/uploads\/2022\/01\/werkwijze-300x156.jpg 300w\" sizes=\"(max-width: 562px) 100vw, 562px\" \/><\/div><\/div><\/div><\/div>\n\n<\/div><\/div><\/main><!-- close content main element --><\/div><\/div><div id='av_section_2'  class='avia-section av-1czf52-64374a0f899f27d8ed3d1c4579979efa main_color avia-section-default avia-no-border-styling  avia-builder-el-5  el_after_av_section  el_before_av_section  breadcrumbs-sec avia-bg-style-scroll container_wrap fullsize'  ><div class='container av-section-cont-open' ><div class='template-page content  av-content-full alpha units'><div class='post-entry post-entry-type-page post-entry-2168'><div class='entry-content-wrapper clearfix'>\n\n\n<\/div><\/div><\/div><!-- close content main div --><\/div><\/div><div id='av_section_3'  class='avia-section av-13avau-d4c516e3ee5d6913de493ff2693aa531 main_color avia-section-default avia-no-border-styling  avia-builder-el-7  el_after_av_section  avia-builder-el-last  page-section avia-bg-style-scroll container_wrap fullsize'  ><div class='container av-section-cont-open' ><div class='template-page content  av-content-full alpha units'><div class='post-entry post-entry-type-page post-entry-2168'><div class='entry-content-wrapper clearfix'>\n\n<style type=\"text\/css\" data-created_by=\"avia_inline_auto\" id=\"style-css-av-wtham-9be738376c5dce6b16a83d7024cf4958\">\n.flex_column.av-wtham-9be738376c5dce6b16a83d7024cf4958{\n-webkit-border-radius:0px 0px 0px 0px;\n-moz-border-radius:0px 0px 0px 0px;\nborder-radius:0px 0px 0px 0px;\npadding:0px 0px 0px 0px;\n}\n<\/style>\n<div class='flex_column av-wtham-9be738376c5dce6b16a83d7024cf4958 av_one_half  avia-builder-el-8  el_before_av_one_half  avia-builder-el-first  fill-top-gap first flex_column_div av-zero-column-padding '     ><p><section  class='av_textblock_section av-kemvi-f493b3c1e58dd1ebb90f09f95d476cba'  itemscope=\"itemscope\" itemtype=\"https:\/\/schema.org\/CreativeWork\" ><div class='avia_textblock'  itemprop=\"text\" ><p>Wenn Sie mit uns zusammenarbeiten, werden Sie merken, da\u00df wir uns so schnell wie m\u00f6glich einen klaren \u00dcberblick \u00fcber die Situation verschaffen. Mit nur wenigen Sitzungen sorgen wir f\u00fcr ein fundiertes Gesamtbild, soda\u00df wir Problembereiche identifizieren k\u00f6nnen, bei denen eine weiterf\u00fchrende Analyse den gr\u00f6\u00dften Nutzen bringt. <\/p>\n<p><strong>Zuerst untersuchen, analysieren und konzipieren<\/strong><br \/>\nGem\u00e4\u00df den 8 Elementen der OCTAM-Methode betrachten wir den aktuellen Stand der Compliance, die Unternehmensrichtlinien, die Organisationsstruktur, Strategie und operationellen Betrieb, Leistungs\u00fcberwachung sowie Evaluationszyklen. Bevor wir ein Vorgehen ausarbeiten, analysieren wir stets die gesamte Aktivit\u00e4tenkette in ihrem Zusammenhang. <\/p>\n<p><strong>Dann implementieren, testen, \u00fcberwachen und evaluieren<\/strong><br \/>\nSobald der Verbesserungsplan f\u00fcr einen spezifischen Problembereich vorgelegt und zur Umsetzung freigegeben wurde, beginnen wir mit der Implementierung in Ihren Systemen und Ihrer Organisation.<\/p>\n<p><strong>In Ihr CMMS eingebettet<\/strong><br \/>\nDie richtigen Informationen am richtigen Ort im CMMS sind keine zus\u00e4tzliche Dienstleistung, sondern das Ergebnis der angewandten OCTAM-Methodik. Dies ist unsere Kernkompetenz, durch die wir uns auszeichnen.<\/p>\n<\/div><\/section><br \/>\n\n<style type=\"text\/css\" data-created_by=\"avia_inline_auto\" id=\"style-css-av-krualqjy-0e34639f84b116c575922389ea38014c\">\n#top .hr.hr-invisible.av-krualqjy-0e34639f84b116c575922389ea38014c{\nheight:15px;\n}\n<\/style>\n<div  class='hr av-krualqjy-0e34639f84b116c575922389ea38014c hr-invisible  avia-builder-el-10  el_after_av_textblock  el_before_av_button '><span class='hr-inner '><span class=\"hr-inner-style\"><\/span><\/span><\/div><br \/>\n<div  class='avia-button-wrap av-kruam70l-355dba7471837d66f3940423e11770b7-wrap avia-button-left  avia-builder-el-11  el_after_av_hr  avia-builder-el-last '><a href='https:\/\/vectormm.nl\/contact\/'  class='avia-button av-kruam70l-355dba7471837d66f3940423e11770b7 avia-icon_select-no avia-size-small avia-position-left avia-color-theme-color'  ><span class='avia_iconbox_title' >M\u00f6chten Sie mehr \u00fcber unsere Vorgehensweise erfahren?<\/span><\/a><\/div><\/p><\/div>\n<style type=\"text\/css\" data-created_by=\"avia_inline_auto\" id=\"style-css-av-d8x3i-a2d85dc502d842e3a42a304a3b4e212f\">\n.flex_column.av-d8x3i-a2d85dc502d842e3a42a304a3b4e212f{\n-webkit-border-radius:0px 0px 0px 0px;\n-moz-border-radius:0px 0px 0px 0px;\nborder-radius:0px 0px 0px 0px;\npadding:0px 0px 0px 0px;\n}\n<\/style>\n<div class='flex_column av-d8x3i-a2d85dc502d842e3a42a304a3b4e212f av_one_half  avia-builder-el-12  el_after_av_one_half  avia-builder-el-last  flex_column_div av-zero-column-padding '     ><style type=\"text\/css\" data-created_by=\"avia_inline_auto\" id=\"style-css-av-7sgke-f6e98808268a6a63f22435f45378c5b5\">\n.avia-image-container.av-7sgke-f6e98808268a6a63f22435f45378c5b5 img.avia_image{\nbox-shadow:none;\n}\n.avia-image-container.av-7sgke-f6e98808268a6a63f22435f45378c5b5 .av-image-caption-overlay-center{\ncolor:#ffffff;\n}\n<\/style>\n<div  class='avia-image-container av-7sgke-f6e98808268a6a63f22435f45378c5b5 av-styling- avia-align-center  avia-builder-el-13  avia-builder-el-no-sibling '   itemprop=\"image\" itemscope=\"itemscope\" itemtype=\"https:\/\/schema.org\/ImageObject\" ><div class=\"avia-image-container-inner\"><div class=\"avia-image-overlay-wrap\"><img decoding=\"async\" class='wp-image-704 avia-img-lazy-loading-not-704 avia_image ' src=\"https:\/\/vectormm.nl\/wp-content\/uploads\/2022\/02\/werk.png\" alt='' title='werk'  height=\"563\" width=\"565\"  itemprop=\"thumbnailUrl\" srcset=\"https:\/\/vectormm.nl\/wp-content\/uploads\/2022\/02\/werk.png 565w, https:\/\/vectormm.nl\/wp-content\/uploads\/2022\/02\/werk-300x300.png 300w, https:\/\/vectormm.nl\/wp-content\/uploads\/2022\/02\/werk-80x80.png 80w, https:\/\/vectormm.nl\/wp-content\/uploads\/2022\/02\/werk-36x36.png 36w, https:\/\/vectormm.nl\/wp-content\/uploads\/2022\/02\/werk-180x180.png 180w\" sizes=\"(max-width: 565px) 100vw, 565px\" \/><\/div><\/div><\/div><\/div>\n","protected":false},"excerpt":{"rendered":"","protected":false},"author":1,"featured_media":0,"parent":0,"menu_order":0,"comment_status":"closed","ping_status":"closed","template":"","meta":{"inline_featured_image":false,"footnotes":""},"class_list":["post-2168","page","type-page","status-publish","hentry"],"_links":{"self":[{"href":"https:\/\/vectormm.nl\/de\/wp-json\/wp\/v2\/pages\/2168","targetHints":{"allow":["GET"]}}],"collection":[{"href":"https:\/\/vectormm.nl\/de\/wp-json\/wp\/v2\/pages"}],"about":[{"href":"https:\/\/vectormm.nl\/de\/wp-json\/wp\/v2\/types\/page"}],"author":[{"embeddable":true,"href":"https:\/\/vectormm.nl\/de\/wp-json\/wp\/v2\/users\/1"}],"replies":[{"embeddable":true,"href":"https:\/\/vectormm.nl\/de\/wp-json\/wp\/v2\/comments?post=2168"}],"version-history":[{"count":0,"href":"https:\/\/vectormm.nl\/de\/wp-json\/wp\/v2\/pages\/2168\/revisions"}],"wp:attachment":[{"href":"https:\/\/vectormm.nl\/de\/wp-json\/wp\/v2\/media?parent=2168"}],"curies":[{"name":"wp","href":"https:\/\/api.w.org\/{rel}","templated":true}]}}