{"id":2129,"date":"2022-01-21T15:22:03","date_gmt":"2022-01-21T14:22:03","guid":{"rendered":"https:\/\/vectormm.nl\/quick-scan\/"},"modified":"2026-03-25T14:16:22","modified_gmt":"2026-03-25T13:16:22","slug":"quick-scan","status":"publish","type":"page","link":"https:\/\/vectormm.nl\/de\/quick-scan\/","title":{"rendered":"Quick Scan"},"content":{"rendered":"<div id='av_section_1'  class='avia-section av-2z4ym2-a5a3c4eb050af68e6472607edb266923 main_color avia-section-default avia-no-border-styling  avia-builder-el-0  el_before_av_section  avia-builder-el-first  inner-page-header with-icon avia-bg-style-scroll container_wrap fullsize'  ><div class='container av-section-cont-open' ><main  role=\"main\" itemprop=\"mainContentOfPage\"  class='template-page content  av-content-full alpha units'><div class='post-entry post-entry-type-page post-entry-2129'><div class='entry-content-wrapper clearfix'>\n\n<style type=\"text\/css\" data-created_by=\"avia_inline_auto\" id=\"style-css-av-2qhma2-6d64a03c94d4ed37b570317a03ceb425\">\n.flex_column.av-2qhma2-6d64a03c94d4ed37b570317a03ceb425{\n-webkit-border-radius:0px 0px 0px 0px;\n-moz-border-radius:0px 0px 0px 0px;\nborder-radius:0px 0px 0px 0px;\npadding:0px 0px 0px 0px;\n}\n<\/style>\n<div class='flex_column av-2qhma2-6d64a03c94d4ed37b570317a03ceb425 av_three_fourth  avia-builder-el-1  el_before_av_one_fourth  avia-builder-el-first  first flex_column_div av-zero-column-padding '     ><style type=\"text\/css\" data-created_by=\"avia_inline_auto\" id=\"style-css-av-kyojweta-ef9862355007b875e247df9b1ff750fa\">\n#top .av-special-heading.av-kyojweta-ef9862355007b875e247df9b1ff750fa{\npadding-bottom:10px;\n}\nbody .av-special-heading.av-kyojweta-ef9862355007b875e247df9b1ff750fa .av-special-heading-tag .heading-char{\nfont-size:25px;\n}\n.av-special-heading.av-kyojweta-ef9862355007b875e247df9b1ff750fa .av-subheading{\nfont-size:15px;\n}\n<\/style>\n<div  class='av-special-heading av-kyojweta-ef9862355007b875e247df9b1ff750fa av-special-heading-h1 blockquote modern-quote  avia-builder-el-2  avia-builder-el-no-sibling '><h1 class='av-special-heading-tag'  itemprop=\"headline\"  >Quick Scan<\/h1><div class=\"special-heading-border\"><div class=\"special-heading-inner-border\"><\/div><\/div><\/div><\/div>\n<style type=\"text\/css\" data-created_by=\"avia_inline_auto\" id=\"style-css-av-2lls16-6c4cd59c48f7f06e401376aa788fe545\">\n.flex_column.av-2lls16-6c4cd59c48f7f06e401376aa788fe545{\n-webkit-border-radius:0px 0px 0px 0px;\n-moz-border-radius:0px 0px 0px 0px;\nborder-radius:0px 0px 0px 0px;\npadding:0px 0px 0px 0px;\n}\n<\/style>\n<div class='flex_column av-2lls16-6c4cd59c48f7f06e401376aa788fe545 av_one_fourth  avia-builder-el-3  el_after_av_three_fourth  avia-builder-el-last  flex_column_div av-zero-column-padding '     ><style type=\"text\/css\" data-created_by=\"avia_inline_auto\" id=\"style-css-av-8kpqa-fa3cc3af9a0a45e4348587b57e2a5b13\">\n.avia-image-container.av-8kpqa-fa3cc3af9a0a45e4348587b57e2a5b13 img.avia_image{\nbox-shadow:none;\n}\n.avia-image-container.av-8kpqa-fa3cc3af9a0a45e4348587b57e2a5b13 .av-image-caption-overlay-center{\ncolor:#ffffff;\n}\n<\/style>\n<div  class='avia-image-container av-8kpqa-fa3cc3af9a0a45e4348587b57e2a5b13 av-styling- avia-align-center  avia-builder-el-4  avia-builder-el-no-sibling '   itemprop=\"image\" itemscope=\"itemscope\" itemtype=\"https:\/\/schema.org\/ImageObject\" ><div class=\"avia-image-container-inner\"><div class=\"avia-image-overlay-wrap\"><img decoding=\"async\" class='wp-image-74 avia-img-lazy-loading-not-74 avia_image ' src=\"https:\/\/vectormm.nl\/wp-content\/uploads\/2021\/07\/icon-3-img.png\" alt='' title='icon-3-img'  height=\"120\" width=\"120\"  itemprop=\"thumbnailUrl\" srcset=\"https:\/\/vectormm.nl\/wp-content\/uploads\/2021\/07\/icon-3-img.png 120w, https:\/\/vectormm.nl\/wp-content\/uploads\/2021\/07\/icon-3-img-80x80.png 80w, https:\/\/vectormm.nl\/wp-content\/uploads\/2021\/07\/icon-3-img-36x36.png 36w\" sizes=\"(max-width: 120px) 100vw, 120px\" \/><\/div><\/div><\/div><\/div>\n\n<\/div><\/div><\/main><!-- close content main element --><\/div><\/div><div id='av_section_2'  class='avia-section av-265mfe-079513396f29cedd9b45d4b47daf75dd main_color avia-section-default avia-no-border-styling  avia-builder-el-5  el_after_av_section  el_before_av_section  breadcrumbs-sec avia-bg-style-scroll container_wrap fullsize'  ><div class='container av-section-cont-open' ><div class='template-page content  av-content-full alpha units'><div class='post-entry post-entry-type-page post-entry-2129'><div class='entry-content-wrapper clearfix'>\n\n\n<\/div><\/div><\/div><!-- close content main div --><\/div><\/div><div id='av_section_3'  class='avia-section av-726rm-639139bada29be660cf59062b74b5ac6 main_color avia-section-default avia-no-border-styling  avia-builder-el-7  el_after_av_section  el_before_av_section  page-section pt-0 avia-bg-style-scroll container_wrap fullsize'  ><div class='container av-section-cont-open' ><div class='template-page content  av-content-full alpha units'><div class='post-entry post-entry-type-page post-entry-2129'><div class='entry-content-wrapper clearfix'>\n\n<style type=\"text\/css\" data-created_by=\"avia_inline_auto\" id=\"style-css-av-1p2i4y-4c0287c84fa973428767675f7650a3ec\">\n.flex_column.av-1p2i4y-4c0287c84fa973428767675f7650a3ec{\n-webkit-border-radius:0px 0px 0px 0px;\n-moz-border-radius:0px 0px 0px 0px;\nborder-radius:0px 0px 0px 0px;\npadding:0px 0px 0px 0px;\n}\n<\/style>\n<div class='flex_column av-1p2i4y-4c0287c84fa973428767675f7650a3ec av_three_fifth  avia-builder-el-8  el_before_av_two_fifth  avia-builder-el-first  first flex_column_div av-zero-column-padding '     ><p><section  class='av_textblock_section av-kyojwrn2-aedbf6998d22daa1db75b14726aea0ad'  itemscope=\"itemscope\" itemtype=\"https:\/\/schema.org\/CreativeWork\" ><div class='avia_textblock'  itemprop=\"text\" ><p><strong>Schnelle Klarheit<\/strong><br \/>\nWenn Sie wissen m\u00f6chten, ob bestimmte Aspekte Ihrer Assets verbesserungsf\u00e4hig sind, k\u00f6nnen Sie den VectorMM Quick Scan durchf\u00fchren. Dieser ist kostenlos und v\u00f6llig unverbindlich. Warum? <br \/>Weil wir es als unsere Aufgabe betrachten, Klarheit zu schaffen. Sind Sie mit Ihrer aktuellen Struktur gut aufgestellt? Dann raten wir Ihnen, alles so zu belassen. Zeigt das Ergebnis jedoch etwas anderes, ist es m\u00f6glicherweise an der Zeit, Ihr Asset Management anders zu gestalten.       <\/p>\n<p><strong>Neugierig? Investieren Sie 15 wertvolle Minuten<br \/>\n<\/strong>Die Prinzipien einer Bestandsaufnahme, wie wir sie beim Kunden durchf\u00fchren, haben wir in einem Quick Scan zusammengefasst. So k\u00f6nnen Sie von unserer Erfahrung profitieren \u2013 anhand eines Fragenkatalogs, der Einblick in potenzielle Verbesserungsbereiche gibt. Der Quick Scan ist vollst\u00e4ndig unverbindlich, doch selbstverst\u00e4ndlich unterst\u00fctzen wir Sie gern bei einer weitergehenden Analyse des Optimierungspotenzials. Wenn Sie das nicht ben\u00f6tigen, k\u00f6nnen Sie dies einfach mit einem Klick am Ende des Scans angeben. Der Quick Scan dauert nur 15 Minuten, kann jedoch einen nahezu unbegrenzten Mehrwert liefern.<\/p>\n<\/div><\/section><br \/>\n<div  class='avia-button-wrap av-kyojww7m-4a17ae4d37fdebad6ee418eea9acaca0-wrap avia-button-left  avia-builder-el-10  el_after_av_textblock  avia-builder-el-last '><a href='https:\/\/vectormmscan.nl\/  ' class='avia-button av-kyojww7m-4a17ae4d37fdebad6ee418eea9acaca0 avia-icon_select-no avia-size-small avia-position-left avia-color-theme-color' target=\"_blank\" rel=\"noopener noreferrer\"><span class='avia_iconbox_title' >Entdecken Sie Ihr Verbesserungspotenzial<\/span><\/a><\/div><\/p><\/div>\n<style type=\"text\/css\" data-created_by=\"avia_inline_auto\" id=\"style-css-av-1l84nm-56a5782cd0ecb9f280b0232b9d10bb0e\">\n.flex_column.av-1l84nm-56a5782cd0ecb9f280b0232b9d10bb0e{\n-webkit-border-radius:0px 0px 0px 0px;\n-moz-border-radius:0px 0px 0px 0px;\nborder-radius:0px 0px 0px 0px;\npadding:0px 0px 0px 0px;\n}\n<\/style>\n<div class='flex_column av-1l84nm-56a5782cd0ecb9f280b0232b9d10bb0e av_two_fifth  avia-builder-el-11  el_after_av_three_fifth  avia-builder-el-last  flex_column_div av-zero-column-padding '     ><style type=\"text\/css\" data-created_by=\"avia_inline_auto\" id=\"style-css-av-1hgvtu-0580006126d945fb47f2bd49459ead50\">\n.avia-image-container.av-1hgvtu-0580006126d945fb47f2bd49459ead50 img.avia_image{\nbox-shadow:none;\n}\n.avia-image-container.av-1hgvtu-0580006126d945fb47f2bd49459ead50 .av-image-caption-overlay-center{\ncolor:#ffffff;\n}\n<\/style>\n<div  class='avia-image-container av-1hgvtu-0580006126d945fb47f2bd49459ead50 av-styling- avia-align-center  avia-builder-el-12  avia-builder-el-no-sibling  image-right-bottom-shadow'   itemprop=\"image\" itemscope=\"itemscope\" itemtype=\"https:\/\/schema.org\/ImageObject\" ><div class=\"avia-image-container-inner\"><div class=\"avia-image-overlay-wrap\"><img decoding=\"async\" class='wp-image-414 avia-img-lazy-loading-not-414 avia_image ' src=\"https:\/\/vectormm.nl\/wp-content\/uploads\/2022\/01\/Oplossingen-\u2013-Quickscan-Asset-performance.jpg\" alt='' title='Oplossingen \u2013 Quickscan Asset performance'  height=\"450\" width=\"565\"  itemprop=\"thumbnailUrl\" srcset=\"https:\/\/vectormm.nl\/wp-content\/uploads\/2022\/01\/Oplossingen-\u2013-Quickscan-Asset-performance.jpg 565w, https:\/\/vectormm.nl\/wp-content\/uploads\/2022\/01\/Oplossingen-\u2013-Quickscan-Asset-performance-300x239.jpg 300w\" sizes=\"(max-width: 565px) 100vw, 565px\" \/><\/div><\/div><\/div><\/div>\n\n<\/div><\/div><\/div><!-- close content main div --><\/div><\/div>\n<style type=\"text\/css\" data-created_by=\"avia_inline_auto\" id=\"style-css-av-av_section-c5b2cd1988b679e15605d328247649cd\">\n.avia-section.av-av_section-c5b2cd1988b679e15605d328247649cd{\nbackground-color:#e8e9f0;\nbackground-image:unset;\n}\n<\/style>\n<div id='klanten-cases-slider'  class='avia-section av-av_section-c5b2cd1988b679e15605d328247649cd main_color avia-section-default avia-no-border-styling  avia-builder-el-13  el_after_av_section  avia-builder-el-last  page-section avia-bg-style-scroll container_wrap fullsize'  ><div class='container av-section-cont-open' ><div class='template-page content  av-content-full alpha units'><div class='post-entry post-entry-type-page post-entry-2129'><div class='entry-content-wrapper clearfix'>\n\n<style type=\"text\/css\" data-created_by=\"avia_inline_auto\" id=\"style-css-av-av_one_full-53b0b300fb3685750664fb085c5ad19d\">\n.flex_column.av-av_one_full-53b0b300fb3685750664fb085c5ad19d{\n-webkit-border-radius:0px 0px 0px 0px;\n-moz-border-radius:0px 0px 0px 0px;\nborder-radius:0px 0px 0px 0px;\npadding:0px 0px 0px 0px;\n}\n<\/style>\n<div class='flex_column av-av_one_full-53b0b300fb3685750664fb085c5ad19d av_one_full  avia-builder-el-14  avia-builder-el-no-sibling  first flex_column_div av-zero-column-padding '     ><p>\n<style type=\"text\/css\" data-created_by=\"avia_inline_auto\" id=\"style-css-av-av_heading-0a08fbb40cdc013cae94f9cc6089fd36\">\n#top .av-special-heading.av-av_heading-0a08fbb40cdc013cae94f9cc6089fd36{\npadding-bottom:10px;\n}\nbody .av-special-heading.av-av_heading-0a08fbb40cdc013cae94f9cc6089fd36 .av-special-heading-tag .heading-char{\nfont-size:25px;\n}\n.av-special-heading.av-av_heading-0a08fbb40cdc013cae94f9cc6089fd36 .av-subheading{\nfont-size:15px;\n}\n<\/style>\n<div  class='av-special-heading av-av_heading-0a08fbb40cdc013cae94f9cc6089fd36 av-special-heading-h2 blockquote modern-quote modern-centered  avia-builder-el-15  el_before_av_testimonials  avia-builder-el-first  section-heading'><h2 class='av-special-heading-tag'  itemprop=\"headline\"  >Case Studies<\/h2><div class=\"special-heading-border\"><div class=\"special-heading-inner-border\"><\/div><\/div><\/div><br \/>\n<div  class='avia-testimonial-wrapper av-av_testimonials-fc8fa0fb8d9c0f73fc48c6d2aa435e1f avia-slider-testimonials avia-slider-2-testimonials avia_animate_when_almost_visible av-large-testimonial-slider av-slideshow-ui av-control-default av-no-slider-navigation av-slider-hover-pause av-slideshow-autoplay av-loop-endless av-loop-manual-endless' data-slideshow-options=\"{&quot;animation&quot;:&quot;fade&quot;,&quot;autoplay&quot;:true,&quot;loop_autoplay&quot;:&quot;endless&quot;,&quot;interval&quot;:5,&quot;loop_manual&quot;:&quot;manual-endless&quot;,&quot;autoplay_stopper&quot;:false,&quot;noNavigation&quot;:false,&quot;bg_slider&quot;:false,&quot;keep_padding&quot;:&quot;&quot;,&quot;hoverpause&quot;:true,&quot;show_slide_delay&quot;:0}\">\n<section class=\"avia-testimonial-row\"><div class='avia-testimonial av-av_testimonial_single-812bc0a42f00e2505611743250656697 avia-testimonial-row-1 avia-first-testimonial flex_column no_margin av_one_half'><div class='avia-testimonial_inner'  itemscope=\"itemscope\" itemtype=\"https:\/\/schema.org\/CreativeWork\" ><div class='avia-testimonial-content '><div class='avia-testimonial-markup-entry-content'  itemprop=\"text\" ><p>Aufgrund der Verf\u00fcgbarkeit von verl\u00e4sslichen Daten aus f\u00fcnf Jahren konnte VectorMM bei TotalEnergies Nederland die erste pr\u00e4zise RCM Simulation innerhalb der gesamten TotalEnergies Gruppe durchf\u00fchren. Auf dieser Grundlage konnte VectorMM Potenziale f\u00fcr effizientere Instandhaltung, eine h\u00f6here Anlagenverf\u00fcgbarkeit und erhebliche Kosteneinsparungen identifizieren \u2013 bei gleichzeitiger vollst\u00e4ndiger Compliance der Produktionsplattformen.  Dies f\u00fchrte zu einer au\u00dfergew\u00f6hnlich kurzen Amortisationszeit von nur einem Jahr f\u00fcr das gestartete Optimierungsprogramm.<\/p>\n<\/div><\/div><div class=\"avia-testimonial-meta\"><div class=\"avia-testimonial-arrow-wrap\"><div class=\"avia-arrow\"><\/div><\/div><div class='avia-testimonial-image'  itemprop=\"image\" ><img loading=\"lazy\" decoding=\"async\" width=\"180\" height=\"180\" src=\"https:\/\/vectormm.nl\/wp-content\/uploads\/2022\/01\/total.jpg\" class=\"attachment-square size-square\" alt=\"\" srcset=\"https:\/\/vectormm.nl\/wp-content\/uploads\/2022\/01\/total.jpg 180w, https:\/\/vectormm.nl\/wp-content\/uploads\/2022\/01\/total-80x80.jpg 80w, https:\/\/vectormm.nl\/wp-content\/uploads\/2022\/01\/total-36x36.jpg 36w\" sizes=\"auto, (max-width: 180px) 100vw, 180px\" \/><\/div><div class='avia-testimonial-meta-mini'  itemprop=\"author\" itemscope=\"itemscope\" itemtype=\"https:\/\/schema.org\/Person\" ><strong  class='avia-testimonial-name'  itemprop=\"name\" >Datenbasierte RCM\u2011Optimierung bei TotalEnergies<\/strong><\/div><\/div><\/div><\/div>\n<div class='avia-testimonial av-av_testimonial_single-ad4849344bbf2781d981c5d9a0fdeac6 avia-testimonial-row-1 flex_column no_margin av_one_half'><div class='avia-testimonial_inner'  itemscope=\"itemscope\" itemtype=\"https:\/\/schema.org\/CreativeWork\" ><div class='avia-testimonial-content '><div class='avia-testimonial-markup-entry-content'  itemprop=\"text\" ><p>Wie identifiziert und spezifiziert man Sicherheits- und Umweltkritische Elemente (SECEs) und integriert deren Verwaltung in das CMMS, wenn neue Richtlinien mehr Klarheit und Nachvollziehbarkeit verlangen? Bei ENI Energy richtete ein Team von VectorMM das Informationssystem so optimal ein, da\u03b2 die SECE Leistungen der Produktionsplattformen eindeutig, transparent und in Echtzeit erfasst und dargestellt werden k\u00f6nnen.<\/p>\n<\/div><\/div><div class=\"avia-testimonial-meta\"><div class=\"avia-testimonial-arrow-wrap\"><div class=\"avia-arrow\"><\/div><\/div><div class='avia-testimonial-image'  itemprop=\"image\" ><img loading=\"lazy\" decoding=\"async\" width=\"180\" height=\"180\" src=\"https:\/\/vectormm.nl\/wp-content\/uploads\/2026\/03\/eni-logo_200-180x180.jpg\" class=\"attachment-square size-square\" alt=\"\" srcset=\"https:\/\/vectormm.nl\/wp-content\/uploads\/2026\/03\/eni-logo_200-180x180.jpg 180w, https:\/\/vectormm.nl\/wp-content\/uploads\/2026\/03\/eni-logo_200-80x80.jpg 80w, https:\/\/vectormm.nl\/wp-content\/uploads\/2026\/03\/eni-logo_200-36x36.jpg 36w, https:\/\/vectormm.nl\/wp-content\/uploads\/2026\/03\/eni-logo_200.jpg 200w\" sizes=\"auto, (max-width: 180px) 100vw, 180px\" \/><\/div><div class='avia-testimonial-meta-mini'  itemprop=\"author\" itemscope=\"itemscope\" itemtype=\"https:\/\/schema.org\/Person\" ><strong  class='avia-testimonial-name'  itemprop=\"name\" >Gesicherte und transparente Verwaltung der SECEs bei ENI Energy<\/strong><\/div><\/div><\/div><\/div>\n<div class='avia-testimonial av-av_testimonial_single-17f28118185c73914b27a539842a006c avia-testimonial-row-1 flex_column no_margin av_one_half'><div class='avia-testimonial_inner'  itemscope=\"itemscope\" itemtype=\"https:\/\/schema.org\/CreativeWork\" ><div class='avia-testimonial-content '><div class='avia-testimonial-markup-entry-content'  itemprop=\"text\" ><p>Prozesse zu steuern und die richtigen Entscheidungen zu treffen, erfordert intelligente Unternehmensinformationssysteme. Auf Wunsch von TAQA integrierte VectorMM die Business Intelligence Software BICycle in ihre Systeme. Dabei erwies es sich als \u00e4u\u00dferst effektiv, auch externe Datenquellen anzubinden, wodurch viel manuelle Arbeit \u00fcberfl\u00fcssig wurde. Mit einem einfachen Mausklick kann der Kunde nun \u00fcbersichtliche Informationen aus gut strukturierten Dashboards generieren.<\/p>\n<\/div><\/div><div class=\"avia-testimonial-meta\"><div class=\"avia-testimonial-arrow-wrap\"><div class=\"avia-arrow\"><\/div><\/div><div class='avia-testimonial-image'  itemprop=\"image\" ><img loading=\"lazy\" decoding=\"async\" width=\"180\" height=\"180\" src=\"https:\/\/vectormm.nl\/wp-content\/uploads\/2026\/03\/taqa-logo_200-180x180.jpg\" class=\"attachment-square size-square\" alt=\"\" srcset=\"https:\/\/vectormm.nl\/wp-content\/uploads\/2026\/03\/taqa-logo_200-180x180.jpg 180w, https:\/\/vectormm.nl\/wp-content\/uploads\/2026\/03\/taqa-logo_200-80x80.jpg 80w, https:\/\/vectormm.nl\/wp-content\/uploads\/2026\/03\/taqa-logo_200-36x36.jpg 36w, https:\/\/vectormm.nl\/wp-content\/uploads\/2026\/03\/taqa-logo_200.jpg 200w\" sizes=\"auto, (max-width: 180px) 100vw, 180px\" \/><\/div><div class='avia-testimonial-meta-mini'  itemprop=\"author\" itemscope=\"itemscope\" itemtype=\"https:\/\/schema.org\/Person\" ><strong  class='avia-testimonial-name'  itemprop=\"name\" >Business-Intelligence-System f\u00fcr TAQA<\/strong><\/div><\/div><\/div><\/div>\n<\/section><div class='avia-slideshow-arrows avia-slideshow-controls' ><a href='#prev' class='prev-slide ' aria-hidden='true' data-av_icon='\ue87c' data-av_iconfont='entypo-fontello'  tabindex='-1'>Zur\u00fcck<\/a><a href='#next' class='next-slide ' aria-hidden='true' data-av_icon='\ue87d' data-av_iconfont='entypo-fontello'  tabindex='-1'>Weiter<\/a><\/div><\/div><br \/>\n<div  class='avia-button-wrap av-av_button-cfe503370282c9b6fa18d38e55986a48-wrap avia-button-center  avia-builder-el-17  el_after_av_testimonials  avia-builder-el-last  link-btn'><a href='https:\/\/vectormm.nl\/klanten-cases\/'  class='avia-button av-av_button-cfe503370282c9b6fa18d38e55986a48 avia-icon_select-no avia-size-small avia-position-center avia-color-theme-color'  ><span class='avia_iconbox_title' >Case Studies<\/span><\/a><\/div><\/p><\/div>\n\n","protected":false},"excerpt":{"rendered":"","protected":false},"author":1,"featured_media":0,"parent":0,"menu_order":0,"comment_status":"closed","ping_status":"closed","template":"","meta":{"inline_featured_image":false,"footnotes":""},"class_list":["post-2129","page","type-page","status-publish","hentry"],"_links":{"self":[{"href":"https:\/\/vectormm.nl\/de\/wp-json\/wp\/v2\/pages\/2129","targetHints":{"allow":["GET"]}}],"collection":[{"href":"https:\/\/vectormm.nl\/de\/wp-json\/wp\/v2\/pages"}],"about":[{"href":"https:\/\/vectormm.nl\/de\/wp-json\/wp\/v2\/types\/page"}],"author":[{"embeddable":true,"href":"https:\/\/vectormm.nl\/de\/wp-json\/wp\/v2\/users\/1"}],"replies":[{"embeddable":true,"href":"https:\/\/vectormm.nl\/de\/wp-json\/wp\/v2\/comments?post=2129"}],"version-history":[{"count":0,"href":"https:\/\/vectormm.nl\/de\/wp-json\/wp\/v2\/pages\/2129\/revisions"}],"wp:attachment":[{"href":"https:\/\/vectormm.nl\/de\/wp-json\/wp\/v2\/media?parent=2129"}],"curies":[{"name":"wp","href":"https:\/\/api.w.org\/{rel}","templated":true}]}}