{"id":2119,"date":"2021-08-03T13:20:36","date_gmt":"2021-08-03T11:20:36","guid":{"rendered":"https:\/\/vectormm.nl\/stellenangebote\/"},"modified":"2026-02-26T14:58:24","modified_gmt":"2026-02-26T13:58:24","slug":"stellenangebote","status":"publish","type":"page","link":"https:\/\/vectormm.nl\/de\/stellenangebote\/","title":{"rendered":"Stellenangebote"},"content":{"rendered":"<div id='av_section_1'  class='avia-section av-155cvn-4ff080b3754ad18fa7e253002a39a9c4 main_color avia-section-default avia-no-border-styling  avia-builder-el-0  el_before_av_section  avia-builder-el-first  inner-page-header with-image avia-bg-style-scroll container_wrap fullsize'  ><div class='container av-section-cont-open' ><main  role=\"main\" itemprop=\"mainContentOfPage\"  class='template-page content  av-content-full alpha units'><div class='post-entry post-entry-type-page post-entry-2119'><div class='entry-content-wrapper clearfix'>\n\n<style type=\"text\/css\" data-created_by=\"avia_inline_auto\" id=\"style-css-av-y6aar-73fddc5d78eb4613cf7735c30942ebe3\">\n.flex_column.av-y6aar-73fddc5d78eb4613cf7735c30942ebe3{\n-webkit-border-radius:0px 0px 0px 0px;\n-moz-border-radius:0px 0px 0px 0px;\nborder-radius:0px 0px 0px 0px;\npadding:0px 0px 0px 0px;\n}\n<\/style>\n<div class='flex_column av-y6aar-73fddc5d78eb4613cf7735c30942ebe3 av_one_half  avia-builder-el-1  el_before_av_one_half  avia-builder-el-first  first flex_column_div av-zero-column-padding '     ><style type=\"text\/css\" data-created_by=\"avia_inline_auto\" id=\"style-css-av-krukvd2g-dde263606e6a3ba3dee6c4a73e06282d\">\n#top .av-special-heading.av-krukvd2g-dde263606e6a3ba3dee6c4a73e06282d{\npadding-bottom:10px;\n}\nbody .av-special-heading.av-krukvd2g-dde263606e6a3ba3dee6c4a73e06282d .av-special-heading-tag .heading-char{\nfont-size:25px;\n}\n.av-special-heading.av-krukvd2g-dde263606e6a3ba3dee6c4a73e06282d .av-subheading{\nfont-size:15px;\n}\n<\/style>\n<div  class='av-special-heading av-krukvd2g-dde263606e6a3ba3dee6c4a73e06282d av-special-heading-h1 blockquote modern-quote  avia-builder-el-2  avia-builder-el-no-sibling '><h1 class='av-special-heading-tag'  itemprop=\"headline\"  >Stellenangebote<\/h1><div class=\"special-heading-border\"><div class=\"special-heading-inner-border\"><\/div><\/div><\/div><\/div>\n<style type=\"text\/css\" data-created_by=\"avia_inline_auto\" id=\"style-css-av-s7qj7-85fc0ce5626e039936fa2558a812a3db\">\n.flex_column.av-s7qj7-85fc0ce5626e039936fa2558a812a3db{\n-webkit-border-radius:0px 0px 0px 0px;\n-moz-border-radius:0px 0px 0px 0px;\nborder-radius:0px 0px 0px 0px;\npadding:0px 0px 0px 0px;\n}\n<\/style>\n<div class='flex_column av-s7qj7-85fc0ce5626e039936fa2558a812a3db av_one_half  avia-builder-el-3  el_after_av_one_half  avia-builder-el-last  flex_column_div av-zero-column-padding '     ><style type=\"text\/css\" data-created_by=\"avia_inline_auto\" id=\"style-css-av-k9hqz-710a4e3ae297022973c6d092f0fe1a6a\">\n.avia-image-container.av-k9hqz-710a4e3ae297022973c6d092f0fe1a6a img.avia_image{\nbox-shadow:none;\n}\n.avia-image-container.av-k9hqz-710a4e3ae297022973c6d092f0fe1a6a .av-image-caption-overlay-center{\ncolor:#ffffff;\n}\n<\/style>\n<div  class='avia-image-container av-k9hqz-710a4e3ae297022973c6d092f0fe1a6a av-styling- avia-align-center  avia-builder-el-4  avia-builder-el-no-sibling  image-right-bottom-shadow'   itemprop=\"image\" itemscope=\"itemscope\" itemtype=\"https:\/\/schema.org\/ImageObject\" ><div class=\"avia-image-container-inner\"><div class=\"avia-image-overlay-wrap\"><img decoding=\"async\" class='wp-image-726 avia-img-lazy-loading-not-726 avia_image ' src=\"https:\/\/vectormm.nl\/wp-content\/uploads\/2022\/02\/overons.jpg\" alt='' title='overons'  height=\"292\" width=\"562\"  itemprop=\"thumbnailUrl\" srcset=\"https:\/\/vectormm.nl\/wp-content\/uploads\/2022\/02\/overons.jpg 562w, https:\/\/vectormm.nl\/wp-content\/uploads\/2022\/02\/overons-300x156.jpg 300w\" sizes=\"(max-width: 562px) 100vw, 562px\" \/><\/div><\/div><\/div><\/div>\n\n<\/div><\/div><\/main><!-- close content main element --><\/div><\/div><div id='av_section_2'  class='avia-section av-g23wj-ca5cf80c3a13dd120a721a4389b523cf main_color avia-section-default avia-no-border-styling  avia-builder-el-5  el_after_av_section  el_before_av_section  breadcrumbs-sec avia-bg-style-scroll container_wrap fullsize'  ><div class='container av-section-cont-open' ><div class='template-page content  av-content-full alpha units'><div class='post-entry post-entry-type-page post-entry-2119'><div class='entry-content-wrapper clearfix'>\n\n\n<\/div><\/div><\/div><!-- close content main div --><\/div><\/div><div id='av_section_3'  class='avia-section av-krukwt5u-d5f6a28cbc7f97ac42d23a7f0f2d2d67 main_color avia-section-default avia-no-border-styling  avia-builder-el-7  el_after_av_section  avia-builder-el-last  page-section pt-0 avia-bg-style-scroll container_wrap fullsize'  ><div class='container av-section-cont-open' ><div class='template-page content  av-content-full alpha units'><div class='post-entry post-entry-type-page post-entry-2119'><div class='entry-content-wrapper clearfix'>\n\n<style type=\"text\/css\" data-created_by=\"avia_inline_auto\" id=\"style-css-av-kz459orq-689d722ecbb0583e81bcc8455ec18f3c\">\n#top .hr.hr-invisible.av-kz459orq-689d722ecbb0583e81bcc8455ec18f3c{\nheight:50px;\n}\n<\/style>\n<div  class='hr av-kz459orq-689d722ecbb0583e81bcc8455ec18f3c hr-invisible  avia-builder-el-8  el_before_av_textblock  avia-builder-el-first '><span class='hr-inner '><span class=\"hr-inner-style\"><\/span><\/span><\/div>\n<section  class='av_textblock_section av-krukxhx2-0d2d9525b871b649f516a96eb407c91e'  itemscope=\"itemscope\" itemtype=\"https:\/\/schema.org\/CreativeWork\" ><div class='avia_textblock'  itemprop=\"text\" ><p>VectorMM strebt ein solides Wachstum an, bei dem die Aufrechterhaltung unserer hohen Qualit\u00e4tsstandards stets im Vordergrund steht. Zur Verst\u00e4rkung unseres Teams suchen wir folgende Talente:<\/p>\n<\/div><\/section>\n<section  class='av_textblock_section av-kt8km4c8-2ccf3938ac7d1f801990629ab80f33a2'  itemscope=\"itemscope\" itemtype=\"https:\/\/schema.org\/CreativeWork\" ><div class='avia_textblock vacatures-list'  itemprop=\"text\" ><div class=\"custom-post-vacature-parent\"><div class=\"custom-post-vacature\"><h2 class=\"custom-post-vacature-title\"><a class=\"custom-post-vacature-link\" href=\"https:\/\/vectormm.nl\/de\/vacature\/stellenangebot-junior-instandhaltungsingenieur-bei-vectormm-32-40-stunden\/\">Stellenangebot Junior Instandhaltungsingenieur bei VectorMM (32\u201340 Stunden)<\/a><\/h2><p class=\"custom-post-vacature-short-desc\">Als Junior Instandhaltungsingenieur mit IT\u2011 &amp; BI\u2011Affinit\u00e4t bei VectorMM (32\u201340 Stunden) begleiten wir dich in einem unserer spannenden Projekte bei einem unserer namhaften Auftraggeber. Unsere Kunden arbeiten mit einer Vielzahl von Informationssystemen, in denen wertvolle Daten verarbeitet werden. \r\n\r\nDu setzt dein Wissen und deine Erfahrung ein, um die Zuverl\u00e4ssigkeit und Effizienz von Anlagen zu analysieren, die Arbeitsausf\u00fchrung zu optimieren und Arbeitsabl\u00e4ufe zu steuern. Du orientierst dich an den Zielen unserer Kunden, den Asset\u2011Eigent\u00fcmern: sicher, nachweisbar und kosteneffizient zu operieren. Mit deinen Dashboards und Berichten sorgst du daf\u00fcr, da\u03b2 die Gesch\u00e4ftsprozesse dauerhaft unter Kontrolle bleiben.  \r\n\r\nDu hast einen Hintergrund in Business IT, Data Analytics, Data Engineering oder als Business Analyst. Du hast gute Grundkenntnisse dar\u00fcber, wie man Daten aus klassischen ERP\u2011Systemen und Datenbanken extrahiert und verstehst deren Struktur. \r\n\r\nMit Unterst\u00fctzung eines erfahrenen Kollegen als Coach sorgen wir daf\u00fcr, dass du dich schnell professionell weiterentwickelst.<\/p><a class=\"custom-post-vacature-read-more-link\" href=\"https:\/\/vectormm.nl\/de\/vacature\/stellenangebot-junior-instandhaltungsingenieur-bei-vectormm-32-40-stunden\/\">Mehr lesen<\/a><\/div><\/div>\n<\/div><\/section>\n<section  class='av_textblock_section av-kz5wgz8r-7bb4ea9de9f7c6b8f37b17425568d3f1'  itemscope=\"itemscope\" itemtype=\"https:\/\/schema.org\/CreativeWork\" ><div class='avia_textblock'  itemprop=\"text\" ><p><strong>Siehst du derzeit keine passende Stelle, m\u00f6chtest aber trotzdem gerne bei VectorMM arbeiten? <br \/>Dann laden wir dich herzlich ein, dich direkt online zu bewerben. Klicke auf die Schaltfl\u00e4che unten, beantworte die Fragen und sende uns deinen Lebenslauf sowie dein Motivationsschreiben.  <\/strong><\/p>\n<\/div><\/section>\n<div  class='avia-button-wrap av-kz5whmhz-6859e67b9457132577be0e7c72895a0a-wrap avia-button-left '><a href='https:\/\/vectormm.nl\/de\/bewerben-sie-sich-direkt-online\/'  class='avia-button av-kz5whmhz-6859e67b9457132577be0e7c72895a0a avia-icon_select-no avia-size-medium avia-position-left avia-color-theme-color'  ><span class='avia_iconbox_title' >Jetzt direkt online bewerben<\/span><\/a><\/div>\n\n","protected":false},"excerpt":{"rendered":"","protected":false},"author":1,"featured_media":0,"parent":0,"menu_order":0,"comment_status":"closed","ping_status":"closed","template":"","meta":{"inline_featured_image":false,"footnotes":""},"class_list":["post-2119","page","type-page","status-publish","hentry"],"_links":{"self":[{"href":"https:\/\/vectormm.nl\/de\/wp-json\/wp\/v2\/pages\/2119","targetHints":{"allow":["GET"]}}],"collection":[{"href":"https:\/\/vectormm.nl\/de\/wp-json\/wp\/v2\/pages"}],"about":[{"href":"https:\/\/vectormm.nl\/de\/wp-json\/wp\/v2\/types\/page"}],"author":[{"embeddable":true,"href":"https:\/\/vectormm.nl\/de\/wp-json\/wp\/v2\/users\/1"}],"replies":[{"embeddable":true,"href":"https:\/\/vectormm.nl\/de\/wp-json\/wp\/v2\/comments?post=2119"}],"version-history":[{"count":0,"href":"https:\/\/vectormm.nl\/de\/wp-json\/wp\/v2\/pages\/2119\/revisions"}],"wp:attachment":[{"href":"https:\/\/vectormm.nl\/de\/wp-json\/wp\/v2\/media?parent=2119"}],"curies":[{"name":"wp","href":"https:\/\/api.w.org\/{rel}","templated":true}]}}