{"id":2113,"date":"2022-02-01T11:51:33","date_gmt":"2022-02-01T10:51:33","guid":{"rendered":"https:\/\/vectormm.nl\/kunden-cases\/business-intelligence-system-fuer-taqa\/"},"modified":"2026-02-17T13:46:10","modified_gmt":"2026-02-17T12:46:10","slug":"business-intelligence-system-fuer-taqa","status":"publish","type":"page","link":"https:\/\/vectormm.nl\/de\/kunden-cases\/business-intelligence-system-fuer-taqa\/","title":{"rendered":"Business Intelligence System f\u00fcr TAQA"},"content":{"rendered":"<div id='av_section_1'  class='avia-section av-8rq7m-34139d4c6ff34c168b2e566a80ba6820 main_color avia-section-default avia-no-border-styling  avia-builder-el-0  el_before_av_section  avia-builder-el-first  inner-page-header avia-bg-style-scroll container_wrap fullsize'  ><div class='container av-section-cont-open' ><main  role=\"main\" itemprop=\"mainContentOfPage\"  class='template-page content  av-content-full alpha units'><div class='post-entry post-entry-type-page post-entry-2113'><div class='entry-content-wrapper clearfix'>\n\n<style type=\"text\/css\" data-created_by=\"avia_inline_auto\" id=\"style-css-av-294h1m-6f66e3acaaf56d20eaa6d7852dbfdaba\">\n.flex_column.av-294h1m-6f66e3acaaf56d20eaa6d7852dbfdaba{\n-webkit-border-radius:0px 0px 0px 0px;\n-moz-border-radius:0px 0px 0px 0px;\nborder-radius:0px 0px 0px 0px;\npadding:0px 0px 0px 0px;\n}\n<\/style>\n<div class='flex_column av-294h1m-6f66e3acaaf56d20eaa6d7852dbfdaba av_one_full  avia-builder-el-1  avia-builder-el-no-sibling  first flex_column_div av-zero-column-padding '     ><style type=\"text\/css\" data-created_by=\"avia_inline_auto\" id=\"style-css-av-23l87e-17d2ac8c2e2637ff0d0bf0e6ef1ce3c8\">\n#top .av-special-heading.av-23l87e-17d2ac8c2e2637ff0d0bf0e6ef1ce3c8{\npadding-bottom:10px;\n}\nbody .av-special-heading.av-23l87e-17d2ac8c2e2637ff0d0bf0e6ef1ce3c8 .av-special-heading-tag .heading-char{\nfont-size:25px;\n}\n.av-special-heading.av-23l87e-17d2ac8c2e2637ff0d0bf0e6ef1ce3c8 .av-subheading{\nfont-size:15px;\n}\n<\/style>\n<div  class='av-special-heading av-23l87e-17d2ac8c2e2637ff0d0bf0e6ef1ce3c8 av-special-heading-h1 blockquote modern-quote modern-centered  avia-builder-el-2  avia-builder-el-no-sibling '><h1 class='av-special-heading-tag'  itemprop=\"headline\"  >Business Intelligence System f\u00fcr TAQA<\/h1><div class=\"special-heading-border\"><div class=\"special-heading-inner-border\"><\/div><\/div><\/div><\/div>\n\n<\/div><\/div><\/main><!-- close content main element --><\/div><\/div>\n<style type=\"text\/css\" data-created_by=\"avia_inline_auto\" id=\"style-css-av-6yai2-ffa9b1239920169d82bc2e3f678f51d0\">\n.avia-section.av-6yai2-ffa9b1239920169d82bc2e3f678f51d0{\nbackground-color:#e8e9f0;\nbackground-image:unset;\n}\n<\/style>\n<div id='av_section_2'  class='avia-section av-6yai2-ffa9b1239920169d82bc2e3f678f51d0 main_color avia-section-default avia-no-border-styling  avia-builder-el-3  el_after_av_section  el_before_av_section  breadcrumbs-sec avia-bg-style-scroll container_wrap fullsize'  ><div class='container av-section-cont-open' ><div class='template-page content  av-content-full alpha units'><div class='post-entry post-entry-type-page post-entry-2113'><div class='entry-content-wrapper clearfix'>\n\n\n<\/div><\/div><\/div><!-- close content main div --><\/div><\/div>\n<style type=\"text\/css\" data-created_by=\"avia_inline_auto\" id=\"style-css-av-1ksw7m-a24fc375e1e241c159d8911588bae9be\">\n.avia-section.av-1ksw7m-a24fc375e1e241c159d8911588bae9be{\nbackground-color:#e8e9f0;\nbackground-image:unset;\n}\n<\/style>\n<div id='av_section_3'  class='avia-section av-1ksw7m-a24fc375e1e241c159d8911588bae9be main_color avia-section-default avia-no-border-styling  avia-builder-el-5  el_after_av_section  el_before_av_section  page-section klant-detail-section pt-0 avia-bg-style-scroll container_wrap fullsize'  ><div class='container av-section-cont-open' ><div class='template-page content  av-content-full alpha units'><div class='post-entry post-entry-type-page post-entry-2113'><div class='entry-content-wrapper clearfix'>\n\n<style type=\"text\/css\" data-created_by=\"avia_inline_auto\" id=\"style-css-av-5bzqi-6d6c4c8c58c20fe5e1d296d74aa861ab\">\n.avia-image-container.av-5bzqi-6d6c4c8c58c20fe5e1d296d74aa861ab img.avia_image{\nbox-shadow:none;\n}\n.avia-image-container.av-5bzqi-6d6c4c8c58c20fe5e1d296d74aa861ab .av-image-caption-overlay-center{\ncolor:#ffffff;\n}\n<\/style>\n<div  class='avia-image-container av-5bzqi-6d6c4c8c58c20fe5e1d296d74aa861ab av-styling- avia-align-center  avia-builder-el-6  el_before_av_textblock  avia-builder-el-first '   itemprop=\"image\" itemscope=\"itemscope\" itemtype=\"https:\/\/schema.org\/ImageObject\" ><div class=\"avia-image-container-inner\"><div class=\"avia-image-overlay-wrap\"><img decoding=\"async\" class='wp-image-1393 avia-img-lazy-loading-not-1393 avia_image ' src=\"https:\/\/vectormm.nl\/wp-content\/uploads\/2022\/02\/taqa2-1-300x195.png\" alt='' title='taqa2'  height=\"195\" width=\"300\"  itemprop=\"thumbnailUrl\" srcset=\"https:\/\/vectormm.nl\/wp-content\/uploads\/2022\/02\/taqa2-1-300x195.png 300w, https:\/\/vectormm.nl\/wp-content\/uploads\/2022\/02\/taqa2-1.png 396w\" sizes=\"(max-width: 300px) 100vw, 300px\" \/><\/div><\/div><\/div>\n<section  class='av_textblock_section av-17di7e-0a5a6a6d3c75c43a3eb7df9f15aebd84'  itemscope=\"itemscope\" itemtype=\"https:\/\/schema.org\/CreativeWork\" ><div class='avia_textblock lead-text'  itemprop=\"text\" ><p style=\"text-align: center;\"> Prozesse steuern und die richtigen Entscheidungen treffen erfordert intelligente Unternehmensinformationssysteme. Auf Wunsch von TAQA integrierte VectorMM die Business Intelligence Software BICycle in ihre Systeme. Dabei erwies es sich als \u00e4u\u00dferst effektiv, auch externe Datenquellen anzubinden \u2013 wodurch viel manuelle Arbeit \u00fcberfl\u00fcssig wurde. Mit einem einfachen Mausklick kann der Kunde nun \u00fcbersichtliche Informationen aus gut eingerichteten Dashboards generieren   <\/p>\n<p style=\"text-align: center;\">\n<\/div><\/section>\n<\/div><\/div><\/div><!-- close content main div --><\/div><\/div><div id='av_section_4'  class='avia-section av-13hv76-13fa49e260edc71a90f5fa99b1eff55f main_color avia-section-default avia-no-border-styling  avia-builder-el-8  el_after_av_section  avia-builder-el-last  page-section pt-0 avia-bg-style-scroll container_wrap fullsize'  ><div class='container av-section-cont-open' ><div class='template-page content  av-content-full alpha units'><div class='post-entry post-entry-type-page post-entry-2113'><div class='entry-content-wrapper clearfix'>\n\n<style type=\"text\/css\" data-created_by=\"avia_inline_auto\" id=\"style-css-av-kz42ixlp-440890e5585f9dbbcb6593799a84518a\">\n#top .hr.hr-invisible.av-kz42ixlp-440890e5585f9dbbcb6593799a84518a{\nheight:50px;\n}\n<\/style>\n<div  class='hr av-kz42ixlp-440890e5585f9dbbcb6593799a84518a hr-invisible  avia-builder-el-9  el_before_av_three_fifth  avia-builder-el-first '><span class='hr-inner '><span class=\"hr-inner-style\"><\/span><\/span><\/div>\n\n<style type=\"text\/css\" data-created_by=\"avia_inline_auto\" id=\"style-css-av-ufzpu-3831f75f2a468cce36744a4c49ed55a1\">\n.flex_column.av-ufzpu-3831f75f2a468cce36744a4c49ed55a1{\n-webkit-border-radius:0px 0px 0px 0px;\n-moz-border-radius:0px 0px 0px 0px;\nborder-radius:0px 0px 0px 0px;\npadding:0px 0px 0px 0px;\n}\n<\/style>\n<div class='flex_column av-ufzpu-3831f75f2a468cce36744a4c49ed55a1 av_three_fifth  avia-builder-el-10  el_after_av_hr  el_before_av_two_fifth  first flex_column_div av-zero-column-padding '     ><p>\n<style type=\"text\/css\" data-created_by=\"avia_inline_auto\" id=\"style-css-av-pr3gy-5365fe8ce51cc837fa611341d415d0d3\">\n#top .av-special-heading.av-pr3gy-5365fe8ce51cc837fa611341d415d0d3{\npadding-bottom:10px;\n}\nbody .av-special-heading.av-pr3gy-5365fe8ce51cc837fa611341d415d0d3 .av-special-heading-tag .heading-char{\nfont-size:25px;\n}\n.av-special-heading.av-pr3gy-5365fe8ce51cc837fa611341d415d0d3 .av-subheading{\nfont-size:15px;\n}\n<\/style>\n<div  class='av-special-heading av-pr3gy-5365fe8ce51cc837fa611341d415d0d3 av-special-heading-h2 blockquote modern-quote  avia-builder-el-11  el_before_av_textblock  avia-builder-el-first  section-heading'><h2 class='av-special-heading-tag'  itemprop=\"headline\"  >TAQA in den Niederlanden<\/h2><div class=\"special-heading-border\"><div class=\"special-heading-inner-border\"><\/div><\/div><\/div><br \/>\n<section  class='av_textblock_section av-k2ii2-86546c0e89e72d3416996e0564cfd7aa'  itemscope=\"itemscope\" itemtype=\"https:\/\/schema.org\/CreativeWork\" ><div class='avia_textblock'  itemprop=\"text\" ><p>TAQA Nederland ist Produzent von Erdgas und Betreiber zweier Gasspeicher. In Alkmaar ist TAQA Betreiber und Miteigent\u00fcmer zweier unterirdischer Gasspeicher: der Spitzenlastanlage und des Bergermeer\u2011Gasspeichers, dem gr\u00f6\u00dften frei zug\u00e4nglichen Gasspeicher in Westeuropa. Neben der Gasf\u00f6rderung in der Region Alkmaar \u2013 die TAQA voraussichtlich 2024 einstellen wird \u2013 betreibt das Unternehmen auch mehrere Plattformen und eine Aufbereitungsanlage in der Nordsee.  <\/p>\n<p><strong>Der Anlass<\/strong><\/p>\n<p>F\u00fcr die Optimierung der Instandhaltungs- und Inspektionspl\u00e4ne ist es notwendig, Einblick in aktuelle Informationen aus den verf\u00fcgbaren Systemen zu erhalten. Insbesondere f\u00fcr sicherheits- und umweltkritische Systeme (SECEs) ist es entscheidend, Informationen aus verschiedenen Quellen \u00fcbersichtlich zusammenzuf\u00fchren. Daf\u00fcr ist Business Intelligence erforderlich \u2013 pr\u00e4zise Betriebsinformationen \u00fcber ein gut strukturiertes Unternehmensinformationssystem. <\/p>\n<p>Jeroen Roodenburg, Maintenance Engineer bei VectorMM, erkl\u00e4rt: \u201eDie Pr\u00e4ferenz ging dahin, mit BI\u2011Cycle zu arbeiten \u2013 einem BI\u2011Tool, das bereits bei TAQA UK eingesetzt wird. Der Maintenance Manager in den Niederlanden fand dies eine passende L\u00f6sung f\u00fcr TAQA Nederland. Aufgrund meiner Erfahrung mit BI\u2011Cycle bei einem anderen Betreiber habe ich dieses Projekt bei TAQA \u00fcbernommen.\u201c   <\/p>\n<p><strong>BI\u2011Cycle f\u00fcr Business Intelligence<\/strong><\/p>\n<p>BI\u2011Cycle ist der Name eines Softwareprodukts des gleichnamigen Herstellers. Die Software eignet sich besonders f\u00fcr Unternehmen, die hohe Anforderungen an die Datenzuverl\u00e4ssigkeit stellen. Sie wird oft eingesetzt bei Firmen mit komplexen, voneinander getrennten Systemen und Datenstrukturen. Die Software erm\u00f6glicht es, Rohdaten aus verschiedenen Quellen zusammenzuf\u00fchren, aufzubereiten und \u00fcbersichtlich darzustellen. VectorMM verf\u00fcgt \u00fcber die Expertise, dieses Tool in bestehende Kundensysteme zu integrieren.   <\/p>\n<p><strong>Herausforderungen<\/strong><\/p>\n<p>Jeroen: \u201cEines der Probleme war, da\u03b2 es keine zentrale Verarbeitung und Darstellung der verf\u00fcgbaren Daten gab. Durch dieses fehlende zentrale Verst\u00e4ndnis der spezifischen Prozesse war es schwierig, die Instandhaltung weiter zu optimieren. Zus\u00e4tzlich zeigte sich, dass die Qualit\u00e4t der Quelldaten nicht ausreichte. Um diese L\u00fccke zu schlie\u00dfen, wurden die Anforderungen an die R\u00fcckmeldung von Instandhaltungsaufgaben versch\u00e4rft.\u201c<\/p>\n<p><strong>Vorgehensweise<\/strong><\/p>\n<p>Um BI\u2011Cycle effektiv einsetzen zu k\u00f6nnen, war es notwendig, von der Praxis aus auf Einheitlichkeit und Konsistenz hinzuarbeiten \u2013 sowohl in Definitionen und Arbeitsanweisungen als auch in der Datenerfassung und Berichtstruktur. \u201eVerschiedene Teams hatten ihren eigenen Fachjargon und eigene Arbeitsweisen, w\u00e4hrend auch auf IT\u2011Seite unterschiedliche Systeme genutzt wurden. Wir mussten wirklich schrittweise durch die gesamte Organisation, was Optimierung entlang der gesamten Kette zur Folge hatte. Alles mit dem Ziel, saubere Inputdaten f\u00fcr BI\u2011Cycle zu schaffen, um zuverl\u00e4ssige Managementinformationen zu erm\u00f6glichen\u201c, so Jeroen.  <\/p>\n<p><strong>Zusammengefasst ergeben sich folgende Vorteile:<\/strong><\/p>\n<ul>\n<li>Zentralisierung von Informationen aus mehreren Quellen<\/li>\n<li>Entscheidungen treffen auf Basis von Fakten<\/li>\n<li>Enorme Zeitersparnis beim Gewinnen von Einblicken<\/li>\n<li>Ad\u2011hoc\u2011Fragestellungen werden schneller beantwortet<\/li>\n<li>Deutlich verbessertes Verst\u00e4ndnis von (Sicherheits\u2011)Risiken<\/li>\n<li>Die richtigen Priorit\u00e4ten setzen k\u00f6nnen<\/li>\n<\/ul>\n<\/div><\/section><\/p><\/div>\n<style type=\"text\/css\" data-created_by=\"avia_inline_auto\" id=\"style-css-av-czzoy-051430c5533bc8534f5c96970ffeff05\">\n.flex_column.av-czzoy-051430c5533bc8534f5c96970ffeff05{\n-webkit-border-radius:0px 0px 0px 0px;\n-moz-border-radius:0px 0px 0px 0px;\nborder-radius:0px 0px 0px 0px;\npadding:0px 0px 0px 0px;\n}\n<\/style>\n<div class='flex_column av-czzoy-051430c5533bc8534f5c96970ffeff05 av_two_fifth  avia-builder-el-13  el_after_av_three_fifth  avia-builder-el-last  flex_column_div av-zero-column-padding '     ><style type=\"text\/css\" data-created_by=\"avia_inline_auto\" id=\"style-css-av-9d7cy-6330c12e1bfaef688c58c661d4f3a6cb\">\n.avia-image-container.av-9d7cy-6330c12e1bfaef688c58c661d4f3a6cb img.avia_image{\nbox-shadow:none;\n}\n.avia-image-container.av-9d7cy-6330c12e1bfaef688c58c661d4f3a6cb .av-image-caption-overlay-center{\ncolor:#ffffff;\n}\n<\/style>\n<div  class='avia-image-container av-9d7cy-6330c12e1bfaef688c58c661d4f3a6cb av-styling- avia-align-center  avia-builder-el-14  avia-builder-el-no-sibling  image-right-bottom-shadow'   itemprop=\"image\" itemscope=\"itemscope\" itemtype=\"https:\/\/schema.org\/ImageObject\" ><div class=\"avia-image-container-inner\"><div class=\"avia-image-overlay-wrap\"><img decoding=\"async\" class='wp-image-710 avia-img-lazy-loading-not-710 avia_image ' src=\"https:\/\/vectormm.nl\/wp-content\/uploads\/2022\/02\/2.jpg\" alt='' title='2'  height=\"450\" width=\"565\"  itemprop=\"thumbnailUrl\" srcset=\"https:\/\/vectormm.nl\/wp-content\/uploads\/2022\/02\/2.jpg 565w, https:\/\/vectormm.nl\/wp-content\/uploads\/2022\/02\/2-300x239.jpg 300w\" sizes=\"(max-width: 565px) 100vw, 565px\" \/><\/div><\/div><\/div><\/div>\n<\/p>\n","protected":false},"excerpt":{"rendered":"","protected":false},"author":1,"featured_media":0,"parent":2102,"menu_order":0,"comment_status":"closed","ping_status":"closed","template":"","meta":{"inline_featured_image":false,"footnotes":""},"class_list":["post-2113","page","type-page","status-publish","hentry"],"_links":{"self":[{"href":"https:\/\/vectormm.nl\/de\/wp-json\/wp\/v2\/pages\/2113","targetHints":{"allow":["GET"]}}],"collection":[{"href":"https:\/\/vectormm.nl\/de\/wp-json\/wp\/v2\/pages"}],"about":[{"href":"https:\/\/vectormm.nl\/de\/wp-json\/wp\/v2\/types\/page"}],"author":[{"embeddable":true,"href":"https:\/\/vectormm.nl\/de\/wp-json\/wp\/v2\/users\/1"}],"replies":[{"embeddable":true,"href":"https:\/\/vectormm.nl\/de\/wp-json\/wp\/v2\/comments?post=2113"}],"version-history":[{"count":0,"href":"https:\/\/vectormm.nl\/de\/wp-json\/wp\/v2\/pages\/2113\/revisions"}],"up":[{"embeddable":true,"href":"https:\/\/vectormm.nl\/de\/wp-json\/wp\/v2\/pages\/2102"}],"wp:attachment":[{"href":"https:\/\/vectormm.nl\/de\/wp-json\/wp\/v2\/media?parent=2113"}],"curies":[{"name":"wp","href":"https:\/\/api.w.org\/{rel}","templated":true}]}}