{"id":2105,"date":"2021-08-02T10:49:54","date_gmt":"2021-08-02T08:49:54","guid":{"rendered":"https:\/\/vectormm.nl\/kunden-cases\/rcm-optimierung-bei-totalenergies\/"},"modified":"2026-03-24T15:21:20","modified_gmt":"2026-03-24T14:21:20","slug":"rcm-optimierung-bei-totalenergies","status":"publish","type":"page","link":"https:\/\/vectormm.nl\/de\/kunden-cases\/rcm-optimierung-bei-totalenergies\/","title":{"rendered":"RCM-Optimierung bei TotalEnergies"},"content":{"rendered":"<div id='av_section_1'  class='avia-section av-kruihju8-a9e080f12b0c045c5fbd228967cfe9bf main_color avia-section-default avia-no-border-styling  avia-builder-el-0  el_before_av_section  avia-builder-el-first  inner-page-header avia-bg-style-scroll container_wrap fullsize'  ><div class='container av-section-cont-open' ><main  role=\"main\" itemprop=\"mainContentOfPage\"  class='template-page content  av-content-full alpha units'><div class='post-entry post-entry-type-page post-entry-2105'><div class='entry-content-wrapper clearfix'>\n\n<style type=\"text\/css\" data-created_by=\"avia_inline_auto\" id=\"style-css-av-e76xp-3a49f24306735b95bf20acf6271b112f\">\n.flex_column.av-e76xp-3a49f24306735b95bf20acf6271b112f{\n-webkit-border-radius:0px 0px 0px 0px;\n-moz-border-radius:0px 0px 0px 0px;\nborder-radius:0px 0px 0px 0px;\npadding:0px 0px 0px 0px;\n}\n<\/style>\n<div class='flex_column av-e76xp-3a49f24306735b95bf20acf6271b112f av_one_full  avia-builder-el-1  avia-builder-el-no-sibling  first flex_column_div av-zero-column-padding '     ><style type=\"text\/css\" data-created_by=\"avia_inline_auto\" id=\"style-css-av-kruihcpe-5fd5119b8579acdd34e2551a10d183df\">\n#top .av-special-heading.av-kruihcpe-5fd5119b8579acdd34e2551a10d183df{\npadding-bottom:10px;\n}\nbody .av-special-heading.av-kruihcpe-5fd5119b8579acdd34e2551a10d183df .av-special-heading-tag .heading-char{\nfont-size:25px;\n}\n.av-special-heading.av-kruihcpe-5fd5119b8579acdd34e2551a10d183df .av-subheading{\nfont-size:15px;\n}\n<\/style>\n<div  class='av-special-heading av-kruihcpe-5fd5119b8579acdd34e2551a10d183df av-special-heading-h1 blockquote modern-quote modern-centered  avia-builder-el-2  avia-builder-el-no-sibling '><h1 class='av-special-heading-tag'  itemprop=\"headline\"  >RCM-Optimierung bei TotalEnergies <\/h1><div class=\"special-heading-border\"><div class=\"special-heading-inner-border\"><\/div><\/div><\/div><\/div>\n\n<\/div><\/div><\/main><!-- close content main element --><\/div><\/div>\n<style type=\"text\/css\" data-created_by=\"avia_inline_auto\" id=\"style-css-av-kruihx15-e3f27579b1b03b3d7c3f64194b65b02e\">\n.avia-section.av-kruihx15-e3f27579b1b03b3d7c3f64194b65b02e{\nbackground-color:#e8e9f0;\nbackground-image:unset;\n}\n<\/style>\n<div id='av_section_2'  class='avia-section av-kruihx15-e3f27579b1b03b3d7c3f64194b65b02e main_color avia-section-default avia-no-border-styling  avia-builder-el-3  el_after_av_section  el_before_av_section  breadcrumbs-sec avia-bg-style-scroll container_wrap fullsize'  ><div class='container av-section-cont-open' ><div class='template-page content  av-content-full alpha units'><div class='post-entry post-entry-type-page post-entry-2105'><div class='entry-content-wrapper clearfix'>\n\n\n<\/div><\/div><\/div><!-- close content main div --><\/div><\/div>\n<style type=\"text\/css\" data-created_by=\"avia_inline_auto\" id=\"style-css-av-kruio79p-f1c7286c220e2db082fa8c8a000ad008\">\n.avia-section.av-kruio79p-f1c7286c220e2db082fa8c8a000ad008{\nbackground-color:#e8e9f0;\nbackground-image:unset;\n}\n<\/style>\n<div id='av_section_3'  class='avia-section av-kruio79p-f1c7286c220e2db082fa8c8a000ad008 main_color avia-section-default avia-no-border-styling  avia-builder-el-5  el_after_av_section  el_before_av_section  page-section klant-detail-section pt-0 avia-bg-style-scroll container_wrap fullsize'  ><div class='container av-section-cont-open' ><div class='template-page content  av-content-full alpha units'><div class='post-entry post-entry-type-page post-entry-2105'><div class='entry-content-wrapper clearfix'>\n\n<style type=\"text\/css\" data-created_by=\"avia_inline_auto\" id=\"style-css-av-kruipvyh-acef2d5990b134a88510ee42e513e4a2\">\n.avia-image-container.av-kruipvyh-acef2d5990b134a88510ee42e513e4a2 img.avia_image{\nbox-shadow:none;\n}\n.avia-image-container.av-kruipvyh-acef2d5990b134a88510ee42e513e4a2 .av-image-caption-overlay-center{\ncolor:#ffffff;\n}\n<\/style>\n<div  class='avia-image-container av-kruipvyh-acef2d5990b134a88510ee42e513e4a2 av-styling- avia-align-center  avia-builder-el-6  el_before_av_textblock  avia-builder-el-first '   itemprop=\"image\" itemscope=\"itemscope\" itemtype=\"https:\/\/schema.org\/ImageObject\" ><div class=\"avia-image-container-inner\"><div class=\"avia-image-overlay-wrap\"><img decoding=\"async\" class='wp-image-461 avia-img-lazy-loading-not-461 avia_image ' src=\"https:\/\/vectormm.nl\/wp-content\/uploads\/2022\/01\/total.jpg\" alt='' title='total'  height=\"180\" width=\"180\"  itemprop=\"thumbnailUrl\" srcset=\"https:\/\/vectormm.nl\/wp-content\/uploads\/2022\/01\/total.jpg 180w, https:\/\/vectormm.nl\/wp-content\/uploads\/2022\/01\/total-80x80.jpg 80w, https:\/\/vectormm.nl\/wp-content\/uploads\/2022\/01\/total-36x36.jpg 36w\" sizes=\"(max-width: 180px) 100vw, 180px\" \/><\/div><\/div><\/div>\n<section  class='av_textblock_section av-kruipcap-e8c569af61413cf0b023dd0018b47568'  itemscope=\"itemscope\" itemtype=\"https:\/\/schema.org\/CreativeWork\" ><div class='avia_textblock lead-text'  itemprop=\"text\" ><p style=\"text-align: center;\">Aufgrund der Verf\u00fcgbarkeit von verl\u00e4sslichen Daten aus f\u00fcnf Jahren konnte VectorMM bei TotalEnergies Nederland die erste pr\u00e4zise RCM-Simulation innerhalb der gesamten TotalEnergies Gruppe durchf\u00fchren. Auf dieser Grundlage konnte VectorMM Potenziale f\u00fcr effizientere Instandhaltung, eine h\u00f6here Anlagenverf\u00fcgbarkeit und erhebliche Kosteneinsparungen identifizieren \u2013 bei gleichzeitiger vollst\u00e4ndiger Compliance der Produktionsplattformen. Dies f\u00fchrte zu einer au\u00dfergew\u00f6hnlich kurzen Amortisationszeit von nur einem Jahr f\u00fcr das gestartete Optimierungsprogramm.  <\/p>\n<\/div><\/section>\n\n<\/div><\/div><\/div><!-- close content main div --><\/div><\/div><div id='av_section_4'  class='avia-section av-74ml1-4fc3cc47fe2645aa79f066f15cf1a1f6 main_color avia-section-default avia-no-border-styling  avia-builder-el-8  el_after_av_section  el_before_av_section  page-section pt-0 avia-bg-style-scroll container_wrap fullsize'  ><div class='container av-section-cont-open' ><div class='template-page content  av-content-full alpha units'><div class='post-entry post-entry-type-page post-entry-2105'><div class='entry-content-wrapper clearfix'>\n\n<style type=\"text\/css\" data-created_by=\"avia_inline_auto\" id=\"style-css-av-kyx815cm-44a028654c968140baf70be74398c2fe\">\n#top .hr.hr-invisible.av-kyx815cm-44a028654c968140baf70be74398c2fe{\nheight:45px;\n}\n<\/style>\n<div  class='hr av-kyx815cm-44a028654c968140baf70be74398c2fe hr-invisible  avia-builder-el-9  el_before_av_three_fifth  avia-builder-el-first '><span class='hr-inner '><span class=\"hr-inner-style\"><\/span><\/span><\/div>\n\n<style type=\"text\/css\" data-created_by=\"avia_inline_auto\" id=\"style-css-av-61aot-59f61c1f165565f6b1d9cc162d1322c1\">\n.flex_column.av-61aot-59f61c1f165565f6b1d9cc162d1322c1{\n-webkit-border-radius:0px 0px 0px 0px;\n-moz-border-radius:0px 0px 0px 0px;\nborder-radius:0px 0px 0px 0px;\npadding:0px 0px 0px 0px;\n}\n<\/style>\n<div class='flex_column av-61aot-59f61c1f165565f6b1d9cc162d1322c1 av_three_fifth  avia-builder-el-10  el_after_av_hr  el_before_av_two_fifth  first flex_column_div av-zero-column-padding '     ><p>\n<style type=\"text\/css\" data-created_by=\"avia_inline_auto\" id=\"style-css-av-kruit6s0-63e04234f4e731ba46b668f6f314660d\">\n#top .av-special-heading.av-kruit6s0-63e04234f4e731ba46b668f6f314660d{\npadding-bottom:10px;\n}\nbody .av-special-heading.av-kruit6s0-63e04234f4e731ba46b668f6f314660d .av-special-heading-tag .heading-char{\nfont-size:25px;\n}\n.av-special-heading.av-kruit6s0-63e04234f4e731ba46b668f6f314660d .av-subheading{\nfont-size:15px;\n}\n<\/style>\n<div  class='av-special-heading av-kruit6s0-63e04234f4e731ba46b668f6f314660d av-special-heading-h2 blockquote modern-quote  avia-builder-el-11  el_before_av_textblock  avia-builder-el-first  section-heading'><h2 class='av-special-heading-tag'  itemprop=\"headline\"  >TotalEnergies Nederland<\/h2><div class=\"special-heading-border\"><div class=\"special-heading-inner-border\"><\/div><\/div><\/div><br \/>\n<section  class='av_textblock_section av-kruitpuu-1360cd5abee1d8593092b44ef6235ce0'  itemscope=\"itemscope\" itemtype=\"https:\/\/schema.org\/CreativeWork\" ><div class='avia_textblock'  itemprop=\"text\" ><p>TotalEnergies Nederland ist im gesamten Energiespektrum t\u00e4tig \u2013 von der F\u00f6rderung und Produktion von Gas \u00fcber Raffinerie, Marketing und Vertrieb von \u00d6l und Gas bis hin zur Herstellung und Vermarktung von Chemikalien. Weltweit geh\u00f6rt TotalEnergies SE mit \u00fcber 100.000 Mitarbeitenden und Niederlassungen in mehr als 130 L\u00e4ndern zu den vier gr\u00f6\u00dften \u00d6l- und Gasunternehmen.<\/p>\n<\/div><\/section><br \/>\n<section  class='av_textblock_section av-9wgpx-2ba5321af93aaf1404af08e503a41d21'  itemscope=\"itemscope\" itemtype=\"https:\/\/schema.org\/CreativeWork\" ><div class='avia_textblock'  itemprop=\"text\" ><p><strong>Bedarf an pr\u00e4ziseren Informationen<\/strong><\/p>\n<p>Bei TotalEnergies Nederland f\u00fchrte das Bed\u00fcrfnis nach besseren Einblicken zu der Anfrage an VectorMM, das SAP\u2011System so anzupassen, da\u03b2 detailliertere Berichte \u00fcber die Ausstattung und Anlagen von 28 Offshore-Produktionsplattformen in der Nordsee m\u00f6glich wurden. Dies betraf nicht nur \u00c4nderungen im Datenmanagement und in der IT, sondern auch die Standardisierung praktischer Arbeitsmethoden, um eine einheitliche Eingabe in das SAP\u2011basierte CMMS sicherzustellen. <\/p>\n<p>Ren\u00e9 Pabst, Gesch\u00e4ftsf\u00fchrer von VectorMM: \u201eDie Umsetzung des Projekts auf 28 Plattformen, die in unterschiedlichen Zeitr\u00e4umen mit jeweils eigenen Systemen und Anlagen gebaut wurden, hat uns gut anderthalb Jahre gekostet. Das Ergebnis war nicht weniger als 40.000 Komponenten, die systematisch erfasst und berichtet werden mussten.\u201c  <\/p>\n<p><strong>28 Produktionsplattformen, 35 Systeme und 40.000 Komponenten<\/strong><\/p>\n<\/div><\/section><br \/>\n<section  class='av_textblock_section av-8ecf1-8eb4adc0972fc6d3c864f49de48a14e2'  itemscope=\"itemscope\" itemtype=\"https:\/\/schema.org\/CreativeWork\" ><div class='avia_textblock'  itemprop=\"text\" ><p><strong>Praxisdaten erzwingen Zustimmung<\/strong><\/p>\n<p>\u201eDie Analyse der Informationen aus f\u00fcnf Jahren t\u00e4glicher Betriebserfahrungen zeigte uns, da\u03b2 die strikte Instandhaltungsrichtlinie nicht immer durch die Daten gest\u00fctzt wurde. Bevor wir das Team von TotalEnergies Nederland kontaktierten, f\u00fchrten wir verschiedene Analysen mittels RCM\u2011Simulation durch. Dadurch konnten wir auch einen fundierten Business Case entwickeln, den das Team ben\u00f6tigte, um Zustimmung f\u00fcr Freistellungen zu erhalten. Auf internationaler Ebene war man sehr \u00fcberrascht \u00fcber die Menge an detaillierten Informationen. \u2018Ihr seid wirklich die Ersten, die mithilfe von RCM\u2011Simulation und echten Daten nachweisen k\u00f6nnen, da\u03b2 die Verringerung von Wartungsintervallen m\u00f6glich ist, ohne Verf\u00fcgbarkeit oder Integrit\u00e4t zu beeintr\u00e4chtigen.\u2019 Das Endergebnis war, da\u03b2 von den 13 beantragten Freistellungen 12 genehmigt wurden\u201c, so Ren\u00e9.<\/p>\n<\/div><\/section><\/p><\/div>\n<style type=\"text\/css\" data-created_by=\"avia_inline_auto\" id=\"style-css-av-1iw31p-d0bcc825cb7cbf15d7a63023ea8a135d\">\n.flex_column.av-1iw31p-d0bcc825cb7cbf15d7a63023ea8a135d{\n-webkit-border-radius:0px 0px 0px 0px;\n-moz-border-radius:0px 0px 0px 0px;\nborder-radius:0px 0px 0px 0px;\npadding:0px 0px 0px 0px;\n}\n<\/style>\n<div class='flex_column av-1iw31p-d0bcc825cb7cbf15d7a63023ea8a135d av_two_fifth  avia-builder-el-15  el_after_av_three_fifth  avia-builder-el-last  flex_column_div av-zero-column-padding '     ><style type=\"text\/css\" data-created_by=\"avia_inline_auto\" id=\"style-css-av-1cs75h-1cc551db9a159139fbede108436668d7\">\n.avia-image-container.av-1cs75h-1cc551db9a159139fbede108436668d7 img.avia_image{\nbox-shadow:none;\n}\n.avia-image-container.av-1cs75h-1cc551db9a159139fbede108436668d7 .av-image-caption-overlay-center{\ncolor:#ffffff;\n}\n<\/style>\n<div  class='avia-image-container av-1cs75h-1cc551db9a159139fbede108436668d7 av-styling- avia-align-center  avia-builder-el-16  avia-builder-el-no-sibling  image-right-bottom-shadow'   itemprop=\"image\" itemscope=\"itemscope\" itemtype=\"https:\/\/schema.org\/ImageObject\" ><div class=\"avia-image-container-inner\"><div class=\"avia-image-overlay-wrap\"><img decoding=\"async\" class='wp-image-716 avia-img-lazy-loading-not-716 avia_image ' src=\"https:\/\/vectormm.nl\/wp-content\/uploads\/2022\/02\/4.jpg\" alt='' title='4'  height=\"450\" width=\"565\"  itemprop=\"thumbnailUrl\" srcset=\"https:\/\/vectormm.nl\/wp-content\/uploads\/2022\/02\/4.jpg 565w, https:\/\/vectormm.nl\/wp-content\/uploads\/2022\/02\/4-300x239.jpg 300w\" sizes=\"(max-width: 565px) 100vw, 565px\" \/><\/div><\/div><\/div><\/div>\n\n<\/div><\/div><\/div><!-- close content main div --><\/div><\/div>\n<style type=\"text\/css\" data-created_by=\"avia_inline_auto\" id=\"style-css-av-kruj1sr7-ca0415c6b30065d2f83bf7254941fb21\">\n.avia-section.av-kruj1sr7-ca0415c6b30065d2f83bf7254941fb21{\nbackground-color:#e8e9f0;\nbackground-image:unset;\n}\n<\/style>\n<div id='av_section_5'  class='avia-section av-kruj1sr7-ca0415c6b30065d2f83bf7254941fb21 main_color avia-section-default avia-no-border-styling  avia-builder-el-17  el_after_av_section  el_before_av_section  page-section klant-customer-say avia-bg-style-scroll container_wrap fullsize'  ><div class='container av-section-cont-open' ><div class='template-page content  av-content-full alpha units'><div class='post-entry post-entry-type-page post-entry-2105'><div class='entry-content-wrapper clearfix'>\n\n<style type=\"text\/css\" data-created_by=\"avia_inline_auto\" id=\"style-css-av-kruj2c8p-38c98524f393fc1d2f5049c57b5dbe3b\">\n#top .av-special-heading.av-kruj2c8p-38c98524f393fc1d2f5049c57b5dbe3b{\npadding-bottom:10px;\n}\nbody .av-special-heading.av-kruj2c8p-38c98524f393fc1d2f5049c57b5dbe3b .av-special-heading-tag .heading-char{\nfont-size:25px;\n}\n.av-special-heading.av-kruj2c8p-38c98524f393fc1d2f5049c57b5dbe3b .av-subheading{\nfont-size:15px;\n}\n<\/style>\n<div  class='av-special-heading av-kruj2c8p-38c98524f393fc1d2f5049c57b5dbe3b av-special-heading-h3 blockquote modern-quote modern-centered  avia-builder-el-18  el_before_av_testimonials  avia-builder-el-first  section-heading'><h3 class='av-special-heading-tag'  itemprop=\"headline\"  >Was der Kunde sagt:<\/h3><div class=\"special-heading-border\"><div class=\"special-heading-inner-border\"><\/div><\/div><\/div>\n<div  class='avia-testimonial-wrapper av-kruj3o4v-cedb819d6fab7328f5d3b0322a8fa983 avia-grid-testimonials avia-grid-1-testimonials avia_animate_when_almost_visible' >\n<section class=\"avia-testimonial-row\"><div class='avia-testimonial av-kruj3kt1-dde0c80ade65b3414dee3da7cd6986e3 avia-testimonial-row-1 avia-first-testimonial flex_column no_margin av_one_full'><div class='avia-testimonial_inner'  itemscope=\"itemscope\" itemtype=\"https:\/\/schema.org\/CreativeWork\" ><div class='avia-testimonial-content '><div class='avia-testimonial-markup-entry-content'  itemprop=\"text\" ><p>\u201eIhr seid wirklich die Ersten, die durch RCM\u2011Simulation mit echten Daten nachweisen k\u00f6nnen, da\u03b2 die Reduzierung von Wartungsintervallen m\u00f6glich ist, ohne Verf\u00fcgbarkeit und Integrit\u00e4t zu beeintr\u00e4chtigen.\u201c<\/p>\n<\/div><\/div><div class=\"avia-testimonial-meta\"><div class=\"avia-testimonial-arrow-wrap\"><div class=\"avia-arrow\"><\/div><\/div><div class='avia-testimonial-meta-mini'  itemprop=\"author\" itemscope=\"itemscope\" itemtype=\"https:\/\/schema.org\/Person\" ><strong  class='avia-testimonial-name'  itemprop=\"name\" >TotalEnergies\u2019 Head Quarter<\/strong><\/div><\/div><\/div><\/div><\/section>\n<\/div>\n\n<\/div><\/div><\/div><!-- close content main div --><\/div><\/div>\n<style type=\"text\/css\" data-created_by=\"avia_inline_auto\" id=\"style-css-av-zlhn9-4cec06a75e71deb6ed2333cd42343d12\">\n.avia-section.av-zlhn9-4cec06a75e71deb6ed2333cd42343d12{\nbackground-color:#ffffff;\nbackground-image:unset;\n}\n<\/style>\n<div id='av_section_6'  class='avia-section av-zlhn9-4cec06a75e71deb6ed2333cd42343d12 main_color avia-section-default avia-no-border-styling  avia-builder-el-20  el_after_av_section  avia-builder-el-last  page-section reverse-col avia-bg-style-scroll container_wrap fullsize'  ><div class='container av-section-cont-open' ><div class='template-page content  av-content-full alpha units'><div class='post-entry post-entry-type-page post-entry-2105'><div class='entry-content-wrapper clearfix'>\n\n<style type=\"text\/css\" data-created_by=\"avia_inline_auto\" id=\"style-css-av-gcdhh-84e69cb3e6eb55153e58685e3bda51cb\">\n.flex_column.av-gcdhh-84e69cb3e6eb55153e58685e3bda51cb{\n-webkit-border-radius:0px 0px 0px 0px;\n-moz-border-radius:0px 0px 0px 0px;\nborder-radius:0px 0px 0px 0px;\npadding:0px 0px 0px 0px;\n}\n<\/style>\n<div class='flex_column av-gcdhh-84e69cb3e6eb55153e58685e3bda51cb av_one_full  avia-builder-el-21  avia-builder-el-no-sibling  first flex_column_div av-zero-column-padding '     ><p>\n<style type=\"text\/css\" data-created_by=\"avia_inline_auto\" id=\"style-css-av-kyww5ghv-0575c5d93f5b591ba7b57ae5d6c41c1c\">\n#top .av-special-heading.av-kyww5ghv-0575c5d93f5b591ba7b57ae5d6c41c1c{\npadding-bottom:10px;\n}\nbody .av-special-heading.av-kyww5ghv-0575c5d93f5b591ba7b57ae5d6c41c1c .av-special-heading-tag .heading-char{\nfont-size:25px;\n}\n.av-special-heading.av-kyww5ghv-0575c5d93f5b591ba7b57ae5d6c41c1c .av-subheading{\nfont-size:15px;\n}\n<\/style>\n<div  class='av-special-heading av-kyww5ghv-0575c5d93f5b591ba7b57ae5d6c41c1c av-special-heading-h2 blockquote modern-quote  avia-builder-el-22  el_before_av_textblock  avia-builder-el-first  section-heading'><h2 class='av-special-heading-tag'  itemprop=\"headline\"  >Prozessoptimierung mit erheblichen Kosteneinsparungen<\/h2><div class=\"special-heading-border\"><div class=\"special-heading-inner-border\"><\/div><\/div><\/div><br \/>\n<section  class='av_textblock_section av-kyww5q8t-5ed2368119ac169e28e8adeecb0e72da'  itemscope=\"itemscope\" itemtype=\"https:\/\/schema.org\/CreativeWork\" ><div class='avia_textblock'  itemprop=\"text\" ><p>Durch das Identifizieren von Inspektionszyklen, die seltener oder effizienter durchgef\u00fchrt werden k\u00f6nnen, ist TotalEnergies Nederland in der Lage, erhebliche Kosten einzusparen \u2013 ohne die Zuverl\u00e4ssigkeit zu beeintr\u00e4chtigen. Dies schafft Kapazit\u00e4ten, die f\u00fcr andere Priorit\u00e4ten genutzt werden k\u00f6nnen. Dar\u00fcber hinaus f\u00fchren weniger Unterbrechungen zu mehr Kontinuit\u00e4t in der Produktion. All dies w\u00e4re nicht m\u00f6glich gewesen ohne die Neugestaltung des CMMS, die Jahre zuvor durch VectorMM durchgef\u00fchrt wurde und eine standardisierte Berichterstattung mit zuverl\u00e4ssigen Daten erst m\u00f6glich machte.<\/p>\n<\/div><\/section><\/p><\/div>\n","protected":false},"excerpt":{"rendered":"","protected":false},"author":1,"featured_media":0,"parent":2102,"menu_order":0,"comment_status":"closed","ping_status":"closed","template":"","meta":{"inline_featured_image":false,"footnotes":""},"class_list":["post-2105","page","type-page","status-publish","hentry"],"_links":{"self":[{"href":"https:\/\/vectormm.nl\/de\/wp-json\/wp\/v2\/pages\/2105","targetHints":{"allow":["GET"]}}],"collection":[{"href":"https:\/\/vectormm.nl\/de\/wp-json\/wp\/v2\/pages"}],"about":[{"href":"https:\/\/vectormm.nl\/de\/wp-json\/wp\/v2\/types\/page"}],"author":[{"embeddable":true,"href":"https:\/\/vectormm.nl\/de\/wp-json\/wp\/v2\/users\/1"}],"replies":[{"embeddable":true,"href":"https:\/\/vectormm.nl\/de\/wp-json\/wp\/v2\/comments?post=2105"}],"version-history":[{"count":0,"href":"https:\/\/vectormm.nl\/de\/wp-json\/wp\/v2\/pages\/2105\/revisions"}],"up":[{"embeddable":true,"href":"https:\/\/vectormm.nl\/de\/wp-json\/wp\/v2\/pages\/2102"}],"wp:attachment":[{"href":"https:\/\/vectormm.nl\/de\/wp-json\/wp\/v2\/media?parent=2105"}],"curies":[{"name":"wp","href":"https:\/\/api.w.org\/{rel}","templated":true}]}}