{"id":2102,"date":"2021-08-02T07:16:03","date_gmt":"2021-08-02T05:16:03","guid":{"rendered":"https:\/\/vectormm.nl\/kunden-cases\/"},"modified":"2026-03-25T14:14:51","modified_gmt":"2026-03-25T13:14:51","slug":"kunden-cases","status":"publish","type":"page","link":"https:\/\/vectormm.nl\/de\/kunden-cases\/","title":{"rendered":"Kunden &amp; Cases"},"content":{"rendered":"<div id='av_section_1'  class='avia-section av-120m6p-c8d06d50da2f20bab4ed44c66ecaf389 main_color avia-section-default avia-no-border-styling  avia-builder-el-0  el_before_av_section  avia-builder-el-first  inner-page-header with-image avia-bg-style-scroll container_wrap fullsize'  ><div class='container av-section-cont-open' ><main  role=\"main\" itemprop=\"mainContentOfPage\"  class='template-page content  av-content-full alpha units'><div class='post-entry post-entry-type-page post-entry-2102'><div class='entry-content-wrapper clearfix'>\n\n<style type=\"text\/css\" data-created_by=\"avia_inline_auto\" id=\"style-css-av-35meh-0397524f61fde295c4afdb1bd01ff043\">\n.flex_column.av-35meh-0397524f61fde295c4afdb1bd01ff043{\n-webkit-border-radius:0px 0px 0px 0px;\n-moz-border-radius:0px 0px 0px 0px;\nborder-radius:0px 0px 0px 0px;\npadding:0px 0px 0px 0px;\n}\n<\/style>\n<div class='flex_column av-35meh-0397524f61fde295c4afdb1bd01ff043 av_one_half  avia-builder-el-1  el_before_av_one_half  avia-builder-el-first  first flex_column_div av-zero-column-padding '     ><style type=\"text\/css\" data-created_by=\"avia_inline_auto\" id=\"style-css-av-kruatgzh-70c416079de5c1a12edc6d43f9e8e858\">\n#top .av-special-heading.av-kruatgzh-70c416079de5c1a12edc6d43f9e8e858{\npadding-bottom:10px;\n}\nbody .av-special-heading.av-kruatgzh-70c416079de5c1a12edc6d43f9e8e858 .av-special-heading-tag .heading-char{\nfont-size:25px;\n}\n.av-special-heading.av-kruatgzh-70c416079de5c1a12edc6d43f9e8e858 .av-subheading{\nfont-size:15px;\n}\n<\/style>\n<div  class='av-special-heading av-kruatgzh-70c416079de5c1a12edc6d43f9e8e858 av-special-heading-h1 blockquote modern-quote  avia-builder-el-2  avia-builder-el-no-sibling '><h1 class='av-special-heading-tag'  itemprop=\"headline\"  >Kunden <span class='special_amp'>&amp;<\/span> Cases<\/h1><div class=\"special-heading-border\"><div class=\"special-heading-inner-border\"><\/div><\/div><\/div><\/div>\n<style type=\"text\/css\" data-created_by=\"avia_inline_auto\" id=\"style-css-av-r74kx-0d47044a5fa596ea4403837e4616d9f9\">\n.flex_column.av-r74kx-0d47044a5fa596ea4403837e4616d9f9{\n-webkit-border-radius:0px 0px 0px 0px;\n-moz-border-radius:0px 0px 0px 0px;\nborder-radius:0px 0px 0px 0px;\npadding:0px 0px 0px 0px;\n}\n<\/style>\n<div class='flex_column av-r74kx-0d47044a5fa596ea4403837e4616d9f9 av_one_half  avia-builder-el-3  el_after_av_one_half  avia-builder-el-last  flex_column_div av-zero-column-padding '     ><style type=\"text\/css\" data-created_by=\"avia_inline_auto\" id=\"style-css-av-ksw01-6e2bf7cd2579f00ce795a76388049471\">\n.avia-image-container.av-ksw01-6e2bf7cd2579f00ce795a76388049471 img.avia_image{\nbox-shadow:none;\n}\n.avia-image-container.av-ksw01-6e2bf7cd2579f00ce795a76388049471 .av-image-caption-overlay-center{\ncolor:#ffffff;\n}\n<\/style>\n<div  class='avia-image-container av-ksw01-6e2bf7cd2579f00ce795a76388049471 av-styling- avia-align-center  avia-builder-el-4  avia-builder-el-no-sibling  image-right-bottom-shadow'   itemprop=\"image\" itemscope=\"itemscope\" itemtype=\"https:\/\/schema.org\/ImageObject\" ><div class=\"avia-image-container-inner\"><div class=\"avia-image-overlay-wrap\"><img decoding=\"async\" class='wp-image-429 avia-img-lazy-loading-not-429 avia_image ' src=\"https:\/\/vectormm.nl\/wp-content\/uploads\/2022\/01\/klanten.jpg\" alt='' title='klanten'  height=\"292\" width=\"562\"  itemprop=\"thumbnailUrl\" srcset=\"https:\/\/vectormm.nl\/wp-content\/uploads\/2022\/01\/klanten.jpg 562w, https:\/\/vectormm.nl\/wp-content\/uploads\/2022\/01\/klanten-300x156.jpg 300w\" sizes=\"(max-width: 562px) 100vw, 562px\" \/><\/div><\/div><\/div><\/div>\n\n<\/div><\/div><\/main><!-- close content main element --><\/div><\/div><div id='av_section_2'  class='avia-section av-g7m5l-314a69ad1fc37c95d7b5244163319d14 main_color avia-section-default avia-no-border-styling  avia-builder-el-5  el_after_av_section  el_before_av_section  breadcrumbs-sec avia-bg-style-scroll container_wrap fullsize'  ><div class='container av-section-cont-open' ><div class='template-page content  av-content-full alpha units'><div class='post-entry post-entry-type-page post-entry-2102'><div class='entry-content-wrapper clearfix'>\n\n\n<\/div><\/div><\/div><!-- close content main div --><\/div><\/div>\n<style type=\"text\/css\" data-created_by=\"avia_inline_auto\" id=\"style-css-av-krub66kn-be85b0765a6b912a9a1f64d44ff75012\">\n.avia-section.av-krub66kn-be85b0765a6b912a9a1f64d44ff75012{\nbackground-color:#e8e9f0;\nbackground-image:unset;\n}\n<\/style>\n<div id='av_section_3'  class='avia-section av-krub66kn-be85b0765a6b912a9a1f64d44ff75012 main_color avia-section-default avia-no-border-styling  avia-builder-el-7  el_after_av_section  el_before_av_section  page-section example-cases-section avia-bg-style-scroll container_wrap fullsize'  ><div class='container av-section-cont-open' ><div class='template-page content  av-content-full alpha units'><div class='post-entry post-entry-type-page post-entry-2102'><div class='entry-content-wrapper clearfix'>\n\n<style type=\"text\/css\" data-created_by=\"avia_inline_auto\" id=\"style-css-av-krub6mq6-3e12f803f9fe62852ad6d0c5a0da3856\">\n#top .av-special-heading.av-krub6mq6-3e12f803f9fe62852ad6d0c5a0da3856{\npadding-bottom:10px;\n}\nbody .av-special-heading.av-krub6mq6-3e12f803f9fe62852ad6d0c5a0da3856 .av-special-heading-tag .heading-char{\nfont-size:25px;\n}\n.av-special-heading.av-krub6mq6-3e12f803f9fe62852ad6d0c5a0da3856 .av-subheading{\nfont-size:15px;\n}\n<\/style>\n<div  class='av-special-heading av-krub6mq6-3e12f803f9fe62852ad6d0c5a0da3856 av-special-heading-h3 blockquote modern-quote  avia-builder-el-8  el_before_av_textblock  avia-builder-el-first '><h3 class='av-special-heading-tag'  itemprop=\"headline\"  >Einige Fallbespiele<\/h3><div class=\"special-heading-border\"><div class=\"special-heading-inner-border\"><\/div><\/div><\/div>\n<section  class='av_textblock_section av-w46t5-ac92ad97e77e971e82f443bdb421c43c'  itemscope=\"itemscope\" itemtype=\"https:\/\/schema.org\/CreativeWork\" ><div class='avia_textblock'  itemprop=\"text\" ><p>Lesen Sie hier mehr \u00fcber Unternehmen, denen wir geholfen haben, und \u00fcber die Vorgehensweise, die sich f\u00fcr diese Kunden bew\u00e4hrt hat.<\/p>\n<\/div><\/section>\n\n<style type=\"text\/css\" data-created_by=\"avia_inline_auto\" id=\"style-css-av-pujcp-e1dec9f1c09cf60cb80f7c2c9abb7fe8\">\n.flex_column.av-pujcp-e1dec9f1c09cf60cb80f7c2c9abb7fe8{\n-webkit-border-radius:0px 0px 0px 0px;\n-moz-border-radius:0px 0px 0px 0px;\nborder-radius:0px 0px 0px 0px;\npadding:0px 0px 0px 0px;\n}\n<\/style>\n<div class='flex_column av-pujcp-e1dec9f1c09cf60cb80f7c2c9abb7fe8 av_one_fourth  avia-builder-el-10  el_after_av_textblock  el_before_av_one_fourth  first flex_column_div av-zero-column-padding column-top-margin'     ><p>\n<style type=\"text\/css\" data-created_by=\"avia_inline_auto\" id=\"style-css-av-krubd0w6-8954fc5673038d74d1746bde38c3af71\">\n.avia-image-container.av-krubd0w6-8954fc5673038d74d1746bde38c3af71 img.avia_image{\nbox-shadow:none;\n}\n.avia-image-container.av-krubd0w6-8954fc5673038d74d1746bde38c3af71 .av-image-caption-overlay-center{\ncolor:#ffffff;\n}\n<\/style>\n<div  class='avia-image-container av-krubd0w6-8954fc5673038d74d1746bde38c3af71 av-styling- avia-align-center  avia-builder-el-11  el_before_av_heading  avia-builder-el-first '   itemprop=\"image\" itemscope=\"itemscope\" itemtype=\"https:\/\/schema.org\/ImageObject\" ><div class=\"avia-image-container-inner\"><div class=\"avia-image-overlay-wrap\"><a href=\"https:\/\/vectormm.nl\/de\/kunden-cases\/rcm-optimierung-bei-totalenergies\/\" class='avia_image' ><img decoding=\"async\" class='wp-image-714 avia-img-lazy-loading-not-714 avia_image ' src=\"https:\/\/vectormm.nl\/wp-content\/uploads\/2022\/02\/3.jpg\" alt='' title='3'  height=\"275\" width=\"276\"  itemprop=\"thumbnailUrl\" srcset=\"https:\/\/vectormm.nl\/wp-content\/uploads\/2022\/02\/3.jpg 276w, https:\/\/vectormm.nl\/wp-content\/uploads\/2022\/02\/3-80x80.jpg 80w, https:\/\/vectormm.nl\/wp-content\/uploads\/2022\/02\/3-36x36.jpg 36w, https:\/\/vectormm.nl\/wp-content\/uploads\/2022\/02\/3-180x180.jpg 180w\" sizes=\"(max-width: 276px) 100vw, 276px\" \/><\/a><\/div><\/div><\/div><br \/>\n\n<style type=\"text\/css\" data-created_by=\"avia_inline_auto\" id=\"style-css-av-krube48n-32c0863ef54d5e913c9444eea3cc11b7\">\n#top .av-special-heading.av-krube48n-32c0863ef54d5e913c9444eea3cc11b7{\npadding-bottom:10px;\n}\nbody .av-special-heading.av-krube48n-32c0863ef54d5e913c9444eea3cc11b7 .av-special-heading-tag .heading-char{\nfont-size:25px;\n}\n.av-special-heading.av-krube48n-32c0863ef54d5e913c9444eea3cc11b7 .av-subheading{\nfont-size:15px;\n}\n<\/style>\n<div  class='av-special-heading av-krube48n-32c0863ef54d5e913c9444eea3cc11b7 av-special-heading-h5 blockquote modern-quote  avia-builder-el-12  el_after_av_image  avia-builder-el-last  av-linked-heading'><h5 class='av-special-heading-tag'  itemprop=\"headline\"  ><a class=\"av-heading-link\" href=\"https:\/\/vectormm.nl\/klanten-cases\/rcm-optimalisatie-bij-totalenergies\/\">Datenbasierte RCM\u2011Optimierung bei TotalEnergies<\/a><\/h5><div class=\"special-heading-border\"><div class=\"special-heading-inner-border\"><\/div><\/div><\/div><\/p><\/div>\n<style type=\"text\/css\" data-created_by=\"avia_inline_auto\" id=\"style-css-av-jcec9-c395ba05e50edafa5c6efa5b430a633a\">\n.flex_column.av-jcec9-c395ba05e50edafa5c6efa5b430a633a{\n-webkit-border-radius:0px 0px 0px 0px;\n-moz-border-radius:0px 0px 0px 0px;\nborder-radius:0px 0px 0px 0px;\npadding:0px 0px 0px 0px;\n}\n<\/style>\n<div class='flex_column av-jcec9-c395ba05e50edafa5c6efa5b430a633a av_one_fourth  avia-builder-el-13  el_after_av_one_fourth  el_before_av_one_fourth  flex_column_div av-zero-column-padding column-top-margin'     ><p>\n<style type=\"text\/css\" data-created_by=\"avia_inline_auto\" id=\"style-css-av-krubdf11-3b0920841e8a3208a30b882966f7a6f1\">\n.avia-image-container.av-krubdf11-3b0920841e8a3208a30b882966f7a6f1 img.avia_image{\nbox-shadow:none;\n}\n.avia-image-container.av-krubdf11-3b0920841e8a3208a30b882966f7a6f1 .av-image-caption-overlay-center{\ncolor:#ffffff;\n}\n<\/style>\n<div  class='avia-image-container av-krubdf11-3b0920841e8a3208a30b882966f7a6f1 av-styling- avia-align-center  avia-builder-el-14  el_before_av_heading  avia-builder-el-first '   itemprop=\"image\" itemscope=\"itemscope\" itemtype=\"https:\/\/schema.org\/ImageObject\" ><div class=\"avia-image-container-inner\"><div class=\"avia-image-overlay-wrap\"><a href=\"https:\/\/vectormm.nl\/de\/kunden-cases\/gesicherte-und-transparente-verwaltung-der-seces-bei-neptune-energy\/\" class='avia_image' ><img decoding=\"async\" class='wp-image-621 avia-img-lazy-loading-not-621 avia_image ' src=\"https:\/\/vectormm.nl\/wp-content\/uploads\/2022\/02\/cases1.jpg\" alt='' title='cases1'  height=\"275\" width=\"276\"  itemprop=\"thumbnailUrl\" srcset=\"https:\/\/vectormm.nl\/wp-content\/uploads\/2022\/02\/cases1.jpg 276w, https:\/\/vectormm.nl\/wp-content\/uploads\/2022\/02\/cases1-80x80.jpg 80w, https:\/\/vectormm.nl\/wp-content\/uploads\/2022\/02\/cases1-36x36.jpg 36w, https:\/\/vectormm.nl\/wp-content\/uploads\/2022\/02\/cases1-180x180.jpg 180w\" sizes=\"(max-width: 276px) 100vw, 276px\" \/><\/a><\/div><\/div><\/div><br \/>\n\n<style type=\"text\/css\" data-created_by=\"avia_inline_auto\" id=\"style-css-av-ixs3t-e9bef83fed0325488c481dcededfbaae\">\n#top .av-special-heading.av-ixs3t-e9bef83fed0325488c481dcededfbaae{\npadding-bottom:10px;\n}\nbody .av-special-heading.av-ixs3t-e9bef83fed0325488c481dcededfbaae .av-special-heading-tag .heading-char{\nfont-size:25px;\n}\n.av-special-heading.av-ixs3t-e9bef83fed0325488c481dcededfbaae .av-subheading{\nfont-size:15px;\n}\n<\/style>\n<div  class='av-special-heading av-ixs3t-e9bef83fed0325488c481dcededfbaae av-special-heading-h5 blockquote modern-quote  avia-builder-el-15  el_after_av_image  avia-builder-el-last  av-linked-heading'><h5 class='av-special-heading-tag'  itemprop=\"headline\"  ><a class=\"av-heading-link\" href=\"https:\/\/vectormm.nl\/de\/?page_id=2150\">Gesicherte und transparente Verwaltung der SECEs bei ENI Energy<\/a><\/h5><div class=\"special-heading-border\"><div class=\"special-heading-inner-border\"><\/div><\/div><\/div><\/p><\/div>\n<style type=\"text\/css\" data-created_by=\"avia_inline_auto\" id=\"style-css-av-cxx9t-26f5b1f549c10f4cdecca109a815abca\">\n.flex_column.av-cxx9t-26f5b1f549c10f4cdecca109a815abca{\n-webkit-border-radius:0px 0px 0px 0px;\n-moz-border-radius:0px 0px 0px 0px;\nborder-radius:0px 0px 0px 0px;\npadding:0px 0px 0px 0px;\n}\n<\/style>\n<div class='flex_column av-cxx9t-26f5b1f549c10f4cdecca109a815abca av_one_fourth  avia-builder-el-16  el_after_av_one_fourth  avia-builder-el-last  flex_column_div av-zero-column-padding column-top-margin'     ><p>\n<style type=\"text\/css\" data-created_by=\"avia_inline_auto\" id=\"style-css-av-7cn4p-704026143dcc8081ec7bd9f29f8089e4\">\n.avia-image-container.av-7cn4p-704026143dcc8081ec7bd9f29f8089e4 img.avia_image{\nbox-shadow:none;\n}\n.avia-image-container.av-7cn4p-704026143dcc8081ec7bd9f29f8089e4 .av-image-caption-overlay-center{\ncolor:#ffffff;\n}\n<\/style>\n<div  class='avia-image-container av-7cn4p-704026143dcc8081ec7bd9f29f8089e4 av-styling- avia-align-center  avia-builder-el-17  el_before_av_heading  avia-builder-el-first '   itemprop=\"image\" itemscope=\"itemscope\" itemtype=\"https:\/\/schema.org\/ImageObject\" ><div class=\"avia-image-container-inner\"><div class=\"avia-image-overlay-wrap\"><a href=\"https:\/\/vectormm.nl\/de\/kunden-cases\/business-intelligence-system-fuer-taqa\/\" class='avia_image' ><img decoding=\"async\" class='wp-image-712 avia-img-lazy-loading-not-712 avia_image ' src=\"https:\/\/vectormm.nl\/wp-content\/uploads\/2022\/02\/1-1.jpg\" alt='' title='1'  height=\"275\" width=\"276\"  itemprop=\"thumbnailUrl\" srcset=\"https:\/\/vectormm.nl\/wp-content\/uploads\/2022\/02\/1-1.jpg 276w, https:\/\/vectormm.nl\/wp-content\/uploads\/2022\/02\/1-1-80x80.jpg 80w, https:\/\/vectormm.nl\/wp-content\/uploads\/2022\/02\/1-1-36x36.jpg 36w, https:\/\/vectormm.nl\/wp-content\/uploads\/2022\/02\/1-1-180x180.jpg 180w\" sizes=\"(max-width: 276px) 100vw, 276px\" \/><\/a><\/div><\/div><\/div><br \/>\n\n<style type=\"text\/css\" data-created_by=\"avia_inline_auto\" id=\"style-css-av-kz42g8bt-7750b1b25c68671611e061329af3d625\">\n#top .av-special-heading.av-kz42g8bt-7750b1b25c68671611e061329af3d625{\npadding-bottom:10px;\n}\nbody .av-special-heading.av-kz42g8bt-7750b1b25c68671611e061329af3d625 .av-special-heading-tag .heading-char{\nfont-size:25px;\n}\n.av-special-heading.av-kz42g8bt-7750b1b25c68671611e061329af3d625 .av-subheading{\nfont-size:15px;\n}\n<\/style>\n<div  class='av-special-heading av-kz42g8bt-7750b1b25c68671611e061329af3d625 av-special-heading-h5 blockquote modern-quote  avia-builder-el-18  el_after_av_image  avia-builder-el-last  av-linked-heading'><h5 class='av-special-heading-tag'  itemprop=\"headline\"  ><a class=\"av-heading-link\" href=\"https:\/\/vectormm.nl\/klanten-cases\/business-intelligence-systeem-voor-taqa\/\">Business-Intelligence-System f\u00fcr TAQA<\/a><\/h5><div class=\"special-heading-border\"><div class=\"special-heading-inner-border\"><\/div><\/div><\/div><\/p><\/div>\n\n<\/div><\/div><\/div><!-- close content main div --><\/div><\/div><div id='av_section_4'  class='avia-section av-7p2nt-fb9a9cf9a0fcfd4532d0375568782cea main_color avia-section-default avia-no-border-styling  avia-builder-el-19  el_after_av_section  el_before_av_section  page-section pt-0 pb-0 avia-bg-style-scroll container_wrap fullsize'  ><div class='container av-section-cont-open' ><div class='template-page content  av-content-full alpha units'><div class='post-entry post-entry-type-page post-entry-2102'><div class='entry-content-wrapper clearfix'>\n\n<style type=\"text\/css\" data-created_by=\"avia_inline_auto\" id=\"style-css-av-kruax61q-739fe40346b848540bbe8065709010b4\">\n#top .av-special-heading.av-kruax61q-739fe40346b848540bbe8065709010b4{\nmargin:70px 0 0 0;\npadding-bottom:10px;\n}\nbody .av-special-heading.av-kruax61q-739fe40346b848540bbe8065709010b4 .av-special-heading-tag .heading-char{\nfont-size:25px;\n}\n.av-special-heading.av-kruax61q-739fe40346b848540bbe8065709010b4 .av-subheading{\nfont-size:15px;\n}\n<\/style>\n<div  class='av-special-heading av-kruax61q-739fe40346b848540bbe8065709010b4 av-special-heading-h3 blockquote modern-quote  avia-builder-el-20  el_before_av_textblock  avia-builder-el-first '><h3 class='av-special-heading-tag'  itemprop=\"headline\"  >Unsere Kunden<\/h3><div class=\"special-heading-border\"><div class=\"special-heading-inner-border\"><\/div><\/div><\/div>\n<section  class='av_textblock_section av-kruaxfan-d88abb17df3c30c4edc70c895e932152'  itemscope=\"itemscope\" itemtype=\"https:\/\/schema.org\/CreativeWork\" ><div class='avia_textblock'  itemprop=\"text\" ><p>In den vergangenen Jahren haben wir f\u00fcr die folgenden Organisationen mit einem umfassenden Leistungsspektrum Mehrwert geschaffen.<\/p>\n<\/div><\/section>\n\n<\/div><\/div><\/div><!-- close content main div --><\/div><\/div><div id='av_section_5'  class='avia-section av-krub058o-748a6c30672b65bc82cffd9bc95d68ca main_color avia-section-default avia-no-border-styling  avia-builder-el-22  el_after_av_section  avia-builder-el-last  page-section pt-0 avia-bg-style-scroll container_wrap fullsize'  ><div class='container av-section-cont-open' ><div class='template-page content  av-content-full alpha units'><div class='post-entry post-entry-type-page post-entry-2102'><div class='entry-content-wrapper clearfix'>\n<div  class='avia-logo-element-container av-krub1v8m-b5a197b600e7783d3382ee028aedd6f4 av-border-deactivate avia-logo-grid avia-content-slider avia-smallarrow-slider avia-content-grid-active noHover avia-content-slider-odd  avia-builder-el-23  avia-builder-el-no-sibling  onze-klanten-grid avia-content-slider1' ><div class='avia-smallarrow-slider-heading  no-logo-slider-heading '><div class='new-special-heading'>&nbsp;<\/div><\/div><div class=\"avia-content-slider-inner\"><div class=\"slide-entry-wrap\"><div  class='slide-entry av-l1ai3tg6-86327012569eeb7f742075b8b92fa4e2 flex_column no_margin av_one_fifth real-thumbnail post-entry slide-entry-overview slide-loop-1 slide-parity-odd  first'><img decoding=\"async\" width=\"396\" height=\"258\" src=\"https:\/\/vectormm.nl\/wp-content\/uploads\/2022\/02\/taqa2-1.png\" class=\"wp-image-1393 avia-img-lazy-loading-not-1393 attachment-no scaling size-no scaling\" alt=\"\" srcset=\"https:\/\/vectormm.nl\/wp-content\/uploads\/2022\/02\/taqa2-1.png 396w, https:\/\/vectormm.nl\/wp-content\/uploads\/2022\/02\/taqa2-1-300x195.png 300w\" sizes=\"(max-width: 396px) 100vw, 396px\" \/><\/div><div  class='slide-entry av-s64m1-d60685b2eab7cb9e6e6e05a03618230b flex_column no_margin av_one_fifth real-thumbnail post-entry slide-entry-overview slide-loop-2 slide-parity-even  '><img decoding=\"async\" width=\"198\" height=\"129\" src=\"https:\/\/vectormm.nl\/wp-content\/uploads\/2021\/07\/logo-2.png\" class=\"wp-image-134 avia-img-lazy-loading-not-134 attachment-no scaling size-no scaling\" alt=\"\" \/><\/div><div  class='slide-entry av-26995-750c10998a1bfbb4ab3dbbdae2767adf flex_column no_margin av_one_fifth real-thumbnail post-entry slide-entry-overview slide-loop-3 slide-parity-odd  '><img decoding=\"async\" width=\"198\" height=\"129\" src=\"https:\/\/vectormm.nl\/wp-content\/uploads\/2021\/07\/logo-3.png\" class=\"wp-image-135 avia-img-lazy-loading-not-135 attachment-no scaling size-no scaling\" alt=\"\" \/><\/div><div  class='slide-entry av-1qw0h-0b92a7489c88c095c2feb2f94b971a55 flex_column no_margin av_one_fifth real-thumbnail post-entry slide-entry-overview slide-loop-4 slide-parity-even  '><img decoding=\"async\" width=\"198\" height=\"129\" src=\"https:\/\/vectormm.nl\/wp-content\/uploads\/2022\/02\/total.jpg\" class=\"wp-image-1308 avia-img-lazy-loading-not-1308 attachment-no scaling size-no scaling\" alt=\"\" \/><\/div><div  class='slide-entry av-kyx5mj8j-f7fc22e7fcc5e06e5acf5e7a74f3c5b3 flex_column no_margin av_one_fifth real-thumbnail post-entry slide-entry-overview slide-loop-5 slide-parity-odd  '><img decoding=\"async\" width=\"200\" height=\"200\" src=\"https:\/\/vectormm.nl\/wp-content\/uploads\/2026\/03\/eni-logo_200.jpg\" class=\"wp-image-2408 avia-img-lazy-loading-not-2408 attachment-no scaling size-no scaling\" alt=\"\" srcset=\"https:\/\/vectormm.nl\/wp-content\/uploads\/2026\/03\/eni-logo_200.jpg 200w, https:\/\/vectormm.nl\/wp-content\/uploads\/2026\/03\/eni-logo_200-80x80.jpg 80w, https:\/\/vectormm.nl\/wp-content\/uploads\/2026\/03\/eni-logo_200-36x36.jpg 36w, https:\/\/vectormm.nl\/wp-content\/uploads\/2026\/03\/eni-logo_200-180x180.jpg 180w\" sizes=\"(max-width: 200px) 100vw, 200px\" \/><\/div><\/div><div class=\"slide-entry-wrap\"><div  class='slide-entry av-kyx5mozf-dec2d4c5833971fa86182ee4fa67c95b flex_column no_margin av_one_fifth real-thumbnail post-entry slide-entry-overview slide-loop-6 slide-parity-odd  first'><img decoding=\"async\" width=\"198\" height=\"129\" src=\"https:\/\/vectormm.nl\/wp-content\/uploads\/2022\/01\/klanten10.jpg\" class=\"wp-image-489 avia-img-lazy-loading-not-489 attachment-no scaling size-no scaling\" alt=\"\" \/><\/div><div  class='slide-entry av-kyx5muli-211e3d5ea91f911c3adbaf42b5317420 flex_column no_margin av_one_fifth real-thumbnail post-entry slide-entry-overview slide-loop-7 slide-parity-even  '><img decoding=\"async\" width=\"198\" height=\"129\" src=\"https:\/\/vectormm.nl\/wp-content\/uploads\/2022\/01\/klanten8-1.jpg\" class=\"wp-image-496 avia-img-lazy-loading-not-496 attachment-no scaling size-no scaling\" alt=\"\" \/><\/div><div  class='slide-entry av-kyx5n026-ccf54b77ce90e73dd076be454348c340 flex_column no_margin av_one_fifth real-thumbnail post-entry slide-entry-overview slide-loop-8 slide-parity-odd  '><img decoding=\"async\" width=\"198\" height=\"129\" src=\"https:\/\/vectormm.nl\/wp-content\/uploads\/2022\/01\/klanten7-1.jpg\" class=\"wp-image-494 avia-img-lazy-loading-not-494 attachment-no scaling size-no scaling\" alt=\"\" \/><\/div><div  class='slide-entry av-kyx5n6ew-3b6657e2cdf0726ecd3d4fb158571933 flex_column no_margin av_one_fifth real-thumbnail post-entry slide-entry-overview slide-loop-9 slide-parity-even  '><img decoding=\"async\" width=\"198\" height=\"129\" src=\"https:\/\/vectormm.nl\/wp-content\/uploads\/2022\/01\/klanten6-1.jpg\" class=\"wp-image-498 avia-img-lazy-loading-not-498 attachment-no scaling size-no scaling\" alt=\"\" \/><\/div><div  class='slide-entry av-kyx5nbv5-c35a19fc08764fb42defc6f103414bcd flex_column no_margin av_one_fifth real-thumbnail post-entry slide-entry-overview slide-loop-10 slide-parity-odd  '><img decoding=\"async\" width=\"198\" height=\"129\" src=\"https:\/\/vectormm.nl\/wp-content\/uploads\/2022\/01\/klanten3.jpg\" class=\"wp-image-485 avia-img-lazy-loading-not-485 attachment-no scaling size-no scaling\" alt=\"\" \/><\/div><\/div><div class=\"slide-entry-wrap\"><div  class='slide-entry av-kyx5nhxa-d3b6a26cc3b042566e007bd465620a23 flex_column no_margin av_one_fifth real-thumbnail post-entry slide-entry-overview slide-loop-11 slide-parity-odd  first'><img decoding=\"async\" width=\"198\" height=\"129\" src=\"https:\/\/vectormm.nl\/wp-content\/uploads\/2022\/01\/klanten2.jpg\" class=\"wp-image-484 avia-img-lazy-loading-not-484 attachment-no scaling size-no scaling\" alt=\"\" \/><\/div><div  class='slide-entry av-kyx5no4h-ead4a32099aa716b22ae6cf8b60a8655 flex_column no_margin av_one_fifth real-thumbnail post-entry slide-entry-overview slide-loop-12 slide-parity-even post-entry-last '><img decoding=\"async\" width=\"198\" height=\"129\" src=\"https:\/\/vectormm.nl\/wp-content\/uploads\/2022\/01\/klante5.jpg\" class=\"wp-image-483 avia-img-lazy-loading-not-483 attachment-no scaling size-no scaling\" alt=\"\" \/><\/div><\/div><\/div><\/div>\n\n","protected":false},"excerpt":{"rendered":"","protected":false},"author":1,"featured_media":0,"parent":0,"menu_order":0,"comment_status":"closed","ping_status":"closed","template":"","meta":{"inline_featured_image":false,"footnotes":""},"class_list":["post-2102","page","type-page","status-publish","hentry"],"_links":{"self":[{"href":"https:\/\/vectormm.nl\/de\/wp-json\/wp\/v2\/pages\/2102","targetHints":{"allow":["GET"]}}],"collection":[{"href":"https:\/\/vectormm.nl\/de\/wp-json\/wp\/v2\/pages"}],"about":[{"href":"https:\/\/vectormm.nl\/de\/wp-json\/wp\/v2\/types\/page"}],"author":[{"embeddable":true,"href":"https:\/\/vectormm.nl\/de\/wp-json\/wp\/v2\/users\/1"}],"replies":[{"embeddable":true,"href":"https:\/\/vectormm.nl\/de\/wp-json\/wp\/v2\/comments?post=2102"}],"version-history":[{"count":0,"href":"https:\/\/vectormm.nl\/de\/wp-json\/wp\/v2\/pages\/2102\/revisions"}],"wp:attachment":[{"href":"https:\/\/vectormm.nl\/de\/wp-json\/wp\/v2\/media?parent=2102"}],"curies":[{"name":"wp","href":"https:\/\/api.w.org\/{rel}","templated":true}]}}