{"id":2089,"date":"2022-01-21T14:51:08","date_gmt":"2022-01-21T13:51:08","guid":{"rendered":"https:\/\/vectormm.nl\/loesungen\/bessere-entscheidungsfindung-mit-bi\/"},"modified":"2026-03-25T14:10:37","modified_gmt":"2026-03-25T13:10:37","slug":"bessere-entscheidungsfindung-mit-bi","status":"publish","type":"page","link":"https:\/\/vectormm.nl\/de\/loesungen\/bessere-entscheidungsfindung-mit-bi\/","title":{"rendered":"Bessere Entscheidungsfindung mit BI"},"content":{"rendered":"<div id='av_section_1'  class='avia-section av-2uh5p5-46ba2bd1b8aa22abb758e2e5b3f9f442 main_color avia-section-default avia-no-border-styling  avia-builder-el-0  el_before_av_section  avia-builder-el-first  inner-page-header with-icon avia-bg-style-scroll container_wrap fullsize'  ><div class='container av-section-cont-open' ><main  role=\"main\" itemprop=\"mainContentOfPage\"  class='template-page content  av-content-full alpha units'><div class='post-entry post-entry-type-page post-entry-2089'><div class='entry-content-wrapper clearfix'>\n\n<style type=\"text\/css\" data-created_by=\"avia_inline_auto\" id=\"style-css-av-2p2pp5-1db0bd080f890bfcc08ee84c687108c3\">\n.flex_column.av-2p2pp5-1db0bd080f890bfcc08ee84c687108c3{\n-webkit-border-radius:0px 0px 0px 0px;\n-moz-border-radius:0px 0px 0px 0px;\nborder-radius:0px 0px 0px 0px;\npadding:0px 0px 0px 0px;\n}\n<\/style>\n<div class='flex_column av-2p2pp5-1db0bd080f890bfcc08ee84c687108c3 av_three_fourth  avia-builder-el-1  el_before_av_one_fourth  avia-builder-el-first  first flex_column_div av-zero-column-padding '     ><style type=\"text\/css\" data-created_by=\"avia_inline_auto\" id=\"style-css-av-kyoirlmx-3dc882a0f26a99f3119c70abc6c4c628\">\n#top .av-special-heading.av-kyoirlmx-3dc882a0f26a99f3119c70abc6c4c628{\npadding-bottom:10px;\n}\nbody .av-special-heading.av-kyoirlmx-3dc882a0f26a99f3119c70abc6c4c628 .av-special-heading-tag .heading-char{\nfont-size:25px;\n}\n.av-special-heading.av-kyoirlmx-3dc882a0f26a99f3119c70abc6c4c628 .av-subheading{\nfont-size:15px;\n}\n<\/style>\n<div  class='av-special-heading av-kyoirlmx-3dc882a0f26a99f3119c70abc6c4c628 av-special-heading-h1 blockquote modern-quote  avia-builder-el-2  avia-builder-el-no-sibling '><h1 class='av-special-heading-tag'  itemprop=\"headline\"  >Bessere Entscheidungsfindung mit BI<\/h1><div class=\"special-heading-border\"><div class=\"special-heading-inner-border\"><\/div><\/div><\/div><\/div>\n<style type=\"text\/css\" data-created_by=\"avia_inline_auto\" id=\"style-css-av-2mau0p-7e0841ca74262abaad58ed97d37933c0\">\n.flex_column.av-2mau0p-7e0841ca74262abaad58ed97d37933c0{\n-webkit-border-radius:0px 0px 0px 0px;\n-moz-border-radius:0px 0px 0px 0px;\nborder-radius:0px 0px 0px 0px;\npadding:0px 0px 0px 0px;\n}\n<\/style>\n<div class='flex_column av-2mau0p-7e0841ca74262abaad58ed97d37933c0 av_one_fourth  avia-builder-el-3  el_after_av_three_fourth  avia-builder-el-last  flex_column_div av-zero-column-padding '     ><style type=\"text\/css\" data-created_by=\"avia_inline_auto\" id=\"style-css-av-2cygg9-476fc8d1328ef7f80147653e5f9ab9a3\">\n.avia-image-container.av-2cygg9-476fc8d1328ef7f80147653e5f9ab9a3 img.avia_image{\nbox-shadow:none;\n}\n.avia-image-container.av-2cygg9-476fc8d1328ef7f80147653e5f9ab9a3 .av-image-caption-overlay-center{\ncolor:#ffffff;\n}\n<\/style>\n<div  class='avia-image-container av-2cygg9-476fc8d1328ef7f80147653e5f9ab9a3 av-styling- avia-align-center  avia-builder-el-4  avia-builder-el-no-sibling '   itemprop=\"image\" itemscope=\"itemscope\" itemtype=\"https:\/\/schema.org\/ImageObject\" ><div class=\"avia-image-container-inner\"><div class=\"avia-image-overlay-wrap\"><img decoding=\"async\" class='wp-image-75 avia-img-lazy-loading-not-75 avia_image ' src=\"https:\/\/vectormm.nl\/wp-content\/uploads\/2021\/07\/icon-4-img.png\" alt='' title='icon-4-img'  height=\"120\" width=\"120\"  itemprop=\"thumbnailUrl\" srcset=\"https:\/\/vectormm.nl\/wp-content\/uploads\/2021\/07\/icon-4-img.png 120w, https:\/\/vectormm.nl\/wp-content\/uploads\/2021\/07\/icon-4-img-80x80.png 80w, https:\/\/vectormm.nl\/wp-content\/uploads\/2021\/07\/icon-4-img-36x36.png 36w\" sizes=\"(max-width: 120px) 100vw, 120px\" \/><\/div><\/div><\/div><\/div>\n\n<\/div><\/div><\/main><!-- close content main element --><\/div><\/div><div id='av_section_2'  class='avia-section av-292so9-e656916cdcd308782a69f8f29ae3e7af main_color avia-section-default avia-no-border-styling  avia-builder-el-5  el_after_av_section  el_before_av_section  breadcrumbs-sec avia-bg-style-scroll container_wrap fullsize'  ><div class='container av-section-cont-open' ><div class='template-page content  av-content-full alpha units'><div class='post-entry post-entry-type-page post-entry-2089'><div class='entry-content-wrapper clearfix'>\n\n\n<\/div><\/div><\/div><!-- close content main div --><\/div><\/div><div id='av_section_3'  class='avia-section av-1w7lip-486982f3b957c15940f52fccd7c718c6 main_color avia-section-default avia-no-border-styling  avia-builder-el-7  el_after_av_section  el_before_av_section  page-section pt-0 avia-bg-style-scroll container_wrap fullsize'  ><div class='container av-section-cont-open' ><div class='template-page content  av-content-full alpha units'><div class='post-entry post-entry-type-page post-entry-2089'><div class='entry-content-wrapper clearfix'>\n\n<style type=\"text\/css\" data-created_by=\"avia_inline_auto\" id=\"style-css-av-1sx9hl-3ed39ba788ae4a6fedc3cba10acac1da\">\n.flex_column.av-1sx9hl-3ed39ba788ae4a6fedc3cba10acac1da{\n-webkit-border-radius:0px 0px 0px 0px;\n-moz-border-radius:0px 0px 0px 0px;\nborder-radius:0px 0px 0px 0px;\npadding:0px 0px 0px 0px;\n}\n<\/style>\n<div class='flex_column av-1sx9hl-3ed39ba788ae4a6fedc3cba10acac1da av_three_fifth  avia-builder-el-8  el_before_av_two_fifth  avia-builder-el-first  first flex_column_div av-zero-column-padding '     ><p><section  class='av_textblock_section av-kyois073-0224f93ab91207b6539302229ce9514d'  itemscope=\"itemscope\" itemtype=\"https:\/\/schema.org\/CreativeWork\" ><div class='avia_textblock'  itemprop=\"text\" ><p><strong>Business Intelligence<\/strong><br \/>\nBusiness Intelligence ist genau das, was der Begriff sagt: Informationen, mit denen Sie Ihr Unternehmen intelligent steuern k\u00f6nnen \u2013 nicht basierend auf Annahmen oder Meinungen, sondern auf pr\u00e4zisen Daten. Mit relevanten Informationen, \u00fcbersichtlich in Dashboards und Berichten dargestellt und jederzeit verf\u00fcgbar, treffen Sie bessere Entscheidungen. Unsere Aufgabe ist es, Sie dabei zu unterst\u00fctzen, das zu erreichen.   <\/p>\n<p><strong>Indikatoren nach Ma\u00df<\/strong><br \/>\nWir passen Informationssysteme an Ihre Ziele und Verantwortungsbereiche an. Dadurch werden Abweichungen sofort sichtbar und messbar, w\u00e4hrend die Informationen gleichzeitig klare Hinweise auf Ursachen liefern. Deshalb arbeiten wir nicht mit Standardl\u00f6sungen. Die richtige Information h\u00e4ngt davon ab, was in Ihrer spezifischen Situation relevant ist.   <\/p>\n<p><strong>Vom Design bis zur Umsetzung<\/strong><br \/>\nUnsere Spezialisten k\u00f6nnen Ihr Unternehmensinformationssystem vollst\u00e4ndig neu konzipieren und aufbauen \u2013 oder wir unterst\u00fctzen Sie dabei, Ihr bestehendes System optimal einzurichten. Der Ausgangspunkt ist dabei immer Ihre Strategie und Ihre Ziele. Diese werden mit der aktuellen Situation verkn\u00fcpft. Worauf es letztlich ankommt, sind pr\u00e4zise und kompakte Berichte \u00fcber die Aspekte, die in Ihrer Betriebsf\u00fchrung wirklich z\u00e4hlen.<\/p>\n<\/div><\/section><br \/>\n<div  class='avia-button-wrap av-kz5q9lm4-c1390a597b1ef3f77d9eb74308ec0282-wrap avia-button-left  avia-builder-el-10  el_after_av_textblock  avia-builder-el-last '><a href='\/de\/kontakt\/'  class='avia-button av-kz5q9lm4-c1390a597b1ef3f77d9eb74308ec0282 avia-icon_select-no avia-size-medium avia-position-left avia-color-theme-color'  ><span class='avia_iconbox_title' >Mehr erfahren?<\/span><\/a><\/div><\/p><\/div>\n<style type=\"text\/css\" data-created_by=\"avia_inline_auto\" id=\"style-css-av-1kwrop-3baec67d0b982cb717c09a9e6eb06505\">\n.flex_column.av-1kwrop-3baec67d0b982cb717c09a9e6eb06505{\n-webkit-border-radius:0px 0px 0px 0px;\n-moz-border-radius:0px 0px 0px 0px;\nborder-radius:0px 0px 0px 0px;\npadding:0px 0px 0px 0px;\n}\n<\/style>\n<div class='flex_column av-1kwrop-3baec67d0b982cb717c09a9e6eb06505 av_two_fifth  avia-builder-el-11  el_after_av_three_fifth  avia-builder-el-last  flex_column_div av-zero-column-padding '     ><style type=\"text\/css\" data-created_by=\"avia_inline_auto\" id=\"style-css-av-1dhijl-0ebab19f1b921944f1cf9702863af093\">\n.avia-image-container.av-1dhijl-0ebab19f1b921944f1cf9702863af093 img.avia_image{\nbox-shadow:none;\n}\n.avia-image-container.av-1dhijl-0ebab19f1b921944f1cf9702863af093 .av-image-caption-overlay-center{\ncolor:#ffffff;\n}\n<\/style>\n<div  class='avia-image-container av-1dhijl-0ebab19f1b921944f1cf9702863af093 av-styling- avia-align-center  avia-builder-el-12  avia-builder-el-no-sibling  image-right-bottom-shadow'   itemprop=\"image\" itemscope=\"itemscope\" itemtype=\"https:\/\/schema.org\/ImageObject\" ><div class=\"avia-image-container-inner\"><div class=\"avia-image-overlay-wrap\"><img decoding=\"async\" class='wp-image-410 avia-img-lazy-loading-not-410 avia_image ' src=\"https:\/\/vectormm.nl\/wp-content\/uploads\/2022\/01\/Oplossingen-\u2013-Better-decisions-by-BI.jpg\" alt='' title='Oplossingen \u2013 Better decisions by BI'  height=\"450\" width=\"565\"  itemprop=\"thumbnailUrl\" srcset=\"https:\/\/vectormm.nl\/wp-content\/uploads\/2022\/01\/Oplossingen-\u2013-Better-decisions-by-BI.jpg 565w, https:\/\/vectormm.nl\/wp-content\/uploads\/2022\/01\/Oplossingen-\u2013-Better-decisions-by-BI-300x239.jpg 300w\" sizes=\"(max-width: 565px) 100vw, 565px\" \/><\/div><\/div><\/div><\/div>\n\n<\/div><\/div><\/div><!-- close content main div --><\/div><\/div>\n<style type=\"text\/css\" data-created_by=\"avia_inline_auto\" id=\"style-css-av-av_section-c5b2cd1988b679e15605d328247649cd\">\n.avia-section.av-av_section-c5b2cd1988b679e15605d328247649cd{\nbackground-color:#e8e9f0;\nbackground-image:unset;\n}\n<\/style>\n<div id='klanten-cases-slider'  class='avia-section av-av_section-c5b2cd1988b679e15605d328247649cd main_color avia-section-default avia-no-border-styling  avia-builder-el-13  el_after_av_section  avia-builder-el-last  page-section avia-bg-style-scroll container_wrap fullsize'  ><div class='container av-section-cont-open' ><div class='template-page content  av-content-full alpha units'><div class='post-entry post-entry-type-page post-entry-2089'><div class='entry-content-wrapper clearfix'>\n\n<style type=\"text\/css\" data-created_by=\"avia_inline_auto\" id=\"style-css-av-av_one_full-53b0b300fb3685750664fb085c5ad19d\">\n.flex_column.av-av_one_full-53b0b300fb3685750664fb085c5ad19d{\n-webkit-border-radius:0px 0px 0px 0px;\n-moz-border-radius:0px 0px 0px 0px;\nborder-radius:0px 0px 0px 0px;\npadding:0px 0px 0px 0px;\n}\n<\/style>\n<div class='flex_column av-av_one_full-53b0b300fb3685750664fb085c5ad19d av_one_full  avia-builder-el-14  avia-builder-el-no-sibling  first flex_column_div av-zero-column-padding '     ><p>\n<style type=\"text\/css\" data-created_by=\"avia_inline_auto\" id=\"style-css-av-av_heading-0a08fbb40cdc013cae94f9cc6089fd36\">\n#top .av-special-heading.av-av_heading-0a08fbb40cdc013cae94f9cc6089fd36{\npadding-bottom:10px;\n}\nbody .av-special-heading.av-av_heading-0a08fbb40cdc013cae94f9cc6089fd36 .av-special-heading-tag .heading-char{\nfont-size:25px;\n}\n.av-special-heading.av-av_heading-0a08fbb40cdc013cae94f9cc6089fd36 .av-subheading{\nfont-size:15px;\n}\n<\/style>\n<div  class='av-special-heading av-av_heading-0a08fbb40cdc013cae94f9cc6089fd36 av-special-heading-h2 blockquote modern-quote modern-centered  avia-builder-el-15  el_before_av_testimonials  avia-builder-el-first  section-heading'><h2 class='av-special-heading-tag'  itemprop=\"headline\"  >Case Studies<\/h2><div class=\"special-heading-border\"><div class=\"special-heading-inner-border\"><\/div><\/div><\/div><br \/>\n<div  class='avia-testimonial-wrapper av-av_testimonials-fc8fa0fb8d9c0f73fc48c6d2aa435e1f avia-slider-testimonials avia-slider-2-testimonials avia_animate_when_almost_visible av-large-testimonial-slider av-slideshow-ui av-control-default av-no-slider-navigation av-slider-hover-pause av-slideshow-autoplay av-loop-endless av-loop-manual-endless' data-slideshow-options=\"{&quot;animation&quot;:&quot;fade&quot;,&quot;autoplay&quot;:true,&quot;loop_autoplay&quot;:&quot;endless&quot;,&quot;interval&quot;:5,&quot;loop_manual&quot;:&quot;manual-endless&quot;,&quot;autoplay_stopper&quot;:false,&quot;noNavigation&quot;:false,&quot;bg_slider&quot;:false,&quot;keep_padding&quot;:&quot;&quot;,&quot;hoverpause&quot;:true,&quot;show_slide_delay&quot;:0}\">\n<section class=\"avia-testimonial-row\"><div class='avia-testimonial av-av_testimonial_single-812bc0a42f00e2505611743250656697 avia-testimonial-row-1 avia-first-testimonial flex_column no_margin av_one_half'><div class='avia-testimonial_inner'  itemscope=\"itemscope\" itemtype=\"https:\/\/schema.org\/CreativeWork\" ><div class='avia-testimonial-content '><div class='avia-testimonial-markup-entry-content'  itemprop=\"text\" ><p>Aufgrund der Verf\u00fcgbarkeit von verl\u00e4sslichen Daten aus f\u00fcnf Jahren konnte VectorMM bei TotalEnergies Nederland die erste pr\u00e4zise RCM Simulation innerhalb der gesamten TotalEnergies Gruppe durchf\u00fchren. Auf dieser Grundlage konnte VectorMM Potenziale f\u00fcr effizientere Instandhaltung, eine h\u00f6here Anlagenverf\u00fcgbarkeit und erhebliche Kosteneinsparungen identifizieren \u2013 bei gleichzeitiger vollst\u00e4ndiger Compliance der Produktionsplattformen.  Dies f\u00fchrte zu einer au\u00dfergew\u00f6hnlich kurzen Amortisationszeit von nur einem Jahr f\u00fcr das gestartete Optimierungsprogramm.<\/p>\n<\/div><\/div><div class=\"avia-testimonial-meta\"><div class=\"avia-testimonial-arrow-wrap\"><div class=\"avia-arrow\"><\/div><\/div><div class='avia-testimonial-image'  itemprop=\"image\" ><img loading=\"lazy\" decoding=\"async\" width=\"180\" height=\"180\" src=\"https:\/\/vectormm.nl\/wp-content\/uploads\/2022\/01\/total.jpg\" class=\"attachment-square size-square\" alt=\"\" srcset=\"https:\/\/vectormm.nl\/wp-content\/uploads\/2022\/01\/total.jpg 180w, https:\/\/vectormm.nl\/wp-content\/uploads\/2022\/01\/total-80x80.jpg 80w, https:\/\/vectormm.nl\/wp-content\/uploads\/2022\/01\/total-36x36.jpg 36w\" sizes=\"auto, (max-width: 180px) 100vw, 180px\" \/><\/div><div class='avia-testimonial-meta-mini'  itemprop=\"author\" itemscope=\"itemscope\" itemtype=\"https:\/\/schema.org\/Person\" ><strong  class='avia-testimonial-name'  itemprop=\"name\" >Datenbasierte RCM\u2011Optimierung bei TotalEnergies<\/strong><\/div><\/div><\/div><\/div>\n<div class='avia-testimonial av-av_testimonial_single-ad4849344bbf2781d981c5d9a0fdeac6 avia-testimonial-row-1 flex_column no_margin av_one_half'><div class='avia-testimonial_inner'  itemscope=\"itemscope\" itemtype=\"https:\/\/schema.org\/CreativeWork\" ><div class='avia-testimonial-content '><div class='avia-testimonial-markup-entry-content'  itemprop=\"text\" ><p>Wie identifiziert und spezifiziert man Sicherheits- und Umweltkritische Elemente (SECEs) und integriert deren Verwaltung in das CMMS, wenn neue Richtlinien mehr Klarheit und Nachvollziehbarkeit verlangen? Bei ENI Energy richtete ein Team von VectorMM das Informationssystem so optimal ein, da\u03b2 die SECE Leistungen der Produktionsplattformen eindeutig, transparent und in Echtzeit erfasst und dargestellt werden k\u00f6nnen.<\/p>\n<\/div><\/div><div class=\"avia-testimonial-meta\"><div class=\"avia-testimonial-arrow-wrap\"><div class=\"avia-arrow\"><\/div><\/div><div class='avia-testimonial-image'  itemprop=\"image\" ><img loading=\"lazy\" decoding=\"async\" width=\"180\" height=\"180\" src=\"https:\/\/vectormm.nl\/wp-content\/uploads\/2026\/03\/eni-logo_200-180x180.jpg\" class=\"attachment-square size-square\" alt=\"\" srcset=\"https:\/\/vectormm.nl\/wp-content\/uploads\/2026\/03\/eni-logo_200-180x180.jpg 180w, https:\/\/vectormm.nl\/wp-content\/uploads\/2026\/03\/eni-logo_200-80x80.jpg 80w, https:\/\/vectormm.nl\/wp-content\/uploads\/2026\/03\/eni-logo_200-36x36.jpg 36w, https:\/\/vectormm.nl\/wp-content\/uploads\/2026\/03\/eni-logo_200.jpg 200w\" sizes=\"auto, (max-width: 180px) 100vw, 180px\" \/><\/div><div class='avia-testimonial-meta-mini'  itemprop=\"author\" itemscope=\"itemscope\" itemtype=\"https:\/\/schema.org\/Person\" ><strong  class='avia-testimonial-name'  itemprop=\"name\" >Gesicherte und transparente Verwaltung der SECEs bei ENI Energy<\/strong><\/div><\/div><\/div><\/div>\n<div class='avia-testimonial av-av_testimonial_single-17f28118185c73914b27a539842a006c avia-testimonial-row-1 flex_column no_margin av_one_half'><div class='avia-testimonial_inner'  itemscope=\"itemscope\" itemtype=\"https:\/\/schema.org\/CreativeWork\" ><div class='avia-testimonial-content '><div class='avia-testimonial-markup-entry-content'  itemprop=\"text\" ><p>Prozesse zu steuern und die richtigen Entscheidungen zu treffen, erfordert intelligente Unternehmensinformationssysteme. Auf Wunsch von TAQA integrierte VectorMM die Business Intelligence Software BICycle in ihre Systeme. Dabei erwies es sich als \u00e4u\u00dferst effektiv, auch externe Datenquellen anzubinden, wodurch viel manuelle Arbeit \u00fcberfl\u00fcssig wurde. Mit einem einfachen Mausklick kann der Kunde nun \u00fcbersichtliche Informationen aus gut strukturierten Dashboards generieren.<\/p>\n<\/div><\/div><div class=\"avia-testimonial-meta\"><div class=\"avia-testimonial-arrow-wrap\"><div class=\"avia-arrow\"><\/div><\/div><div class='avia-testimonial-image'  itemprop=\"image\" ><img loading=\"lazy\" decoding=\"async\" width=\"180\" height=\"180\" src=\"https:\/\/vectormm.nl\/wp-content\/uploads\/2026\/03\/taqa-logo_200-180x180.jpg\" class=\"attachment-square size-square\" alt=\"\" srcset=\"https:\/\/vectormm.nl\/wp-content\/uploads\/2026\/03\/taqa-logo_200-180x180.jpg 180w, https:\/\/vectormm.nl\/wp-content\/uploads\/2026\/03\/taqa-logo_200-80x80.jpg 80w, https:\/\/vectormm.nl\/wp-content\/uploads\/2026\/03\/taqa-logo_200-36x36.jpg 36w, https:\/\/vectormm.nl\/wp-content\/uploads\/2026\/03\/taqa-logo_200.jpg 200w\" sizes=\"auto, (max-width: 180px) 100vw, 180px\" \/><\/div><div class='avia-testimonial-meta-mini'  itemprop=\"author\" itemscope=\"itemscope\" itemtype=\"https:\/\/schema.org\/Person\" ><strong  class='avia-testimonial-name'  itemprop=\"name\" >Business-Intelligence-System f\u00fcr TAQA<\/strong><\/div><\/div><\/div><\/div>\n<\/section><div class='avia-slideshow-arrows avia-slideshow-controls' ><a href='#prev' class='prev-slide ' aria-hidden='true' data-av_icon='\ue87c' data-av_iconfont='entypo-fontello'  tabindex='-1'>Zur\u00fcck<\/a><a href='#next' class='next-slide ' aria-hidden='true' data-av_icon='\ue87d' data-av_iconfont='entypo-fontello'  tabindex='-1'>Weiter<\/a><\/div><\/div><br \/>\n<div  class='avia-button-wrap av-av_button-cfe503370282c9b6fa18d38e55986a48-wrap avia-button-center  avia-builder-el-17  el_after_av_testimonials  avia-builder-el-last  link-btn'><a href='https:\/\/vectormm.nl\/klanten-cases\/'  class='avia-button av-av_button-cfe503370282c9b6fa18d38e55986a48 avia-icon_select-no avia-size-small avia-position-center avia-color-theme-color'  ><span class='avia_iconbox_title' >Case Studies<\/span><\/a><\/div><\/p><\/div>\n\n","protected":false},"excerpt":{"rendered":"","protected":false},"author":1,"featured_media":0,"parent":2048,"menu_order":0,"comment_status":"closed","ping_status":"closed","template":"","meta":{"inline_featured_image":false,"footnotes":""},"class_list":["post-2089","page","type-page","status-publish","hentry"],"_links":{"self":[{"href":"https:\/\/vectormm.nl\/de\/wp-json\/wp\/v2\/pages\/2089","targetHints":{"allow":["GET"]}}],"collection":[{"href":"https:\/\/vectormm.nl\/de\/wp-json\/wp\/v2\/pages"}],"about":[{"href":"https:\/\/vectormm.nl\/de\/wp-json\/wp\/v2\/types\/page"}],"author":[{"embeddable":true,"href":"https:\/\/vectormm.nl\/de\/wp-json\/wp\/v2\/users\/1"}],"replies":[{"embeddable":true,"href":"https:\/\/vectormm.nl\/de\/wp-json\/wp\/v2\/comments?post=2089"}],"version-history":[{"count":0,"href":"https:\/\/vectormm.nl\/de\/wp-json\/wp\/v2\/pages\/2089\/revisions"}],"up":[{"embeddable":true,"href":"https:\/\/vectormm.nl\/de\/wp-json\/wp\/v2\/pages\/2048"}],"wp:attachment":[{"href":"https:\/\/vectormm.nl\/de\/wp-json\/wp\/v2\/media?parent=2089"}],"curies":[{"name":"wp","href":"https:\/\/api.w.org\/{rel}","templated":true}]}}