{"id":2086,"date":"2021-08-02T11:57:07","date_gmt":"2021-08-02T09:57:07","guid":{"rendered":"https:\/\/vectormm.nl\/vectormm-academy\/"},"modified":"2026-02-16T14:47:32","modified_gmt":"2026-02-16T13:47:32","slug":"vectormm-academy","status":"publish","type":"page","link":"https:\/\/vectormm.nl\/de\/vectormm-academy\/","title":{"rendered":"VectorMM Academy"},"content":{"rendered":"<div id='av_section_1'  class='avia-section av-155cvn-4ff080b3754ad18fa7e253002a39a9c4 main_color avia-section-default avia-no-border-styling  avia-builder-el-0  el_before_av_section  avia-builder-el-first  inner-page-header with-image avia-bg-style-scroll container_wrap fullsize'  ><div class='container av-section-cont-open' ><main  role=\"main\" itemprop=\"mainContentOfPage\"  class='template-page content  av-content-full alpha units'><div class='post-entry post-entry-type-page post-entry-2086'><div class='entry-content-wrapper clearfix'>\n\n<style type=\"text\/css\" data-created_by=\"avia_inline_auto\" id=\"style-css-av-y6aar-73fddc5d78eb4613cf7735c30942ebe3\">\n.flex_column.av-y6aar-73fddc5d78eb4613cf7735c30942ebe3{\n-webkit-border-radius:0px 0px 0px 0px;\n-moz-border-radius:0px 0px 0px 0px;\nborder-radius:0px 0px 0px 0px;\npadding:0px 0px 0px 0px;\n}\n<\/style>\n<div class='flex_column av-y6aar-73fddc5d78eb4613cf7735c30942ebe3 av_one_half  avia-builder-el-1  el_before_av_one_half  avia-builder-el-first  first flex_column_div av-zero-column-padding '     ><style type=\"text\/css\" data-created_by=\"avia_inline_auto\" id=\"style-css-av-krukvd2g-ae40784d863ba3435c7ac6c835edcaec\">\n#top .av-special-heading.av-krukvd2g-ae40784d863ba3435c7ac6c835edcaec{\npadding-bottom:10px;\n}\nbody .av-special-heading.av-krukvd2g-ae40784d863ba3435c7ac6c835edcaec .av-special-heading-tag .heading-char{\nfont-size:25px;\n}\n.av-special-heading.av-krukvd2g-ae40784d863ba3435c7ac6c835edcaec .av-subheading{\nfont-size:15px;\n}\n<\/style>\n<div  class='av-special-heading av-krukvd2g-ae40784d863ba3435c7ac6c835edcaec av-special-heading-h1 blockquote modern-quote  avia-builder-el-2  avia-builder-el-no-sibling '><h1 class='av-special-heading-tag'  itemprop=\"headline\"  >VectorMM Academy<\/h1><div class=\"special-heading-border\"><div class=\"special-heading-inner-border\"><\/div><\/div><\/div><\/div>\n<style type=\"text\/css\" data-created_by=\"avia_inline_auto\" id=\"style-css-av-s7qj7-85fc0ce5626e039936fa2558a812a3db\">\n.flex_column.av-s7qj7-85fc0ce5626e039936fa2558a812a3db{\n-webkit-border-radius:0px 0px 0px 0px;\n-moz-border-radius:0px 0px 0px 0px;\nborder-radius:0px 0px 0px 0px;\npadding:0px 0px 0px 0px;\n}\n<\/style>\n<div class='flex_column av-s7qj7-85fc0ce5626e039936fa2558a812a3db av_one_half  avia-builder-el-3  el_after_av_one_half  avia-builder-el-last  flex_column_div av-zero-column-padding '     ><style type=\"text\/css\" data-created_by=\"avia_inline_auto\" id=\"style-css-av-k9hqz-0cc6354d7f28017eee1483b6812020b3\">\n.avia-image-container.av-k9hqz-0cc6354d7f28017eee1483b6812020b3 img.avia_image{\nbox-shadow:none;\n}\n.avia-image-container.av-k9hqz-0cc6354d7f28017eee1483b6812020b3 .av-image-caption-overlay-center{\ncolor:#ffffff;\n}\n<\/style>\n<div  class='avia-image-container av-k9hqz-0cc6354d7f28017eee1483b6812020b3 av-styling- avia-align-center  avia-builder-el-4  avia-builder-el-no-sibling  image-right-bottom-shadow'   itemprop=\"image\" itemscope=\"itemscope\" itemtype=\"https:\/\/schema.org\/ImageObject\" ><div class=\"avia-image-container-inner\"><div class=\"avia-image-overlay-wrap\"><img decoding=\"async\" class='wp-image-431 avia-img-lazy-loading-not-431 avia_image ' src=\"https:\/\/vectormm.nl\/wp-content\/uploads\/2022\/01\/accademie.jpg\" alt='' title='accademie'  height=\"292\" width=\"562\"  itemprop=\"thumbnailUrl\" srcset=\"https:\/\/vectormm.nl\/wp-content\/uploads\/2022\/01\/accademie.jpg 562w, https:\/\/vectormm.nl\/wp-content\/uploads\/2022\/01\/accademie-300x156.jpg 300w\" sizes=\"(max-width: 562px) 100vw, 562px\" \/><\/div><\/div><\/div><\/div><\/div><\/div><\/main><!-- close content main element --><\/div><\/div><div id='av_section_2'  class='avia-section av-g23wj-ca5cf80c3a13dd120a721a4389b523cf main_color avia-section-default avia-no-border-styling  avia-builder-el-5  el_after_av_section  el_before_av_section  breadcrumbs-sec avia-bg-style-scroll container_wrap fullsize'  ><div class='container av-section-cont-open' ><div class='template-page content  av-content-full alpha units'><div class='post-entry post-entry-type-page post-entry-2086'><div class='entry-content-wrapper clearfix'>\n\n<\/p>\n<\/div><\/div><\/div><!-- close content main div --><\/div><\/div><div id='av_section_3'  class='avia-section av-krukwt5u-18f3b7a9895a19c72e171ce22b983f9a main_color avia-section-default avia-no-border-styling  avia-builder-el-7  el_after_av_section  avia-builder-el-last  page-section pt-0 academie-main avia-bg-style-scroll container_wrap fullsize'  ><div class='container av-section-cont-open' ><div class='template-page content  av-content-full alpha units'><div class='post-entry post-entry-type-page post-entry-2086'><div class='entry-content-wrapper clearfix'>\n\n<style type=\"text\/css\" data-created_by=\"avia_inline_auto\" id=\"style-css-av-cl9az-01166be278ab646b940c67d5f34380d4\">\n.flex_column.av-cl9az-01166be278ab646b940c67d5f34380d4{\n-webkit-border-radius:0px 0px 0px 0px;\n-moz-border-radius:0px 0px 0px 0px;\nborder-radius:0px 0px 0px 0px;\npadding:0px 0px 0px 0px;\n}\n<\/style>\n<div class='flex_column av-cl9az-01166be278ab646b940c67d5f34380d4 av_three_fourth  avia-builder-el-8  el_before_av_one_fourth  avia-builder-el-first  first flex_column_div av-zero-column-padding '     ><p>\n<style type=\"text\/css\" data-created_by=\"avia_inline_auto\" id=\"style-css-av-krukx6uo-fe521a694efe453cafe6a353ec3fa644\">\n#top .av-special-heading.av-krukx6uo-fe521a694efe453cafe6a353ec3fa644{\npadding-bottom:10px;\n}\nbody .av-special-heading.av-krukx6uo-fe521a694efe453cafe6a353ec3fa644 .av-special-heading-tag .heading-char{\nfont-size:25px;\n}\n.av-special-heading.av-krukx6uo-fe521a694efe453cafe6a353ec3fa644 .av-subheading{\nfont-size:15px;\n}\n<\/style>\n<div  class='av-special-heading av-krukx6uo-fe521a694efe453cafe6a353ec3fa644 av-special-heading-h3 blockquote modern-quote  avia-builder-el-9  el_before_av_textblock  avia-builder-el-first '><h3 class='av-special-heading-tag'  itemprop=\"headline\"  >VectorMM Academy<\/h3><div class=\"special-heading-border\"><div class=\"special-heading-inner-border\"><\/div><\/div><\/div><br \/>\n<section  class='av_textblock_section av-krukxhx2-0d2d9525b871b649f516a96eb407c91e'  itemscope=\"itemscope\" itemtype=\"https:\/\/schema.org\/CreativeWork\" ><div class='avia_textblock'  itemprop=\"text\" ><p>Mit einem eigenen erfahrenen Team und externen Spezialisten bietet VectorMM ein breites Angebot an Schulungen, sowohl online als auch im Pr\u00e4senzunterricht. Die Pr\u00e4senzschulungen und -kurse finden bei VectorMM in Den Helder statt. Die Teilnehmenden k\u00f6nnen bei allen Schulungen und Kursen mit aktueller Theorie und umfassender Praxiserfahrung rechnen.<\/p>\n<\/div><\/section><br \/>\n<div  id=\"av-sc-portfolio-1\"  class='news-grid-wrapper grid-sort-container  isotope   no_margin-container with-excerpt-container grid-total-even grid-col-2 grid-links-' data-portfolio-id='1'><div data-ajax-id='224' class='grid-entry flex_column isotope-item all_sort no_margin post-entry post-entry-224 grid-entry-overview grid-loop-1 grid-parity-odd  academie-category_sort test-academie_sort upcoming-category_sort  av_one_half first default_av_fullwidth   academie'><article class='main_color inner-entry'  itemscope=\"itemscope\" itemtype=\"https:\/\/schema.org\/CreativeWork\" ><a href=\"https:\/\/vectormm.nl\/de\/academie\/ram-rbd\/\" title='RAM-RBD'  data-rel='grid-1' class='grid-image avia-hover-fx'> <img decoding=\"async\" width=\"495\" height=\"400\" src=\"https:\/\/vectormm.nl\/wp-content\/uploads\/2021\/08\/foto01.jpg\" class=\"wp-image-773 avia-img-lazy-loading-not-773 attachment-portfolio size-portfolio wp-post-image\" alt=\"\" srcset=\"https:\/\/vectormm.nl\/wp-content\/uploads\/2021\/08\/foto01.jpg 495w, https:\/\/vectormm.nl\/wp-content\/uploads\/2021\/08\/foto01-300x242.jpg 300w\" sizes=\"(max-width: 495px) 100vw, 495px\" \/><\/a><div class='grid-content'><div class='avia-arrow'><\/div><span class=\"blog-categories minor-meta\"> Academie Category, Test Academie, Upcoming Category<\/span><header class=\"entry-content-header\"><h3 class='grid-entry-title entry-title '  itemprop=\"headline\" ><a href='https:\/\/vectormm.nl\/de\/academie\/ram-rbd\/' title='RAM-RBD'>RAM-RBD<\/a><\/h3><\/header><div class='grid-entry-excerpt entry-content'  itemprop=\"text\" >Met een eigen ervaren staf en externe specialisten biedt VectorMM een breed trainingsaanbod, zowel  online als klassikaal.<\/div><\/div><footer class=\"entry-footer\"><\/footer><\/article><\/div><div data-ajax-id='223' class='grid-entry flex_column isotope-item all_sort no_margin post-entry post-entry-223 grid-entry-overview grid-loop-2 grid-parity-even  academie-category_sort upcoming-category_sort  av_one_half  default_av_fullwidth   academie'><article class='main_color inner-entry'  itemscope=\"itemscope\" itemtype=\"https:\/\/schema.org\/CreativeWork\" ><a href=\"https:\/\/vectormm.nl\/de\/academie\/rcm\/\" title='RCM'  data-rel='grid-1' class='grid-image avia-hover-fx'> <img decoding=\"async\" width=\"495\" height=\"400\" src=\"https:\/\/vectormm.nl\/wp-content\/uploads\/2021\/08\/rcm-495x400.jpg\" class=\"wp-image-683 avia-img-lazy-loading-not-683 attachment-portfolio size-portfolio wp-post-image\" alt=\"\" \/><\/a><div class='grid-content'><div class='avia-arrow'><\/div><span class=\"blog-categories minor-meta\"> Academie Category, Upcoming Category<\/span><header class=\"entry-content-header\"><h3 class='grid-entry-title entry-title '  itemprop=\"headline\" ><a href='https:\/\/vectormm.nl\/de\/academie\/rcm\/' title='RCM'>RCM<\/a><\/h3><\/header><div class='grid-entry-excerpt entry-content'  itemprop=\"text\" >Deze cursus behandelt de ontwikkeling van RCM, startend met MSG in de jaren \u201960 tot en met de huidige standaard van RCM3, die RCM2 opvolgt. <\/div><\/div><footer class=\"entry-footer\"><\/footer><\/article><\/div><div data-ajax-id='222' class='grid-entry flex_column isotope-item all_sort no_margin post-entry post-entry-222 grid-entry-overview grid-loop-3 grid-parity-odd  academie-category_sort  av_one_half first default_av_fullwidth   academie'><article class='main_color inner-entry'  itemscope=\"itemscope\" itemtype=\"https:\/\/schema.org\/CreativeWork\" ><a href=\"https:\/\/vectormm.nl\/de\/academie\/atex-explosieveiligheid\/\" title='ATEX Explosieveiligheid'  data-rel='grid-1' class='grid-image avia-hover-fx'> <img decoding=\"async\" width=\"495\" height=\"400\" src=\"https:\/\/vectormm.nl\/wp-content\/uploads\/2021\/08\/Atex-495x400.jpg\" class=\"wp-image-682 avia-img-lazy-loading-not-682 attachment-portfolio size-portfolio wp-post-image\" alt=\"\" \/><\/a><div class='grid-content'><div class='avia-arrow'><\/div><span class=\"blog-categories minor-meta\"> Academie Category<\/span><header class=\"entry-content-header\"><h3 class='grid-entry-title entry-title '  itemprop=\"headline\" ><a href='https:\/\/vectormm.nl\/de\/academie\/atex-explosieveiligheid\/' title='ATEX Explosieveiligheid'>ATEX Explosieveiligheid<\/a><\/h3><\/header><div class='grid-entry-excerpt entry-content'  itemprop=\"text\" >De  ATEX basistraining biedt inzicht in de oorzaken van gas- en stofexplosies, het herkennen van gevaarlijke situaties en preventie van explosies. <\/div><\/div><footer class=\"entry-footer\"><\/footer><\/article><\/div><div data-ajax-id='221' class='grid-entry flex_column isotope-item all_sort no_margin post-entry post-entry-221 grid-entry-overview grid-loop-4 grid-parity-even  post-entry-last  academie-category_sort  av_one_half  default_av_fullwidth   academie'><article class='main_color inner-entry'  itemscope=\"itemscope\" itemtype=\"https:\/\/schema.org\/CreativeWork\" ><a href=\"https:\/\/vectormm.nl\/de\/academie\/sil\/\" title='SIL'  data-rel='grid-1' class='grid-image avia-hover-fx'> <img decoding=\"async\" width=\"495\" height=\"400\" src=\"https:\/\/vectormm.nl\/wp-content\/uploads\/2021\/08\/sil-495x400.jpg\" class=\"wp-image-684 avia-img-lazy-loading-not-684 attachment-portfolio size-portfolio wp-post-image\" alt=\"\" \/><\/a><div class='grid-content'><div class='avia-arrow'><\/div><span class=\"blog-categories minor-meta\"> Academie Category<\/span><header class=\"entry-content-header\"><h3 class='grid-entry-title entry-title '  itemprop=\"headline\" ><a href='https:\/\/vectormm.nl\/de\/academie\/sil\/' title='SIL'>SIL<\/a><\/h3><\/header><div class='grid-entry-excerpt entry-content'  itemprop=\"text\" >Safety Integrity Level, kort gezegd SIL, is een normatieve methode voor het beoordelen elektronische systemen voor de veiligheid van processen.<\/div><\/div><footer class=\"entry-footer\"><\/footer><\/article><\/div><\/div><\/p><\/div>\n<style type=\"text\/css\" data-created_by=\"avia_inline_auto\" id=\"style-css-av-8vnw3-32ea1741d8aa1359ae6398a3563ae85c\">\n.flex_column.av-8vnw3-32ea1741d8aa1359ae6398a3563ae85c{\n-webkit-border-radius:0px 0px 0px 0px;\n-moz-border-radius:0px 0px 0px 0px;\nborder-radius:0px 0px 0px 0px;\npadding:0px 0px 0px 0px;\n}\n<\/style>\n<div class='flex_column av-8vnw3-32ea1741d8aa1359ae6398a3563ae85c av_one_fourth  avia-builder-el-12  el_after_av_three_fourth  avia-builder-el-last  upcoming-events flex_column_div av-zero-column-padding '     ><p>\n<style type=\"text\/css\" data-created_by=\"avia_inline_auto\" id=\"style-css-av-7retf-45fea2fa95e4796ddac2584f84077d13\">\n#top .av-special-heading.av-7retf-45fea2fa95e4796ddac2584f84077d13{\npadding-bottom:10px;\n}\nbody .av-special-heading.av-7retf-45fea2fa95e4796ddac2584f84077d13 .av-special-heading-tag .heading-char{\nfont-size:25px;\n}\n.av-special-heading.av-7retf-45fea2fa95e4796ddac2584f84077d13 .av-subheading{\nfont-size:15px;\n}\n<\/style>\n<div  class='av-special-heading av-7retf-45fea2fa95e4796ddac2584f84077d13 av-special-heading-h3 blockquote modern-quote  avia-builder-el-13  el_before_av_magazine  avia-builder-el-first '><h3 class='av-special-heading-tag'  itemprop=\"headline\"  >Upcoming Events<\/h3><div class=\"special-heading-border\"><div class=\"special-heading-inner-border\"><\/div><\/div><\/div><br \/>\n<div  id=\"avia-magazine-1\"  class='av-magazine av-kt9ltqz5-bcc2a430a822a9d9f44b0597c99a78ae av-magazine-top-bar-active av-magazine-tabs-active  avia-builder-el-14  el_after_av_heading  avia-builder-el-last  mmvector-right-side-upcoming-event  avia-builder-el-14  el_after_av_heading  avia-builder-el-last  mmvector-right-side-upcoming-event' ><div class='av-magazine-top-bar '><\/div><div class='av-magazine-group sort_all'><article class='av-magazine-entry av-magazine-entry-id-224 av-magazine-format-standard av-magazine-type-academie av-magazine-entry-1 av-magazine-entry-small av-magazine-no-thumb'  itemscope=\"itemscope\" itemtype=\"https:\/\/schema.org\/CreativeWork\" ><div class=\"av-magazine-content-wrap\"><header class=\"entry-content-header\"><time class='av-magazine-time updated'  itemprop=\"datePublished\" datetime=\"2021-08-02T11:53:00+02:00\" >2. August 2021<\/time><h3 class='av-magazine-title entry-title '  itemprop=\"headline\" ><a href='https:\/\/vectormm.nl\/de\/academie\/ram-rbd\/' title='Link zu: RAM-RBD'>RAM-RBD<\/a><\/h3><\/header><\/div><footer class=\"entry-footer\"><\/footer><\/article><article class='av-magazine-entry av-magazine-entry-id-223 av-magazine-format-standard av-magazine-type-academie av-magazine-entry-2 av-magazine-entry-small av-magazine-no-thumb'  itemscope=\"itemscope\" itemtype=\"https:\/\/schema.org\/CreativeWork\" ><div class=\"av-magazine-content-wrap\"><header class=\"entry-content-header\"><time class='av-magazine-time updated'  itemprop=\"datePublished\" datetime=\"2021-08-02T11:52:49+02:00\" >2. August 2021<\/time><h3 class='av-magazine-title entry-title '  itemprop=\"headline\" ><a href='https:\/\/vectormm.nl\/de\/academie\/rcm\/' title='Link zu: RCM'>RCM<\/a><\/h3><\/header><\/div><footer class=\"entry-footer\"><\/footer><\/article><\/div><\/div><\/p><\/div>\n","protected":false},"excerpt":{"rendered":"","protected":false},"author":1,"featured_media":0,"parent":0,"menu_order":0,"comment_status":"closed","ping_status":"closed","template":"","meta":{"inline_featured_image":false,"footnotes":""},"class_list":["post-2086","page","type-page","status-publish","hentry"],"_links":{"self":[{"href":"https:\/\/vectormm.nl\/de\/wp-json\/wp\/v2\/pages\/2086","targetHints":{"allow":["GET"]}}],"collection":[{"href":"https:\/\/vectormm.nl\/de\/wp-json\/wp\/v2\/pages"}],"about":[{"href":"https:\/\/vectormm.nl\/de\/wp-json\/wp\/v2\/types\/page"}],"author":[{"embeddable":true,"href":"https:\/\/vectormm.nl\/de\/wp-json\/wp\/v2\/users\/1"}],"replies":[{"embeddable":true,"href":"https:\/\/vectormm.nl\/de\/wp-json\/wp\/v2\/comments?post=2086"}],"version-history":[{"count":0,"href":"https:\/\/vectormm.nl\/de\/wp-json\/wp\/v2\/pages\/2086\/revisions"}],"wp:attachment":[{"href":"https:\/\/vectormm.nl\/de\/wp-json\/wp\/v2\/media?parent=2086"}],"curies":[{"name":"wp","href":"https:\/\/api.w.org\/{rel}","templated":true}]}}