{"id":2083,"date":"2022-01-21T14:54:07","date_gmt":"2022-01-21T13:54:07","guid":{"rendered":"https:\/\/vectormm.nl\/loesungen\/kompetenzen-durch-gezielte-schulungen-staerken\/"},"modified":"2026-03-25T14:11:19","modified_gmt":"2026-03-25T13:11:19","slug":"kompetenzen-durch-gezielte-schulungen-staerken","status":"publish","type":"page","link":"https:\/\/vectormm.nl\/de\/loesungen\/kompetenzen-durch-gezielte-schulungen-staerken\/","title":{"rendered":"Kompetenzen durch gezielte Schulungen st\u00e4rken"},"content":{"rendered":"<div id='av_section_1'  class='avia-section av-2yn8h8-6761ecef5dbdaedef1f8e070e5773097 main_color avia-section-default avia-no-border-styling  avia-builder-el-0  el_before_av_section  avia-builder-el-first  inner-page-header with-icon avia-bg-style-scroll container_wrap fullsize'  ><div class='container av-section-cont-open' ><main  role=\"main\" itemprop=\"mainContentOfPage\"  class='template-page content  av-content-full alpha units'><div class='post-entry post-entry-type-page post-entry-2083'><div class='entry-content-wrapper clearfix'>\n\n<style type=\"text\/css\" data-created_by=\"avia_inline_auto\" id=\"style-css-av-z79g-86fcd8237be16c550206c7d0213b5f9e\">\n.flex_column.av-z79g-86fcd8237be16c550206c7d0213b5f9e{\n-webkit-border-radius:0px 0px 0px 0px;\n-moz-border-radius:0px 0px 0px 0px;\nborder-radius:0px 0px 0px 0px;\npadding:0px 0px 0px 0px;\n}\n<\/style>\n<div class='flex_column av-z79g-86fcd8237be16c550206c7d0213b5f9e av_three_fourth  avia-builder-el-1  el_before_av_one_fourth  avia-builder-el-first  first flex_column_div av-zero-column-padding '     ><style type=\"text\/css\" data-created_by=\"avia_inline_auto\" id=\"style-css-av-kyoivpco-8f612f6d138d9c586757ead4b0d1012d\">\n#top .av-special-heading.av-kyoivpco-8f612f6d138d9c586757ead4b0d1012d{\npadding-bottom:10px;\n}\nbody .av-special-heading.av-kyoivpco-8f612f6d138d9c586757ead4b0d1012d .av-special-heading-tag .heading-char{\nfont-size:25px;\n}\n.av-special-heading.av-kyoivpco-8f612f6d138d9c586757ead4b0d1012d .av-subheading{\nfont-size:15px;\n}\n<\/style>\n<div  class='av-special-heading av-kyoivpco-8f612f6d138d9c586757ead4b0d1012d av-special-heading-h1 blockquote modern-quote  avia-builder-el-2  avia-builder-el-no-sibling '><h1 class='av-special-heading-tag'  itemprop=\"headline\"  >Kompetenzen durch gezielte Schulungen st\u00e4rken<\/h1><div class=\"special-heading-border\"><div class=\"special-heading-inner-border\"><\/div><\/div><\/div><\/div>\n<style type=\"text\/css\" data-created_by=\"avia_inline_auto\" id=\"style-css-av-2lhwcs-a900f1ba99903720457f68516c25e091\">\n.flex_column.av-2lhwcs-a900f1ba99903720457f68516c25e091{\n-webkit-border-radius:0px 0px 0px 0px;\n-moz-border-radius:0px 0px 0px 0px;\nborder-radius:0px 0px 0px 0px;\npadding:0px 0px 0px 0px;\n}\n<\/style>\n<div class='flex_column av-2lhwcs-a900f1ba99903720457f68516c25e091 av_one_fourth  avia-builder-el-3  el_after_av_three_fourth  avia-builder-el-last  flex_column_div av-zero-column-padding '     ><style type=\"text\/css\" data-created_by=\"avia_inline_auto\" id=\"style-css-av-2eq4w4-feb739ce483f906e6262f62d2f70dd86\">\n.avia-image-container.av-2eq4w4-feb739ce483f906e6262f62d2f70dd86 img.avia_image{\nbox-shadow:none;\n}\n.avia-image-container.av-2eq4w4-feb739ce483f906e6262f62d2f70dd86 .av-image-caption-overlay-center{\ncolor:#ffffff;\n}\n<\/style>\n<div  class='avia-image-container av-2eq4w4-feb739ce483f906e6262f62d2f70dd86 av-styling- avia-align-center  avia-builder-el-4  avia-builder-el-no-sibling '   itemprop=\"image\" itemscope=\"itemscope\" itemtype=\"https:\/\/schema.org\/ImageObject\" ><div class=\"avia-image-container-inner\"><div class=\"avia-image-overlay-wrap\"><img decoding=\"async\" class='wp-image-76 avia-img-lazy-loading-not-76 avia_image ' src=\"https:\/\/vectormm.nl\/wp-content\/uploads\/2021\/07\/icon-5-img.png\" alt='' title='icon-5-img'  height=\"120\" width=\"120\"  itemprop=\"thumbnailUrl\" srcset=\"https:\/\/vectormm.nl\/wp-content\/uploads\/2021\/07\/icon-5-img.png 120w, https:\/\/vectormm.nl\/wp-content\/uploads\/2021\/07\/icon-5-img-80x80.png 80w, https:\/\/vectormm.nl\/wp-content\/uploads\/2021\/07\/icon-5-img-36x36.png 36w\" sizes=\"(max-width: 120px) 100vw, 120px\" \/><\/div><\/div><\/div><\/div>\n\n<\/div><\/div><\/main><!-- close content main element --><\/div><\/div><div id='av_section_2'  class='avia-section av-28ie3w-118efbf0469e3255576dbe72e9e0cf66 main_color avia-section-default avia-no-border-styling  avia-builder-el-5  el_after_av_section  el_before_av_section  breadcrumbs-sec avia-bg-style-scroll container_wrap fullsize'  ><div class='container av-section-cont-open' ><div class='template-page content  av-content-full alpha units'><div class='post-entry post-entry-type-page post-entry-2083'><div class='entry-content-wrapper clearfix'>\n\n\n<\/div><\/div><\/div><!-- close content main div --><\/div><\/div><div id='av_section_3'  class='avia-section av-1uw23o-37a022132cc019a55a5198804846f6b2 main_color avia-section-default avia-no-border-styling  avia-builder-el-7  el_after_av_section  el_before_av_section  page-section pt-0 avia-bg-style-scroll container_wrap fullsize'  ><div class='container av-section-cont-open' ><div class='template-page content  av-content-full alpha units'><div class='post-entry post-entry-type-page post-entry-2083'><div class='entry-content-wrapper clearfix'>\n\n<style type=\"text\/css\" data-created_by=\"avia_inline_auto\" id=\"style-css-av-1sjcpw-a9195f71b82adbe4d061692dff842535\">\n.flex_column.av-1sjcpw-a9195f71b82adbe4d061692dff842535{\n-webkit-border-radius:0px 0px 0px 0px;\n-moz-border-radius:0px 0px 0px 0px;\nborder-radius:0px 0px 0px 0px;\npadding:0px 0px 0px 0px;\n}\n<\/style>\n<div class='flex_column av-1sjcpw-a9195f71b82adbe4d061692dff842535 av_three_fifth  avia-builder-el-8  el_before_av_two_fifth  avia-builder-el-first  first flex_column_div av-zero-column-padding '     ><p><section  class='av_textblock_section av-kyoiwm0z-37c282f955b69e7061f414b80a29f69b'  itemscope=\"itemscope\" itemtype=\"https:\/\/schema.org\/CreativeWork\" ><div class='avia_textblock'  itemprop=\"text\" ><p><strong>VectorMM Academy<br \/>\n<\/strong>Ver\u00e4nderung ist die einzige Konstante im Informationszeitalter. Deshalb sind Schulung und Weiterbildung entscheidend, um Ihre Mitarbeitenden auf dem neuesten Stand zu halten. Die VectorMM Academy bietet ein solides Fundament in Asset Management, Reliability Engineering und Workflow Management. Jahrzehntelange Erfahrung, kombiniert mit aktuellen Erkenntnissen, haben wir in praxisorientierte Kurse umgesetzt.   <strong> <\/strong><\/p>\n<p><strong>Ma\u00dfgeschneiderte L\u00f6sungen<\/strong><br \/>\nMenschen sind Ihr wertvollstes Kapital. Wir unterst\u00fctzen sie dabei, sich professionell weiterzuentwickeln \u2013 mit Kursen und Trainings, die genau auf ihre Rolle in der Organisation zugeschnitten sind. Auf vorhandenem Wissen und Erfahrung bauen wir mit einem zielgerichteten Ansatz weiter auf. In der VectorMM Academy lernen Teilnehmende, komplexe Fragestellungen zu erkennen und funktionierende L\u00f6sungen zu entwickeln. Das erreichen wir mit ma\u00dfgeschneiderten Trainingsprogrammen.    <\/p>\n<p><strong>Organisationen und Zielsetzungen<\/strong><br \/>\nEine neue oder angepasste Struktur in Ihrem Asset-Management-System erfordert oft eine andere Aufgabenteilung. VectorMM unterst\u00fctzt Organisationen dabei, sich auf ver\u00e4nderte Situationen vorzubereiten, die neue Rollen und andere Aufgaben mit sich bringen. <strong> <\/strong><\/p>\n<p><strong>Flexibel einsetzbar<\/strong><br \/>\nSie k\u00f6nnen Gruppentrainings f\u00fcr eine oder mehrere Abteilungen buchen oder individuelle Trainings in Anspruch nehmen \u2013 einschlie\u00dflich Auffrischungskursen. F\u00fcr gr\u00f6\u00dfere oder spezialisierte Gruppen bieten wir auch Onlinekurse an. Unser Ziel ist es sicherzustellen, da\u03b2 Ihre Mitarbeitenden eigenst\u00e4ndig und voll Selbstvertrauen weiterarbeiten k\u00f6nnen.<\/p>\n<\/div><\/section><br \/>\n<div  class='avia-button-wrap av-kyoiwy4w-9eaba0aad3aeb2b92994463794a465e1-wrap avia-button-left  avia-builder-el-10  el_after_av_textblock  avia-builder-el-last '><a href='https:\/\/vectormm.nl\/de\/vectormm-academy\/'  class='avia-button av-kyoiwy4w-9eaba0aad3aeb2b92994463794a465e1 avia-icon_select-no avia-size-small avia-position-left avia-color-theme-color'  ><span class='avia_iconbox_title' >Hier finden Sie unsere Schulungsangebote<\/span><\/a><\/div><\/p><\/div>\n<style type=\"text\/css\" data-created_by=\"avia_inline_auto\" id=\"style-css-av-1inq90-aafc6161223d4fc61675c86bf44d4660\">\n.flex_column.av-1inq90-aafc6161223d4fc61675c86bf44d4660{\n-webkit-border-radius:0px 0px 0px 0px;\n-moz-border-radius:0px 0px 0px 0px;\nborder-radius:0px 0px 0px 0px;\npadding:0px 0px 0px 0px;\n}\n<\/style>\n<div class='flex_column av-1inq90-aafc6161223d4fc61675c86bf44d4660 av_two_fifth  avia-builder-el-11  el_after_av_three_fifth  avia-builder-el-last  flex_column_div av-zero-column-padding '     ><style type=\"text\/css\" data-created_by=\"avia_inline_auto\" id=\"style-css-av-1coauk-b436dbde29b00bb0a594c5436b349247\">\n.avia-image-container.av-1coauk-b436dbde29b00bb0a594c5436b349247 img.avia_image{\nbox-shadow:none;\n}\n.avia-image-container.av-1coauk-b436dbde29b00bb0a594c5436b349247 .av-image-caption-overlay-center{\ncolor:#ffffff;\n}\n<\/style>\n<div  class='avia-image-container av-1coauk-b436dbde29b00bb0a594c5436b349247 av-styling- avia-align-center  avia-builder-el-12  avia-builder-el-no-sibling  image-right-bottom-shadow'   itemprop=\"image\" itemscope=\"itemscope\" itemtype=\"https:\/\/schema.org\/ImageObject\" ><div class=\"avia-image-container-inner\"><div class=\"avia-image-overlay-wrap\"><img decoding=\"async\" class='wp-image-415 avia-img-lazy-loading-not-415 avia_image ' src=\"https:\/\/vectormm.nl\/wp-content\/uploads\/2022\/01\/Oplossingen-\u2013-Train-people-to-perform.jpg\" alt='' title='Oplossingen \u2013 Train people to perform'  height=\"450\" width=\"565\"  itemprop=\"thumbnailUrl\" srcset=\"https:\/\/vectormm.nl\/wp-content\/uploads\/2022\/01\/Oplossingen-\u2013-Train-people-to-perform.jpg 565w, https:\/\/vectormm.nl\/wp-content\/uploads\/2022\/01\/Oplossingen-\u2013-Train-people-to-perform-300x239.jpg 300w\" sizes=\"(max-width: 565px) 100vw, 565px\" \/><\/div><\/div><\/div><\/div>\n\n<\/div><\/div><\/div><!-- close content main div --><\/div><\/div>\n<style type=\"text\/css\" data-created_by=\"avia_inline_auto\" id=\"style-css-av-av_section-c5b2cd1988b679e15605d328247649cd\">\n.avia-section.av-av_section-c5b2cd1988b679e15605d328247649cd{\nbackground-color:#e8e9f0;\nbackground-image:unset;\n}\n<\/style>\n<div id='klanten-cases-slider'  class='avia-section av-av_section-c5b2cd1988b679e15605d328247649cd main_color avia-section-default avia-no-border-styling  avia-builder-el-13  el_after_av_section  avia-builder-el-last  page-section avia-bg-style-scroll container_wrap fullsize'  ><div class='container av-section-cont-open' ><div class='template-page content  av-content-full alpha units'><div class='post-entry post-entry-type-page post-entry-2083'><div class='entry-content-wrapper clearfix'>\n\n<style type=\"text\/css\" data-created_by=\"avia_inline_auto\" id=\"style-css-av-av_one_full-53b0b300fb3685750664fb085c5ad19d\">\n.flex_column.av-av_one_full-53b0b300fb3685750664fb085c5ad19d{\n-webkit-border-radius:0px 0px 0px 0px;\n-moz-border-radius:0px 0px 0px 0px;\nborder-radius:0px 0px 0px 0px;\npadding:0px 0px 0px 0px;\n}\n<\/style>\n<div class='flex_column av-av_one_full-53b0b300fb3685750664fb085c5ad19d av_one_full  avia-builder-el-14  avia-builder-el-no-sibling  first flex_column_div av-zero-column-padding '     ><p>\n<style type=\"text\/css\" data-created_by=\"avia_inline_auto\" id=\"style-css-av-av_heading-0a08fbb40cdc013cae94f9cc6089fd36\">\n#top .av-special-heading.av-av_heading-0a08fbb40cdc013cae94f9cc6089fd36{\npadding-bottom:10px;\n}\nbody .av-special-heading.av-av_heading-0a08fbb40cdc013cae94f9cc6089fd36 .av-special-heading-tag .heading-char{\nfont-size:25px;\n}\n.av-special-heading.av-av_heading-0a08fbb40cdc013cae94f9cc6089fd36 .av-subheading{\nfont-size:15px;\n}\n<\/style>\n<div  class='av-special-heading av-av_heading-0a08fbb40cdc013cae94f9cc6089fd36 av-special-heading-h2 blockquote modern-quote modern-centered  avia-builder-el-15  el_before_av_testimonials  avia-builder-el-first  section-heading'><h2 class='av-special-heading-tag'  itemprop=\"headline\"  >Case Studies<\/h2><div class=\"special-heading-border\"><div class=\"special-heading-inner-border\"><\/div><\/div><\/div><br \/>\n<div  class='avia-testimonial-wrapper av-av_testimonials-fc8fa0fb8d9c0f73fc48c6d2aa435e1f avia-slider-testimonials avia-slider-2-testimonials avia_animate_when_almost_visible av-large-testimonial-slider av-slideshow-ui av-control-default av-no-slider-navigation av-slider-hover-pause av-slideshow-autoplay av-loop-endless av-loop-manual-endless' data-slideshow-options=\"{&quot;animation&quot;:&quot;fade&quot;,&quot;autoplay&quot;:true,&quot;loop_autoplay&quot;:&quot;endless&quot;,&quot;interval&quot;:5,&quot;loop_manual&quot;:&quot;manual-endless&quot;,&quot;autoplay_stopper&quot;:false,&quot;noNavigation&quot;:false,&quot;bg_slider&quot;:false,&quot;keep_padding&quot;:&quot;&quot;,&quot;hoverpause&quot;:true,&quot;show_slide_delay&quot;:0}\">\n<section class=\"avia-testimonial-row\"><div class='avia-testimonial av-av_testimonial_single-812bc0a42f00e2505611743250656697 avia-testimonial-row-1 avia-first-testimonial flex_column no_margin av_one_half'><div class='avia-testimonial_inner'  itemscope=\"itemscope\" itemtype=\"https:\/\/schema.org\/CreativeWork\" ><div class='avia-testimonial-content '><div class='avia-testimonial-markup-entry-content'  itemprop=\"text\" ><p>Aufgrund der Verf\u00fcgbarkeit von verl\u00e4sslichen Daten aus f\u00fcnf Jahren konnte VectorMM bei TotalEnergies Nederland die erste pr\u00e4zise RCM Simulation innerhalb der gesamten TotalEnergies Gruppe durchf\u00fchren. Auf dieser Grundlage konnte VectorMM Potenziale f\u00fcr effizientere Instandhaltung, eine h\u00f6here Anlagenverf\u00fcgbarkeit und erhebliche Kosteneinsparungen identifizieren \u2013 bei gleichzeitiger vollst\u00e4ndiger Compliance der Produktionsplattformen.  Dies f\u00fchrte zu einer au\u00dfergew\u00f6hnlich kurzen Amortisationszeit von nur einem Jahr f\u00fcr das gestartete Optimierungsprogramm.<\/p>\n<\/div><\/div><div class=\"avia-testimonial-meta\"><div class=\"avia-testimonial-arrow-wrap\"><div class=\"avia-arrow\"><\/div><\/div><div class='avia-testimonial-image'  itemprop=\"image\" ><img loading=\"lazy\" decoding=\"async\" width=\"180\" height=\"180\" src=\"https:\/\/vectormm.nl\/wp-content\/uploads\/2022\/01\/total.jpg\" class=\"attachment-square size-square\" alt=\"\" srcset=\"https:\/\/vectormm.nl\/wp-content\/uploads\/2022\/01\/total.jpg 180w, https:\/\/vectormm.nl\/wp-content\/uploads\/2022\/01\/total-80x80.jpg 80w, https:\/\/vectormm.nl\/wp-content\/uploads\/2022\/01\/total-36x36.jpg 36w\" sizes=\"auto, (max-width: 180px) 100vw, 180px\" \/><\/div><div class='avia-testimonial-meta-mini'  itemprop=\"author\" itemscope=\"itemscope\" itemtype=\"https:\/\/schema.org\/Person\" ><strong  class='avia-testimonial-name'  itemprop=\"name\" >Datenbasierte RCM\u2011Optimierung bei TotalEnergies<\/strong><\/div><\/div><\/div><\/div>\n<div class='avia-testimonial av-av_testimonial_single-ad4849344bbf2781d981c5d9a0fdeac6 avia-testimonial-row-1 flex_column no_margin av_one_half'><div class='avia-testimonial_inner'  itemscope=\"itemscope\" itemtype=\"https:\/\/schema.org\/CreativeWork\" ><div class='avia-testimonial-content '><div class='avia-testimonial-markup-entry-content'  itemprop=\"text\" ><p>Wie identifiziert und spezifiziert man Sicherheits- und Umweltkritische Elemente (SECEs) und integriert deren Verwaltung in das CMMS, wenn neue Richtlinien mehr Klarheit und Nachvollziehbarkeit verlangen? Bei ENI Energy richtete ein Team von VectorMM das Informationssystem so optimal ein, da\u03b2 die SECE Leistungen der Produktionsplattformen eindeutig, transparent und in Echtzeit erfasst und dargestellt werden k\u00f6nnen.<\/p>\n<\/div><\/div><div class=\"avia-testimonial-meta\"><div class=\"avia-testimonial-arrow-wrap\"><div class=\"avia-arrow\"><\/div><\/div><div class='avia-testimonial-image'  itemprop=\"image\" ><img loading=\"lazy\" decoding=\"async\" width=\"180\" height=\"180\" src=\"https:\/\/vectormm.nl\/wp-content\/uploads\/2026\/03\/eni-logo_200-180x180.jpg\" class=\"attachment-square size-square\" alt=\"\" srcset=\"https:\/\/vectormm.nl\/wp-content\/uploads\/2026\/03\/eni-logo_200-180x180.jpg 180w, https:\/\/vectormm.nl\/wp-content\/uploads\/2026\/03\/eni-logo_200-80x80.jpg 80w, https:\/\/vectormm.nl\/wp-content\/uploads\/2026\/03\/eni-logo_200-36x36.jpg 36w, https:\/\/vectormm.nl\/wp-content\/uploads\/2026\/03\/eni-logo_200.jpg 200w\" sizes=\"auto, (max-width: 180px) 100vw, 180px\" \/><\/div><div class='avia-testimonial-meta-mini'  itemprop=\"author\" itemscope=\"itemscope\" itemtype=\"https:\/\/schema.org\/Person\" ><strong  class='avia-testimonial-name'  itemprop=\"name\" >Gesicherte und transparente Verwaltung der SECEs bei ENI Energy<\/strong><\/div><\/div><\/div><\/div>\n<div class='avia-testimonial av-av_testimonial_single-17f28118185c73914b27a539842a006c avia-testimonial-row-1 flex_column no_margin av_one_half'><div class='avia-testimonial_inner'  itemscope=\"itemscope\" itemtype=\"https:\/\/schema.org\/CreativeWork\" ><div class='avia-testimonial-content '><div class='avia-testimonial-markup-entry-content'  itemprop=\"text\" ><p>Prozesse zu steuern und die richtigen Entscheidungen zu treffen, erfordert intelligente Unternehmensinformationssysteme. Auf Wunsch von TAQA integrierte VectorMM die Business Intelligence Software BICycle in ihre Systeme. Dabei erwies es sich als \u00e4u\u00dferst effektiv, auch externe Datenquellen anzubinden, wodurch viel manuelle Arbeit \u00fcberfl\u00fcssig wurde. Mit einem einfachen Mausklick kann der Kunde nun \u00fcbersichtliche Informationen aus gut strukturierten Dashboards generieren.<\/p>\n<\/div><\/div><div class=\"avia-testimonial-meta\"><div class=\"avia-testimonial-arrow-wrap\"><div class=\"avia-arrow\"><\/div><\/div><div class='avia-testimonial-image'  itemprop=\"image\" ><img loading=\"lazy\" decoding=\"async\" width=\"180\" height=\"180\" src=\"https:\/\/vectormm.nl\/wp-content\/uploads\/2026\/03\/taqa-logo_200-180x180.jpg\" class=\"attachment-square size-square\" alt=\"\" srcset=\"https:\/\/vectormm.nl\/wp-content\/uploads\/2026\/03\/taqa-logo_200-180x180.jpg 180w, https:\/\/vectormm.nl\/wp-content\/uploads\/2026\/03\/taqa-logo_200-80x80.jpg 80w, https:\/\/vectormm.nl\/wp-content\/uploads\/2026\/03\/taqa-logo_200-36x36.jpg 36w, https:\/\/vectormm.nl\/wp-content\/uploads\/2026\/03\/taqa-logo_200.jpg 200w\" sizes=\"auto, (max-width: 180px) 100vw, 180px\" \/><\/div><div class='avia-testimonial-meta-mini'  itemprop=\"author\" itemscope=\"itemscope\" itemtype=\"https:\/\/schema.org\/Person\" ><strong  class='avia-testimonial-name'  itemprop=\"name\" >Business-Intelligence-System f\u00fcr TAQA<\/strong><\/div><\/div><\/div><\/div>\n<\/section><div class='avia-slideshow-arrows avia-slideshow-controls' ><a href='#prev' class='prev-slide ' aria-hidden='true' data-av_icon='\ue87c' data-av_iconfont='entypo-fontello'  tabindex='-1'>Zur\u00fcck<\/a><a href='#next' class='next-slide ' aria-hidden='true' data-av_icon='\ue87d' data-av_iconfont='entypo-fontello'  tabindex='-1'>Weiter<\/a><\/div><\/div><br \/>\n<div  class='avia-button-wrap av-av_button-cfe503370282c9b6fa18d38e55986a48-wrap avia-button-center  avia-builder-el-17  el_after_av_testimonials  avia-builder-el-last  link-btn'><a href='https:\/\/vectormm.nl\/klanten-cases\/'  class='avia-button av-av_button-cfe503370282c9b6fa18d38e55986a48 avia-icon_select-no avia-size-small avia-position-center avia-color-theme-color'  ><span class='avia_iconbox_title' >Case Studies<\/span><\/a><\/div><\/p><\/div>\n\n","protected":false},"excerpt":{"rendered":"","protected":false},"author":1,"featured_media":0,"parent":2048,"menu_order":0,"comment_status":"closed","ping_status":"closed","template":"","meta":{"inline_featured_image":false,"footnotes":""},"class_list":["post-2083","page","type-page","status-publish","hentry"],"_links":{"self":[{"href":"https:\/\/vectormm.nl\/de\/wp-json\/wp\/v2\/pages\/2083","targetHints":{"allow":["GET"]}}],"collection":[{"href":"https:\/\/vectormm.nl\/de\/wp-json\/wp\/v2\/pages"}],"about":[{"href":"https:\/\/vectormm.nl\/de\/wp-json\/wp\/v2\/types\/page"}],"author":[{"embeddable":true,"href":"https:\/\/vectormm.nl\/de\/wp-json\/wp\/v2\/users\/1"}],"replies":[{"embeddable":true,"href":"https:\/\/vectormm.nl\/de\/wp-json\/wp\/v2\/comments?post=2083"}],"version-history":[{"count":0,"href":"https:\/\/vectormm.nl\/de\/wp-json\/wp\/v2\/pages\/2083\/revisions"}],"up":[{"embeddable":true,"href":"https:\/\/vectormm.nl\/de\/wp-json\/wp\/v2\/pages\/2048"}],"wp:attachment":[{"href":"https:\/\/vectormm.nl\/de\/wp-json\/wp\/v2\/media?parent=2083"}],"curies":[{"name":"wp","href":"https:\/\/api.w.org\/{rel}","templated":true}]}}