{"id":2064,"date":"2021-08-02T10:39:42","date_gmt":"2021-08-02T08:39:42","guid":{"rendered":"https:\/\/vectormm.nl\/loesungen\/risikomanagement-2-0\/"},"modified":"2026-03-25T14:09:49","modified_gmt":"2026-03-25T13:09:49","slug":"risikomanagement-2-0","status":"publish","type":"page","link":"https:\/\/vectormm.nl\/de\/loesungen\/risikomanagement-2-0\/","title":{"rendered":"Risikomanagement 2.0"},"content":{"rendered":"<div id='av_section_1'  class='avia-section av-1894rk-49541291acc8619236cc0e559d7aa101 main_color avia-section-default avia-no-border-styling  avia-builder-el-0  el_before_av_section  avia-builder-el-first  inner-page-header with-icon avia-bg-style-scroll container_wrap fullsize'  ><div class='container av-section-cont-open' ><main  role=\"main\" itemprop=\"mainContentOfPage\"  class='template-page content  av-content-full alpha units'><div class='post-entry post-entry-type-page post-entry-2064'><div class='entry-content-wrapper clearfix'>\n\n<style type=\"text\/css\" data-created_by=\"avia_inline_auto\" id=\"style-css-av-11kji0-a3cd05647fb496c8e6b08a1825037d38\">\n.flex_column.av-11kji0-a3cd05647fb496c8e6b08a1825037d38{\n-webkit-border-radius:0px 0px 0px 0px;\n-moz-border-radius:0px 0px 0px 0px;\nborder-radius:0px 0px 0px 0px;\npadding:0px 0px 0px 0px;\n}\n<\/style>\n<div class='flex_column av-11kji0-a3cd05647fb496c8e6b08a1825037d38 av_three_fourth  avia-builder-el-1  el_before_av_one_fourth  avia-builder-el-first  first flex_column_div av-zero-column-padding '     ><style type=\"text\/css\" data-created_by=\"avia_inline_auto\" id=\"style-css-av-wd7o8-5193abece396049acc3e3ef32cb4347c\">\n#top .av-special-heading.av-wd7o8-5193abece396049acc3e3ef32cb4347c{\npadding-bottom:10px;\n}\nbody .av-special-heading.av-wd7o8-5193abece396049acc3e3ef32cb4347c .av-special-heading-tag .heading-char{\nfont-size:25px;\n}\n.av-special-heading.av-wd7o8-5193abece396049acc3e3ef32cb4347c .av-subheading{\nfont-size:15px;\n}\n<\/style>\n<div  class='av-special-heading av-wd7o8-5193abece396049acc3e3ef32cb4347c av-special-heading-h1 blockquote modern-quote  avia-builder-el-2  avia-builder-el-no-sibling '><h1 class='av-special-heading-tag'  itemprop=\"headline\"  >Risikomanagement 2.0 <\/h1><div class=\"special-heading-border\"><div class=\"special-heading-inner-border\"><\/div><\/div><\/div><\/div>\n<style type=\"text\/css\" data-created_by=\"avia_inline_auto\" id=\"style-css-av-2sdkg-3c52e4645e52a2d934a79888521e73ba\">\n.flex_column.av-2sdkg-3c52e4645e52a2d934a79888521e73ba{\n-webkit-border-radius:0px 0px 0px 0px;\n-moz-border-radius:0px 0px 0px 0px;\nborder-radius:0px 0px 0px 0px;\npadding:0px 0px 0px 0px;\n}\n<\/style>\n<div class='flex_column av-2sdkg-3c52e4645e52a2d934a79888521e73ba av_one_fourth  avia-builder-el-3  el_after_av_three_fourth  avia-builder-el-last  flex_column_div av-zero-column-padding '     ><style type=\"text\/css\" data-created_by=\"avia_inline_auto\" id=\"style-css-av-kruh6c5u-68541d5e1b7e58eba8f1ca270e648bde\">\n.avia-image-container.av-kruh6c5u-68541d5e1b7e58eba8f1ca270e648bde img.avia_image{\nbox-shadow:none;\n}\n.avia-image-container.av-kruh6c5u-68541d5e1b7e58eba8f1ca270e648bde .av-image-caption-overlay-center{\ncolor:#ffffff;\n}\n<\/style>\n<div  class='avia-image-container av-kruh6c5u-68541d5e1b7e58eba8f1ca270e648bde av-styling- avia-align-center  avia-builder-el-4  avia-builder-el-no-sibling '   itemprop=\"image\" itemscope=\"itemscope\" itemtype=\"https:\/\/schema.org\/ImageObject\" ><div class=\"avia-image-container-inner\"><div class=\"avia-image-overlay-wrap\"><img decoding=\"async\" class='wp-image-74 avia-img-lazy-loading-not-74 avia_image ' src=\"https:\/\/vectormm.nl\/wp-content\/uploads\/2021\/07\/icon-3-img.png\" alt='' title='icon-3-img'  height=\"120\" width=\"120\"  itemprop=\"thumbnailUrl\" srcset=\"https:\/\/vectormm.nl\/wp-content\/uploads\/2021\/07\/icon-3-img.png 120w, https:\/\/vectormm.nl\/wp-content\/uploads\/2021\/07\/icon-3-img-80x80.png 80w, https:\/\/vectormm.nl\/wp-content\/uploads\/2021\/07\/icon-3-img-36x36.png 36w\" sizes=\"(max-width: 120px) 100vw, 120px\" \/><\/div><\/div><\/div><\/div>\n\n<\/div><\/div><\/main><!-- close content main element --><\/div><\/div><div id='av_section_2'  class='avia-section av-fklgw-e45eef984186de51450eef56292eeb2d main_color avia-section-default avia-no-border-styling  avia-builder-el-5  el_after_av_section  el_before_av_section  breadcrumbs-sec avia-bg-style-scroll container_wrap fullsize'  ><div class='container av-section-cont-open' ><div class='template-page content  av-content-full alpha units'><div class='post-entry post-entry-type-page post-entry-2064'><div class='entry-content-wrapper clearfix'>\n\n\n<\/div><\/div><\/div><!-- close content main div --><\/div><\/div><div id='av_section_3'  class='avia-section av-15g3f4-5ee61e7930459c4236d224eeb3dab1a8 main_color avia-section-default avia-no-border-styling  avia-builder-el-7  el_after_av_section  el_before_av_section  page-section pt-0 avia-bg-style-scroll container_wrap fullsize'  ><div class='container av-section-cont-open' ><div class='template-page content  av-content-full alpha units'><div class='post-entry post-entry-type-page post-entry-2064'><div class='entry-content-wrapper clearfix'>\n\n<style type=\"text\/css\" data-created_by=\"avia_inline_auto\" id=\"style-css-av-vu2mo-180a82726b524b9377444a042f6c9c82\">\n.flex_column.av-vu2mo-180a82726b524b9377444a042f6c9c82{\n-webkit-border-radius:0px 0px 0px 0px;\n-moz-border-radius:0px 0px 0px 0px;\nborder-radius:0px 0px 0px 0px;\npadding:0px 0px 0px 0px;\n}\n<\/style>\n<div class='flex_column av-vu2mo-180a82726b524b9377444a042f6c9c82 av_three_fifth  avia-builder-el-8  el_before_av_two_fifth  avia-builder-el-first  first flex_column_div av-zero-column-padding '     ><p><section  class='av_textblock_section av-kz9yg-00775a577b38d5730a35ba60c3b479dc'  itemscope=\"itemscope\" itemtype=\"https:\/\/schema.org\/CreativeWork\" ><div class='avia_textblock'  itemprop=\"text\" ><p><strong>Dokumentierter Einblick<\/strong><br \/>\nGutes Asset Management dreht sich vor allem um wirksames Risikomanagement. Die gute Nachricht: Die Identifizierung und Beherrschung der Risiken industrieller Anlagen geh\u00f6rt zum Kern unserer Dienstleistungen. Wir bieten Ihnen eine vollst\u00e4ndige und dokumentierte \u00dcbersicht \u00fcber die Risiken, die mit dem Betrieb Ihrer Anlagen verbunden sind \u2013 und zeigen gleichzeitig den optimalen Weg auf, diese Risiken zu beherrschen.   <\/p>\n<p><strong>Risikomanagement 2.0 bietet Ihnen:<\/strong><\/p>\n<ul>\n<li>Sicherheit \u00fcber maximale Verf\u00fcgbarkeit sicherheits- und umweltkritischer Anlagen und Systeme<\/li>\n<li>Sicherheit, da\u03b2 die Umweltbelastung auf ein Minimum reduziert ist<\/li>\n<li>Sicherheit einer makellosen Reputation<\/li>\n<li>Sicherheit optimal beherrschbarer Kosten<\/li>\n<li>Sicherheit, da\u03b2 alle genannten Aspekte ideal aufeinander abgestimmt sind<\/li>\n<\/ul>\n<p>Mit einer robusten Implementierungsstruktur, in der technische Inspektionen und Indikatoren sicherheitskritischer Systeme zusammengef\u00fchrt werden, tragen wir zur Anlagenintegrit\u00e4t bei. <br \/>So machen wir Messergebnisse transparent und Risiken beherrschbar. Maximale Risikosteuerung bei minimalem Aufwand \u2013 im Einklang mit Unternehmensrichtlinien und geltender Gesetzgebung \u2013 das ist unser Anspruch bei VectorMM.<\/p>\n<\/div><\/section><br \/>\n<div  class='avia-button-wrap av-kruglgyq-4f8f4e742ff7bbd01abc81a83432ada9-wrap avia-button-left  avia-builder-el-10  el_after_av_textblock  avia-builder-el-last '><a href='https:\/\/vectormm.nl\/de\/kontakt\/'  class='avia-button av-kruglgyq-4f8f4e742ff7bbd01abc81a83432ada9 avia-icon_select-no avia-size-small avia-position-left avia-color-theme-color'  ><span class='avia_iconbox_title' >Kontaktieren Sie uns f\u00fcr weitere Informationen<\/span><\/a><\/div><\/p><\/div>\n<style type=\"text\/css\" data-created_by=\"avia_inline_auto\" id=\"style-css-av-fyz7s-7ca007b3527606f210c435e92e15ab95\">\n.flex_column.av-fyz7s-7ca007b3527606f210c435e92e15ab95{\n-webkit-border-radius:0px 0px 0px 0px;\n-moz-border-radius:0px 0px 0px 0px;\nborder-radius:0px 0px 0px 0px;\npadding:0px 0px 0px 0px;\n}\n<\/style>\n<div class='flex_column av-fyz7s-7ca007b3527606f210c435e92e15ab95 av_two_fifth  avia-builder-el-11  el_after_av_three_fifth  avia-builder-el-last  flex_column_div av-zero-column-padding '     ><style type=\"text\/css\" data-created_by=\"avia_inline_auto\" id=\"style-css-av-840hk-b5ef8d75cd5c702c6f6d9485db37d608\">\n.avia-image-container.av-840hk-b5ef8d75cd5c702c6f6d9485db37d608 img.avia_image{\nbox-shadow:none;\n}\n.avia-image-container.av-840hk-b5ef8d75cd5c702c6f6d9485db37d608 .av-image-caption-overlay-center{\ncolor:#ffffff;\n}\n<\/style>\n<div  class='avia-image-container av-840hk-b5ef8d75cd5c702c6f6d9485db37d608 av-styling- avia-align-center  avia-builder-el-12  avia-builder-el-no-sibling  image-right-bottom-shadow'   itemprop=\"image\" itemscope=\"itemscope\" itemtype=\"https:\/\/schema.org\/ImageObject\" ><div class=\"avia-image-container-inner\"><div class=\"avia-image-overlay-wrap\"><img decoding=\"async\" class='wp-image-412 avia-img-lazy-loading-not-412 avia_image ' src=\"https:\/\/vectormm.nl\/wp-content\/uploads\/2022\/01\/Oplossingen-\u2013-Improved-risk-control.jpg\" alt='' title='Oplossingen \u2013 Improved risk control'  height=\"450\" width=\"565\"  itemprop=\"thumbnailUrl\" srcset=\"https:\/\/vectormm.nl\/wp-content\/uploads\/2022\/01\/Oplossingen-\u2013-Improved-risk-control.jpg 565w, https:\/\/vectormm.nl\/wp-content\/uploads\/2022\/01\/Oplossingen-\u2013-Improved-risk-control-300x239.jpg 300w\" sizes=\"(max-width: 565px) 100vw, 565px\" \/><\/div><\/div><\/div><\/div>\n\n<\/div><\/div><\/div><!-- close content main div --><\/div><\/div>\n<style type=\"text\/css\" data-created_by=\"avia_inline_auto\" id=\"style-css-av-av_section-c5b2cd1988b679e15605d328247649cd\">\n.avia-section.av-av_section-c5b2cd1988b679e15605d328247649cd{\nbackground-color:#e8e9f0;\nbackground-image:unset;\n}\n<\/style>\n<div id='klanten-cases-slider'  class='avia-section av-av_section-c5b2cd1988b679e15605d328247649cd main_color avia-section-default avia-no-border-styling  avia-builder-el-13  el_after_av_section  avia-builder-el-last  page-section avia-bg-style-scroll container_wrap fullsize'  ><div class='container av-section-cont-open' ><div class='template-page content  av-content-full alpha units'><div class='post-entry post-entry-type-page post-entry-2064'><div class='entry-content-wrapper clearfix'>\n\n<style type=\"text\/css\" data-created_by=\"avia_inline_auto\" id=\"style-css-av-av_one_full-53b0b300fb3685750664fb085c5ad19d\">\n.flex_column.av-av_one_full-53b0b300fb3685750664fb085c5ad19d{\n-webkit-border-radius:0px 0px 0px 0px;\n-moz-border-radius:0px 0px 0px 0px;\nborder-radius:0px 0px 0px 0px;\npadding:0px 0px 0px 0px;\n}\n<\/style>\n<div class='flex_column av-av_one_full-53b0b300fb3685750664fb085c5ad19d av_one_full  avia-builder-el-14  avia-builder-el-no-sibling  first flex_column_div av-zero-column-padding '     ><p>\n<style type=\"text\/css\" data-created_by=\"avia_inline_auto\" id=\"style-css-av-av_heading-0a08fbb40cdc013cae94f9cc6089fd36\">\n#top .av-special-heading.av-av_heading-0a08fbb40cdc013cae94f9cc6089fd36{\npadding-bottom:10px;\n}\nbody .av-special-heading.av-av_heading-0a08fbb40cdc013cae94f9cc6089fd36 .av-special-heading-tag .heading-char{\nfont-size:25px;\n}\n.av-special-heading.av-av_heading-0a08fbb40cdc013cae94f9cc6089fd36 .av-subheading{\nfont-size:15px;\n}\n<\/style>\n<div  class='av-special-heading av-av_heading-0a08fbb40cdc013cae94f9cc6089fd36 av-special-heading-h2 blockquote modern-quote modern-centered  avia-builder-el-15  el_before_av_testimonials  avia-builder-el-first  section-heading'><h2 class='av-special-heading-tag'  itemprop=\"headline\"  >Case Studies<\/h2><div class=\"special-heading-border\"><div class=\"special-heading-inner-border\"><\/div><\/div><\/div><br \/>\n<div  class='avia-testimonial-wrapper av-av_testimonials-fc8fa0fb8d9c0f73fc48c6d2aa435e1f avia-slider-testimonials avia-slider-2-testimonials avia_animate_when_almost_visible av-large-testimonial-slider av-slideshow-ui av-control-default av-no-slider-navigation av-slider-hover-pause av-slideshow-autoplay av-loop-endless av-loop-manual-endless' data-slideshow-options=\"{&quot;animation&quot;:&quot;fade&quot;,&quot;autoplay&quot;:true,&quot;loop_autoplay&quot;:&quot;endless&quot;,&quot;interval&quot;:5,&quot;loop_manual&quot;:&quot;manual-endless&quot;,&quot;autoplay_stopper&quot;:false,&quot;noNavigation&quot;:false,&quot;bg_slider&quot;:false,&quot;keep_padding&quot;:&quot;&quot;,&quot;hoverpause&quot;:true,&quot;show_slide_delay&quot;:0}\">\n<section class=\"avia-testimonial-row\"><div class='avia-testimonial av-av_testimonial_single-812bc0a42f00e2505611743250656697 avia-testimonial-row-1 avia-first-testimonial flex_column no_margin av_one_half'><div class='avia-testimonial_inner'  itemscope=\"itemscope\" itemtype=\"https:\/\/schema.org\/CreativeWork\" ><div class='avia-testimonial-content '><div class='avia-testimonial-markup-entry-content'  itemprop=\"text\" ><p>Aufgrund der Verf\u00fcgbarkeit von verl\u00e4sslichen Daten aus f\u00fcnf Jahren konnte VectorMM bei TotalEnergies Nederland die erste pr\u00e4zise RCM Simulation innerhalb der gesamten TotalEnergies Gruppe durchf\u00fchren. Auf dieser Grundlage konnte VectorMM Potenziale f\u00fcr effizientere Instandhaltung, eine h\u00f6here Anlagenverf\u00fcgbarkeit und erhebliche Kosteneinsparungen identifizieren \u2013 bei gleichzeitiger vollst\u00e4ndiger Compliance der Produktionsplattformen.  Dies f\u00fchrte zu einer au\u00dfergew\u00f6hnlich kurzen Amortisationszeit von nur einem Jahr f\u00fcr das gestartete Optimierungsprogramm.<\/p>\n<\/div><\/div><div class=\"avia-testimonial-meta\"><div class=\"avia-testimonial-arrow-wrap\"><div class=\"avia-arrow\"><\/div><\/div><div class='avia-testimonial-image'  itemprop=\"image\" ><img loading=\"lazy\" decoding=\"async\" width=\"180\" height=\"180\" src=\"https:\/\/vectormm.nl\/wp-content\/uploads\/2022\/01\/total.jpg\" class=\"attachment-square size-square\" alt=\"\" srcset=\"https:\/\/vectormm.nl\/wp-content\/uploads\/2022\/01\/total.jpg 180w, https:\/\/vectormm.nl\/wp-content\/uploads\/2022\/01\/total-80x80.jpg 80w, https:\/\/vectormm.nl\/wp-content\/uploads\/2022\/01\/total-36x36.jpg 36w\" sizes=\"auto, (max-width: 180px) 100vw, 180px\" \/><\/div><div class='avia-testimonial-meta-mini'  itemprop=\"author\" itemscope=\"itemscope\" itemtype=\"https:\/\/schema.org\/Person\" ><strong  class='avia-testimonial-name'  itemprop=\"name\" >Datenbasierte RCM\u2011Optimierung bei TotalEnergies<\/strong><\/div><\/div><\/div><\/div>\n<div class='avia-testimonial av-av_testimonial_single-ad4849344bbf2781d981c5d9a0fdeac6 avia-testimonial-row-1 flex_column no_margin av_one_half'><div class='avia-testimonial_inner'  itemscope=\"itemscope\" itemtype=\"https:\/\/schema.org\/CreativeWork\" ><div class='avia-testimonial-content '><div class='avia-testimonial-markup-entry-content'  itemprop=\"text\" ><p>Wie identifiziert und spezifiziert man Sicherheits- und Umweltkritische Elemente (SECEs) und integriert deren Verwaltung in das CMMS, wenn neue Richtlinien mehr Klarheit und Nachvollziehbarkeit verlangen? Bei ENI Energy richtete ein Team von VectorMM das Informationssystem so optimal ein, da\u03b2 die SECE Leistungen der Produktionsplattformen eindeutig, transparent und in Echtzeit erfasst und dargestellt werden k\u00f6nnen.<\/p>\n<\/div><\/div><div class=\"avia-testimonial-meta\"><div class=\"avia-testimonial-arrow-wrap\"><div class=\"avia-arrow\"><\/div><\/div><div class='avia-testimonial-image'  itemprop=\"image\" ><img loading=\"lazy\" decoding=\"async\" width=\"180\" height=\"180\" src=\"https:\/\/vectormm.nl\/wp-content\/uploads\/2026\/03\/eni-logo_200-180x180.jpg\" class=\"attachment-square size-square\" alt=\"\" srcset=\"https:\/\/vectormm.nl\/wp-content\/uploads\/2026\/03\/eni-logo_200-180x180.jpg 180w, https:\/\/vectormm.nl\/wp-content\/uploads\/2026\/03\/eni-logo_200-80x80.jpg 80w, https:\/\/vectormm.nl\/wp-content\/uploads\/2026\/03\/eni-logo_200-36x36.jpg 36w, https:\/\/vectormm.nl\/wp-content\/uploads\/2026\/03\/eni-logo_200.jpg 200w\" sizes=\"auto, (max-width: 180px) 100vw, 180px\" \/><\/div><div class='avia-testimonial-meta-mini'  itemprop=\"author\" itemscope=\"itemscope\" itemtype=\"https:\/\/schema.org\/Person\" ><strong  class='avia-testimonial-name'  itemprop=\"name\" >Gesicherte und transparente Verwaltung der SECEs bei ENI Energy<\/strong><\/div><\/div><\/div><\/div>\n<div class='avia-testimonial av-av_testimonial_single-17f28118185c73914b27a539842a006c avia-testimonial-row-1 flex_column no_margin av_one_half'><div class='avia-testimonial_inner'  itemscope=\"itemscope\" itemtype=\"https:\/\/schema.org\/CreativeWork\" ><div class='avia-testimonial-content '><div class='avia-testimonial-markup-entry-content'  itemprop=\"text\" ><p>Prozesse zu steuern und die richtigen Entscheidungen zu treffen, erfordert intelligente Unternehmensinformationssysteme. Auf Wunsch von TAQA integrierte VectorMM die Business Intelligence Software BICycle in ihre Systeme. Dabei erwies es sich als \u00e4u\u00dferst effektiv, auch externe Datenquellen anzubinden, wodurch viel manuelle Arbeit \u00fcberfl\u00fcssig wurde. Mit einem einfachen Mausklick kann der Kunde nun \u00fcbersichtliche Informationen aus gut strukturierten Dashboards generieren.<\/p>\n<\/div><\/div><div class=\"avia-testimonial-meta\"><div class=\"avia-testimonial-arrow-wrap\"><div class=\"avia-arrow\"><\/div><\/div><div class='avia-testimonial-image'  itemprop=\"image\" ><img loading=\"lazy\" decoding=\"async\" width=\"180\" height=\"180\" src=\"https:\/\/vectormm.nl\/wp-content\/uploads\/2026\/03\/taqa-logo_200-180x180.jpg\" class=\"attachment-square size-square\" alt=\"\" srcset=\"https:\/\/vectormm.nl\/wp-content\/uploads\/2026\/03\/taqa-logo_200-180x180.jpg 180w, https:\/\/vectormm.nl\/wp-content\/uploads\/2026\/03\/taqa-logo_200-80x80.jpg 80w, https:\/\/vectormm.nl\/wp-content\/uploads\/2026\/03\/taqa-logo_200-36x36.jpg 36w, https:\/\/vectormm.nl\/wp-content\/uploads\/2026\/03\/taqa-logo_200.jpg 200w\" sizes=\"auto, (max-width: 180px) 100vw, 180px\" \/><\/div><div class='avia-testimonial-meta-mini'  itemprop=\"author\" itemscope=\"itemscope\" itemtype=\"https:\/\/schema.org\/Person\" ><strong  class='avia-testimonial-name'  itemprop=\"name\" >Business-Intelligence-System f\u00fcr TAQA<\/strong><\/div><\/div><\/div><\/div>\n<\/section><div class='avia-slideshow-arrows avia-slideshow-controls' ><a href='#prev' class='prev-slide ' aria-hidden='true' data-av_icon='\ue87c' data-av_iconfont='entypo-fontello'  tabindex='-1'>Zur\u00fcck<\/a><a href='#next' class='next-slide ' aria-hidden='true' data-av_icon='\ue87d' data-av_iconfont='entypo-fontello'  tabindex='-1'>Weiter<\/a><\/div><\/div><br \/>\n<div  class='avia-button-wrap av-av_button-cfe503370282c9b6fa18d38e55986a48-wrap avia-button-center  avia-builder-el-17  el_after_av_testimonials  avia-builder-el-last  link-btn'><a href='https:\/\/vectormm.nl\/klanten-cases\/'  class='avia-button av-av_button-cfe503370282c9b6fa18d38e55986a48 avia-icon_select-no avia-size-small avia-position-center avia-color-theme-color'  ><span class='avia_iconbox_title' >Case Studies<\/span><\/a><\/div><\/p><\/div>\n\n","protected":false},"excerpt":{"rendered":"","protected":false},"author":1,"featured_media":0,"parent":2048,"menu_order":0,"comment_status":"closed","ping_status":"closed","template":"","meta":{"inline_featured_image":false,"footnotes":""},"class_list":["post-2064","page","type-page","status-publish","hentry"],"_links":{"self":[{"href":"https:\/\/vectormm.nl\/de\/wp-json\/wp\/v2\/pages\/2064","targetHints":{"allow":["GET"]}}],"collection":[{"href":"https:\/\/vectormm.nl\/de\/wp-json\/wp\/v2\/pages"}],"about":[{"href":"https:\/\/vectormm.nl\/de\/wp-json\/wp\/v2\/types\/page"}],"author":[{"embeddable":true,"href":"https:\/\/vectormm.nl\/de\/wp-json\/wp\/v2\/users\/1"}],"replies":[{"embeddable":true,"href":"https:\/\/vectormm.nl\/de\/wp-json\/wp\/v2\/comments?post=2064"}],"version-history":[{"count":0,"href":"https:\/\/vectormm.nl\/de\/wp-json\/wp\/v2\/pages\/2064\/revisions"}],"up":[{"embeddable":true,"href":"https:\/\/vectormm.nl\/de\/wp-json\/wp\/v2\/pages\/2048"}],"wp:attachment":[{"href":"https:\/\/vectormm.nl\/de\/wp-json\/wp\/v2\/media?parent=2064"}],"curies":[{"name":"wp","href":"https:\/\/api.w.org\/{rel}","templated":true}]}}